{"id":1159,"date":"2017-05-23T12:42:29","date_gmt":"2017-05-23T10:42:29","guid":{"rendered":"https:\/\/velosystem.com\/ciclista\/misurazione-ciclista\/"},"modified":"2019-01-25T12:13:31","modified_gmt":"2019-01-25T11:13:31","slug":"misurazione-ciclista","status":"publish","type":"page","link":"https:\/\/velosystem.com\/ciclista\/misurazione-ciclista\/?lang=en","title":{"rendered":"Measuring the Cyclist"},"content":{"rendered":"\n\t\t\t<!-- START misurazioneciclistica REVOLUTION SLIDER 6.6.20 --><p class=\"rs-p-wp-fix\"><\/p>\n\t\t\t<rs-module-wrap id=\"rev_slider_2_1_wrapper\" data-source=\"gallery\" style=\"visibility:hidden;background:transparent;padding:0;margin:0px auto;margin-top:0;margin-bottom:0;\">\n\t\t\t\t<rs-module id=\"rev_slider_2_1\" style=\"\" data-version=\"6.6.20\">\n\t\t\t\t\t<rs-slides style=\"overflow: hidden; position: absolute;\">\n\t\t\t\t\t\t<rs-slide style=\"position: absolute;\" data-key=\"rs-2\" data-title=\"Slide\" data-anim=\"adpr:false;\">\n\t\t\t\t\t\t\t<img decoding=\"async\" src=\"\/\/velosystem.com\/ciclista\/wp-content\/plugins\/revslider\/public\/assets\/assets\/dummy.png\" alt=\"\" title=\"Measuring the Cyclist\" class=\"rev-slidebg tp-rs-img rs-lazyload\" data-lazyload=\"\/\/velosystem.com\/ciclista\/wp-content\/uploads\/sites\/3\/2017\/09\/SIZE-PIEDI-8-1.jpg\" data-no-retina>\n<!---->\t\t\t\t\t\t<\/rs-slide>\n\t\t\t\t\t<\/rs-slides>\n\t\t\t\t<\/rs-module>\n\t\t\t\t<script>\n\t\t\t\t\tsetREVStartSize({c: 'rev_slider_2_1',rl:[1240,1024,778,480],el:[],gw:[1920],gh:[450],type:'standard',justify:'',layout:'fullwidth',mh:\"0\"});if (window.RS_MODULES!==undefined && window.RS_MODULES.modules!==undefined && window.RS_MODULES.modules[\"revslider21\"]!==undefined) {window.RS_MODULES.modules[\"revslider21\"].once = false;window.revapi2 = undefined;if (window.RS_MODULES.checkMinimal!==undefined) window.RS_MODULES.checkMinimal()}\n\t\t\t\t<\/script>\n\t\t\t<\/rs-module-wrap>\n\t\t\t<!-- END REVOLUTION SLIDER -->\n\n<h1 class=\"title\">Measuring the Cyclist<\/h1>\n<h2 class=\"title-product\">What is it<\/h2>\n<p>Measuring thecyclist is a data collection session, in which the cyclist&#8217;s body measurements are taken, via a set of specialised and specific equipment. <strong>The outcome is that with these measurements it is possible to pinpoint the individual&#8217;s ideal bike frame and position on the bike.<\/strong><\/p>\n<hr \/>\n<h2 class=\"title-product\">How is this achieved<\/h2>\n<p>By meticulously using the workpoint provided for taking measurements <strong>(SizeVelo_image or Antropovel\u00f2)<\/strong>, it unveils the following physical parameters:<\/p>\n<ul>\n<li><strong>Inside<\/strong> leg height<\/li>\n<li><strong>Torso<\/strong> length<\/li>\n<li><strong>Shoulder<\/strong> width<\/li>\n<li><strong>Height<\/strong><\/li>\n<li><strong>Arm<\/strong> length right and left<\/li>\n<li><strong>Femur<\/strong> length right and left<\/li>\n<li><strong>Leg<\/strong> length right and left<\/li>\n<\/ul>\n<p>This data is processed by Softvel\u00f2 and produces a tailor made position and offers the best possible bike frame to suit an individual&#8217;s body size.<br \/>\n<img loading=\"lazy\" decoding=\"async\" class=\"alignnone size-full wp-image-225\" style=\"margin: 20px 0px;\" src=\"https:\/\/velosystem.com\/ciclista\/wp-content\/uploads\/sites\/3\/2017\/09\/SIZE-2.jpg\" alt=\"\" width=\"1280\" height=\"599\" srcset=\"https:\/\/velosystem.com\/ciclista\/wp-content\/uploads\/sites\/3\/2017\/09\/SIZE-2.jpg 1280w, https:\/\/velosystem.com\/ciclista\/wp-content\/uploads\/sites\/3\/2017\/09\/SIZE-2-300x140.jpg 300w, https:\/\/velosystem.com\/ciclista\/wp-content\/uploads\/sites\/3\/2017\/09\/SIZE-2-768x359.jpg 768w, https:\/\/velosystem.com\/ciclista\/wp-content\/uploads\/sites\/3\/2017\/09\/SIZE-2-1024x479.jpg 1024w\" sizes=\"(max-width: 1280px) 100vw, 1280px\" \/><\/p>\n<h2 class=\"title-product\">Technical Specifications<\/h2>\n<p>The measurements of the cyclist&#8217;s body are done by a biomenchanical bike fit technician who uses the measuring equipment SizeVelo_image. <strong>Which then uses the photographic images that have been taken to make measurements.. Another possibility is using Antropovel\u00f2 which uses laser technology to collect the measurements.<\/strong><\/p>\n<p>This data is processed by Softvel\u00f2 which produces a tailor made position and offers the most suitable bike frame: <strong>road bike,mtb, time trial and enduro.<\/strong><\/p>\n<p>The combined use of the equipment Ischiovel\u00f2 and Cleatvel\u00f2 allow for a fully integrated set of data with the ideal cleat. <strong>Saddle and handlebar position via Softvel\u00f2.<\/strong><\/p>\n<hr \/>\n<h2 class=\"title-product\">What is it for?<\/h2>\n<p>Anthropometric measurements allow to:<\/p>\n<ul>\n<li><strong>Work out the most suited bike components and the ideal size<\/strong> of frame based on individual&#8217;s measurements before buying.<\/li>\n<li><strong>Ascertain the ideal position<\/strong> so that it can be readjusted in any given moment.<\/li>\n<li><strong>Monitor physical changes<\/strong> in the teams of young adolescents.<\/li>\n<\/ul>\n<p><img loading=\"lazy\" decoding=\"async\" class=\"alignnone size-full wp-image-222\" style=\"margin: 20px 0px;\" src=\"https:\/\/velosystem.com\/ciclista\/wp-content\/uploads\/sites\/3\/2017\/09\/ISCHIO-2.jpg\" alt=\"\" width=\"1280\" height=\"540\" srcset=\"https:\/\/velosystem.com\/ciclista\/wp-content\/uploads\/sites\/3\/2017\/09\/ISCHIO-2.jpg 1280w, https:\/\/velosystem.com\/ciclista\/wp-content\/uploads\/sites\/3\/2017\/09\/ISCHIO-2-300x127.jpg 300w, https:\/\/velosystem.com\/ciclista\/wp-content\/uploads\/sites\/3\/2017\/09\/ISCHIO-2-768x324.jpg 768w, https:\/\/velosystem.com\/ciclista\/wp-content\/uploads\/sites\/3\/2017\/09\/ISCHIO-2-1024x432.jpg 1024w\" sizes=\"(max-width: 1280px) 100vw, 1280px\" \/><\/p>\n<h2 class=\"title-product\">Who is it for<\/h2>\n<p><strong>For all cyclists of every age, level and sex.<\/strong><\/p>\n<hr \/>\n<h2 class=\"title-product\">Benefits<\/h2>\n<ul>\n<li><strong>Identify the ideal bike frame<\/strong>, in relation to sector, brand and model.<\/li>\n<li><strong>Identify and regulate the ideal components<\/strong>: cleats, saddle and handlebars<\/li>\n<li><strong>Identify the ideal position for the different sectors<\/strong>: road cycling, time trial, mtb and enduro.<\/li>\n<\/ul>\n<div class='row'><div style='padding-bottom:;' class='span12 first-module module_number_1 module_cont  module_gallery'><div class='list-of-images images_in_a_row_4'>\n                        <div class=\"gallery_item\">\n\t\t\t\t\t\t\t<div class=\"gallery_item_padding\">\n\t\t\t\t\t\t\t\t<div class=\"gallery_item_wrapper\"><a href=\"https:\/\/velosystem.com\/ciclista\/wp-content\/uploads\/sites\/3\/2017\/09\/SIZE-2.jpg\" class=\"swipebox\" title=\"SizeVel\u00f2 \u00e8 l\u2019innovativa postazione per la misura antropometrica del ciclista.\"><\/a><img loading=\"lazy\" decoding=\"async\" class=\"gallery-stand-img\" src=\"https:\/\/velosystem.com\/ciclista\/wp-content\/uploads\/sites\/3\/2017\/09\/SIZE-2-570x368.jpg\" alt=\"SizeVel\u00f2 \u00e8 l\u2019innovativa postazione per la misura antropometrica del ciclista.\" width=\"570\" height=\"368\">\n\t\t\t\t\t\t\t\t\t<div class=\"gallery_fadder\"><\/div>\n\t\t\t\t\t\t\t\t\t<span class=\"featured_items_ico\"><\/span>\n\t\t\t\t\t\t\t\t<\/div>\n\t\t\t\t\t\t\t<\/div>\n                        <\/div>\n                        \n                        <div class=\"gallery_item\">\n\t\t\t\t\t\t\t<div class=\"gallery_item_padding\">\n\t\t\t\t\t\t\t\t<div class=\"gallery_item_wrapper\"><a href=\"https:\/\/velosystem.com\/ciclista\/wp-content\/uploads\/sites\/3\/2017\/09\/SIZE-4.jpg\" class=\"swipebox\" title=\"SizeVel\u00f2 \u00e8 rivolto meccanici o negozianti e ai tecnici biomeccanici o bike fitter.\"><\/a><img loading=\"lazy\" decoding=\"async\" class=\"gallery-stand-img\" src=\"https:\/\/velosystem.com\/ciclista\/wp-content\/uploads\/sites\/3\/2017\/09\/SIZE-4-570x368.jpg\" alt=\"SizeVel\u00f2 \u00e8 rivolto meccanici o negozianti e ai tecnici biomeccanici o bike fitter.\" width=\"570\" height=\"368\">\n\t\t\t\t\t\t\t\t\t<div class=\"gallery_fadder\"><\/div>\n\t\t\t\t\t\t\t\t\t<span class=\"featured_items_ico\"><\/span>\n\t\t\t\t\t\t\t\t<\/div>\n\t\t\t\t\t\t\t<\/div>\n                        <\/div>\n                        \n                        <div class=\"gallery_item\">\n\t\t\t\t\t\t\t<div class=\"gallery_item_padding\">\n\t\t\t\t\t\t\t\t<div class=\"gallery_item_wrapper\"><a href=\"https:\/\/velosystem.com\/ciclista\/wp-content\/uploads\/sites\/3\/2017\/09\/SIZE-9.jpg\" class=\"swipebox\" title=\"Sizevel\u00f2 strumenti per la misurazione ciclicstica\"><\/a><img loading=\"lazy\" decoding=\"async\" class=\"gallery-stand-img\" src=\"https:\/\/velosystem.com\/ciclista\/wp-content\/uploads\/sites\/3\/2017\/09\/SIZE-9-570x368.jpg\" alt=\"Sizevel\u00f2 strumenti per la misurazione ciclicstica\" width=\"570\" height=\"368\">\n\t\t\t\t\t\t\t\t\t<div class=\"gallery_fadder\"><\/div>\n\t\t\t\t\t\t\t\t\t<span class=\"featured_items_ico\"><\/span>\n\t\t\t\t\t\t\t\t<\/div>\n\t\t\t\t\t\t\t<\/div>\n                        <\/div>\n                        \n                        <div class=\"gallery_item\">\n\t\t\t\t\t\t\t<div class=\"gallery_item_padding\">\n\t\t\t\t\t\t\t\t<div class=\"gallery_item_wrapper\"><a href=\"https:\/\/velosystem.com\/ciclista\/wp-content\/uploads\/sites\/3\/2017\/09\/SIZE-PIEDI-8.jpg\" class=\"swipebox\" title=\"Pavimentazione ad incastro per collegamento e passaggio cavi\"><\/a><img loading=\"lazy\" decoding=\"async\" class=\"gallery-stand-img\" src=\"https:\/\/velosystem.com\/ciclista\/wp-content\/uploads\/sites\/3\/2017\/09\/SIZE-PIEDI-8-570x368.jpg\" alt=\"Pavimentazione ad incastro per collegamento e passaggio cavi\" width=\"570\" height=\"368\">\n\t\t\t\t\t\t\t\t\t<div class=\"gallery_fadder\"><\/div>\n\t\t\t\t\t\t\t\t\t<span class=\"featured_items_ico\"><\/span>\n\t\t\t\t\t\t\t\t<\/div>\n\t\t\t\t\t\t\t<\/div>\n                        <\/div>\n                        \n                        <div class=\"gallery_item\">\n\t\t\t\t\t\t\t<div class=\"gallery_item_padding\">\n\t\t\t\t\t\t\t\t<div class=\"gallery_item_wrapper\"><a href=\"https:\/\/velosystem.com\/ciclista\/wp-content\/uploads\/sites\/3\/2017\/09\/ISCHIO-2.jpg\" class=\"swipebox\" title=\"Ischiovel\u00f2 per la misurazione della larghezza ischiatica\"><\/a><img loading=\"lazy\" decoding=\"async\" class=\"gallery-stand-img\" src=\"https:\/\/velosystem.com\/ciclista\/wp-content\/uploads\/sites\/3\/2017\/09\/ISCHIO-2-570x368.jpg\" alt=\"Ischiovel\u00f2 per la misurazione della larghezza ischiatica\" width=\"570\" height=\"368\">\n\t\t\t\t\t\t\t\t\t<div class=\"gallery_fadder\"><\/div>\n\t\t\t\t\t\t\t\t\t<span class=\"featured_items_ico\"><\/span>\n\t\t\t\t\t\t\t\t<\/div>\n\t\t\t\t\t\t\t<\/div>\n                        <\/div>\n                        \n                        <div class=\"gallery_item\">\n\t\t\t\t\t\t\t<div class=\"gallery_item_padding\">\n\t\t\t\t\t\t\t\t<div class=\"gallery_item_wrapper\"><a href=\"https:\/\/velosystem.com\/ciclista\/wp-content\/uploads\/sites\/3\/2017\/09\/ISCHIO-3.jpg\" class=\"swipebox\" title=\"tester per la misurazione della larghezza ischiatica\"><\/a><img loading=\"lazy\" decoding=\"async\" class=\"gallery-stand-img\" src=\"https:\/\/velosystem.com\/ciclista\/wp-content\/uploads\/sites\/3\/2017\/09\/ISCHIO-3-570x368.jpg\" alt=\"tester per la misurazione della larghezza ischiatica\" width=\"570\" height=\"368\">\n\t\t\t\t\t\t\t\t\t<div class=\"gallery_fadder\"><\/div>\n\t\t\t\t\t\t\t\t\t<span class=\"featured_items_ico\"><\/span>\n\t\t\t\t\t\t\t\t<\/div>\n\t\t\t\t\t\t\t<\/div>\n                        <\/div>\n                        \n                        <div class=\"gallery_item\">\n\t\t\t\t\t\t\t<div class=\"gallery_item_padding\">\n\t\t\t\t\t\t\t\t<div class=\"gallery_item_wrapper\"><a href=\"https:\/\/velosystem.com\/ciclista\/wp-content\/uploads\/sites\/3\/2017\/09\/ISCHIO-4.jpg\" class=\"swipebox\" title=\"Ischio velo tester biomeccanica\"><\/a><img loading=\"lazy\" decoding=\"async\" class=\"gallery-stand-img\" src=\"https:\/\/velosystem.com\/ciclista\/wp-content\/uploads\/sites\/3\/2017\/09\/ISCHIO-4-570x368.jpg\" alt=\"Ischio velo tester biomeccanica\" width=\"570\" height=\"368\">\n\t\t\t\t\t\t\t\t\t<div class=\"gallery_fadder\"><\/div>\n\t\t\t\t\t\t\t\t\t<span class=\"featured_items_ico\"><\/span>\n\t\t\t\t\t\t\t\t<\/div>\n\t\t\t\t\t\t\t<\/div>\n                        <\/div>\n                        \n                        <div class=\"gallery_item\">\n\t\t\t\t\t\t\t<div class=\"gallery_item_padding\">\n\t\t\t\t\t\t\t\t<div class=\"gallery_item_wrapper\"><a href=\"https:\/\/velosystem.com\/ciclista\/wp-content\/uploads\/sites\/3\/2017\/09\/ISCHIO-1.jpg\" class=\"swipebox\" title=\"Postazione di seduta per la rilevazione dei larghezza ischiatica e flessibilit\u00e0\"><\/a><img loading=\"lazy\" decoding=\"async\" class=\"gallery-stand-img\" src=\"https:\/\/velosystem.com\/ciclista\/wp-content\/uploads\/sites\/3\/2017\/09\/ISCHIO-1-570x368.jpg\" alt=\"Postazione di seduta per la rilevazione dei larghezza ischiatica e flessibilit\u00e0\" width=\"570\" height=\"368\">\n\t\t\t\t\t\t\t\t\t<div class=\"gallery_fadder\"><\/div>\n\t\t\t\t\t\t\t\t\t<span class=\"featured_items_ico\"><\/span>\n\t\t\t\t\t\t\t\t<\/div>\n\t\t\t\t\t\t\t<\/div>\n                        <\/div>\n                        \n            <div class='clear'><\/div>\n            <\/div>\n            <\/div><!-- .module_cont --><\/div>","protected":false},"excerpt":{"rendered":"<p>Measuring the Cyclist What is it Measuring thecyclist is a data collection session, in which the cyclist&#8217;s body measurements are taken, via a set of specialised and specific equipment. The outcome is that with these measurements it is possible to pinpoint the individual&#8217;s ideal bike frame and position on the bike. How is this achieved By meticulously using the workpoint provided for taking measurements (SizeVelo_image or Antropovel\u00f2), it unveils the following physical parameters: Inside leg height Torso length Shoulder width Height Arm length right and left Femur length right and left Leg length right and left This data is processed by Softvel\u00f2 and produces a tailor made position and offers the best possible bike frame to suit an individual&#8217;s body size. Technical Specifications The measurements of the cyclist&#8217;s body are done by a biomenchanical bike fit technician who uses the measuring equipment SizeVelo_image. Which then uses the photographic images that have been taken to make measurements.. Another possibility is using Antropovel\u00f2 which uses laser technology to collect the measurements. This data is processed by Softvel\u00f2 which produces a tailor made position and offers the most suitable bike frame: road bike,mtb, time trial and enduro. The combined use of the equipment [&hellip;]<\/p>\n","protected":false},"author":1,"featured_media":0,"parent":0,"menu_order":1,"comment_status":"closed","ping_status":"closed","template":"","meta":{"_acf_changed":false,"footnotes":""},"acf":[],"_links":{"self":[{"href":"https:\/\/velosystem.com\/ciclista\/wp-json\/wp\/v2\/pages\/1159"}],"collection":[{"href":"https:\/\/velosystem.com\/ciclista\/wp-json\/wp\/v2\/pages"}],"about":[{"href":"https:\/\/velosystem.com\/ciclista\/wp-json\/wp\/v2\/types\/page"}],"author":[{"embeddable":true,"href":"https:\/\/velosystem.com\/ciclista\/wp-json\/wp\/v2\/users\/1"}],"replies":[{"embeddable":true,"href":"https:\/\/velosystem.com\/ciclista\/wp-json\/wp\/v2\/comments?post=1159"}],"version-history":[{"count":3,"href":"https:\/\/velosystem.com\/ciclista\/wp-json\/wp\/v2\/pages\/1159\/revisions"}],"predecessor-version":[{"id":1162,"href":"https:\/\/velosystem.com\/ciclista\/wp-json\/wp\/v2\/pages\/1159\/revisions\/1162"}],"wp:attachment":[{"href":"https:\/\/velosystem.com\/ciclista\/wp-json\/wp\/v2\/media?parent=1159"}],"curies":[{"name":"wp","href":"https:\/\/api.w.org\/{rel}","templated":true}]}}