{"id":160,"date":"2017-08-31T12:18:26","date_gmt":"2017-08-31T10:18:26","guid":{"rendered":"https:\/\/velosystem.com\/ciclista\/?page_id=160"},"modified":"2018-09-27T16:15:09","modified_gmt":"2018-09-27T14:15:09","slug":"definizione-appoggi","status":"publish","type":"page","link":"https:\/\/velosystem.com\/ciclista\/definizione-appoggi\/","title":{"rendered":"Definizione Appoggi"},"content":{"rendered":"\n\t\t\t<!-- START definizioneappoggi REVOLUTION SLIDER 6.6.20 --><p class=\"rs-p-wp-fix\"><\/p>\n\t\t\t<rs-module-wrap id=\"rev_slider_11_1_wrapper\" data-source=\"gallery\" style=\"visibility:hidden;background:transparent;padding:0;margin:0px auto;margin-top:0;margin-bottom:0;\">\n\t\t\t\t<rs-module id=\"rev_slider_11_1\" style=\"\" data-version=\"6.6.20\">\n\t\t\t\t\t<rs-slides style=\"overflow: hidden; position: absolute;\">\n\t\t\t\t\t\t<rs-slide style=\"position: absolute;\" data-key=\"rs-11\" data-title=\"Slide\" data-anim=\"adpr:false;\">\n\t\t\t\t\t\t\t<img decoding=\"async\" src=\"\/\/velosystem.com\/ciclista\/wp-content\/plugins\/revslider\/public\/assets\/assets\/dummy.png\" alt=\"\" title=\"Definizione Appoggi\" class=\"rev-slidebg tp-rs-img rs-lazyload\" data-lazyload=\"\/\/velosystem.com\/ciclista\/wp-content\/uploads\/sites\/3\/2017\/09\/CLEAT-13-1.jpg\" data-no-retina>\n<!---->\t\t\t\t\t\t<\/rs-slide>\n\t\t\t\t\t<\/rs-slides>\n\t\t\t\t<\/rs-module>\n\t\t\t\t<script>\n\t\t\t\t\tsetREVStartSize({c: 'rev_slider_11_1',rl:[1240,1024,778,480],el:[],gw:[1920],gh:[450],type:'standard',justify:'',layout:'fullwidth',mh:\"0\"});if (window.RS_MODULES!==undefined && window.RS_MODULES.modules!==undefined && window.RS_MODULES.modules[\"revslider111\"]!==undefined) {window.RS_MODULES.modules[\"revslider111\"].once = false;window.revapi11 = undefined;if (window.RS_MODULES.checkMinimal!==undefined) window.RS_MODULES.checkMinimal()}\n\t\t\t\t<\/script>\n\t\t\t<\/rs-module-wrap>\n\t\t\t<!-- END REVOLUTION SLIDER -->\n\n<h1 class=\"title\">Definizione Appoggi<\/h1>\n<h2 class=\"title-product\">Che cos&#8217;\u00e8<\/h2>\n<p>La \u201cRegolazione degli appoggi\u201d \u00e8 il <strong>servizio composto<\/strong> che consente di <strong>ottimizzare il collegamento corpo bicicletta<\/strong> per il miglior comfort e performance.<\/p>\n<hr \/>\n<h2 class=\"title-product\">Cosa comprende<\/h2>\n<p>La \u201cRegolazione degli appoggi\u201d \u00e8 la somma dei 3 servizio singoli:<\/p>\n<ol>\n<li><strong>Regolazione Tacchette<\/strong><\/li>\n<li><strong>Ricerca sella ideale<\/strong><\/li>\n<li><strong>Ricerca manubrio ideale<\/strong><\/li>\n<\/ol>\n<p><img loading=\"lazy\" decoding=\"async\" class=\"alignnone size-full wp-image-251\" style=\"margin: 20px 0px\" src=\"https:\/\/velosystem.com\/ciclista\/wp-content\/uploads\/sites\/3\/2017\/09\/ISCHIO-5.jpg\" alt=\"\" width=\"1280\" height=\"540\" srcset=\"https:\/\/velosystem.com\/ciclista\/wp-content\/uploads\/sites\/3\/2017\/09\/ISCHIO-5.jpg 1280w, https:\/\/velosystem.com\/ciclista\/wp-content\/uploads\/sites\/3\/2017\/09\/ISCHIO-5-300x127.jpg 300w, https:\/\/velosystem.com\/ciclista\/wp-content\/uploads\/sites\/3\/2017\/09\/ISCHIO-5-768x324.jpg 768w, https:\/\/velosystem.com\/ciclista\/wp-content\/uploads\/sites\/3\/2017\/09\/ISCHIO-5-1024x432.jpg 1024w\" sizes=\"(max-width: 1280px) 100vw, 1280px\" \/><\/p>\n<h2 class=\"title-product\">A chi \u00e8 rivolto<\/h2>\n<p>A<strong> tutti i ciclisti<\/strong> di ogni et\u00e0 sesso e livello intenti al cambio di uno o pi\u00f9 componenti o che desiderino migliorare <strong>ergonomia<\/strong> e <strong>comfort<\/strong> degli appoggi.<\/p>\n<hr \/>\n<h2 class=\"title-product\">Vantaggi<\/h2>\n<ul>\n<li>Indicazione di <strong>corretto acquisto di componenti<\/strong> (dimensioni e forma).<\/li>\n<li>Miglioramento di <strong>comfort<\/strong> e <strong>performance<\/strong> degli appoggi.<\/li>\n<\/ul>\n<div class='row'><div style='padding-bottom:;' class='span12 first-module module_number_1 module_cont  module_gallery'><div class='list-of-images images_in_a_row_4'>\n                        <div class=\"gallery_item\">\n\t\t\t\t\t\t\t<div class=\"gallery_item_padding\">\n\t\t\t\t\t\t\t\t<div class=\"gallery_item_wrapper\"><a href=\"https:\/\/velosystem.com\/ciclista\/wp-content\/uploads\/sites\/3\/2017\/09\/CLEAT-4.jpg\" class=\"swipebox\" title=\"CleatVel\u00f2_Tablet si compone di una base in plexiglass nero su cui sono stampati e applicati i riferimenti grafici e meccanici\"><\/a><img loading=\"lazy\" decoding=\"async\" class=\"gallery-stand-img\" src=\"https:\/\/velosystem.com\/ciclista\/wp-content\/uploads\/sites\/3\/2017\/09\/CLEAT-4-570x368.jpg\" alt=\"CleatVel\u00f2_Tablet si compone di una base in plexiglass nero su cui sono stampati e applicati i riferimenti grafici e meccanici\" width=\"570\" height=\"368\">\n\t\t\t\t\t\t\t\t\t<div class=\"gallery_fadder\"><\/div>\n\t\t\t\t\t\t\t\t\t<span class=\"featured_items_ico\"><\/span>\n\t\t\t\t\t\t\t\t<\/div>\n\t\t\t\t\t\t\t<\/div>\n                        <\/div>\n                        \n                        <div class=\"gallery_item\">\n\t\t\t\t\t\t\t<div class=\"gallery_item_padding\">\n\t\t\t\t\t\t\t\t<div class=\"gallery_item_wrapper\"><a href=\"https:\/\/velosystem.com\/ciclista\/wp-content\/uploads\/sites\/3\/2017\/09\/CLEAT-13.jpg\" class=\"swipebox\" title=\"CleatVel\u00f2_Tablet si compone di una base vin plexiglass con i riferimenti grafici e meccanici\"><\/a><img loading=\"lazy\" decoding=\"async\" class=\"gallery-stand-img\" src=\"https:\/\/velosystem.com\/ciclista\/wp-content\/uploads\/sites\/3\/2017\/09\/CLEAT-13-570x368.jpg\" alt=\"CleatVel\u00f2_Tablet si compone di una base vin plexiglass con i riferimenti grafici e meccanici\" width=\"570\" height=\"368\">\n\t\t\t\t\t\t\t\t\t<div class=\"gallery_fadder\"><\/div>\n\t\t\t\t\t\t\t\t\t<span class=\"featured_items_ico\"><\/span>\n\t\t\t\t\t\t\t\t<\/div>\n\t\t\t\t\t\t\t<\/div>\n                        <\/div>\n                        \n                        <div class=\"gallery_item\">\n\t\t\t\t\t\t\t<div class=\"gallery_item_padding\">\n\t\t\t\t\t\t\t\t<div class=\"gallery_item_wrapper\"><a href=\"https:\/\/velosystem.com\/ciclista\/wp-content\/uploads\/sites\/3\/2017\/05\/CLEAT-TB-grafica-4.jpg\" class=\"swipebox\" title=\"Il CleatVel\u00f2_Tablet \u00e8 rivolto a meccanici, negozianti, tecnici biomeccanici, bike fitter.\"><\/a><img loading=\"lazy\" decoding=\"async\" class=\"gallery-stand-img\" src=\"https:\/\/velosystem.com\/ciclista\/wp-content\/uploads\/sites\/3\/2017\/05\/CLEAT-TB-grafica-4-570x368.jpg\" alt=\"Il CleatVel\u00f2_Tablet \u00e8 rivolto a meccanici, negozianti, tecnici biomeccanici, bike fitter.\" width=\"570\" height=\"368\">\n\t\t\t\t\t\t\t\t\t<div class=\"gallery_fadder\"><\/div>\n\t\t\t\t\t\t\t\t\t<span class=\"featured_items_ico\"><\/span>\n\t\t\t\t\t\t\t\t<\/div>\n\t\t\t\t\t\t\t<\/div>\n                        <\/div>\n                        \n                        <div class=\"gallery_item\">\n\t\t\t\t\t\t\t<div class=\"gallery_item_padding\">\n\t\t\t\t\t\t\t\t<div class=\"gallery_item_wrapper\"><a href=\"https:\/\/velosystem.com\/ciclista\/wp-content\/uploads\/sites\/3\/2017\/09\/ISCHIO-4.jpg\" class=\"swipebox\" title=\"Ischio velo tester biomeccanica\"><\/a><img loading=\"lazy\" decoding=\"async\" class=\"gallery-stand-img\" src=\"https:\/\/velosystem.com\/ciclista\/wp-content\/uploads\/sites\/3\/2017\/09\/ISCHIO-4-570x368.jpg\" alt=\"Ischio velo tester biomeccanica\" width=\"570\" height=\"368\">\n\t\t\t\t\t\t\t\t\t<div class=\"gallery_fadder\"><\/div>\n\t\t\t\t\t\t\t\t\t<span class=\"featured_items_ico\"><\/span>\n\t\t\t\t\t\t\t\t<\/div>\n\t\t\t\t\t\t\t<\/div>\n                        <\/div>\n                        \n                        <div class=\"gallery_item\">\n\t\t\t\t\t\t\t<div class=\"gallery_item_padding\">\n\t\t\t\t\t\t\t\t<div class=\"gallery_item_wrapper\"><a href=\"https:\/\/velosystem.com\/ciclista\/wp-content\/uploads\/sites\/3\/2017\/09\/ISCHIO-5.jpg\" class=\"swipebox\" title=\"sistema per la ricerca della sella ideale del ciclista\"><\/a><img loading=\"lazy\" decoding=\"async\" class=\"gallery-stand-img\" src=\"https:\/\/velosystem.com\/ciclista\/wp-content\/uploads\/sites\/3\/2017\/09\/ISCHIO-5-570x368.jpg\" alt=\"sistema per la ricerca della sella ideale del ciclista\" width=\"570\" height=\"368\">\n\t\t\t\t\t\t\t\t\t<div class=\"gallery_fadder\"><\/div>\n\t\t\t\t\t\t\t\t\t<span class=\"featured_items_ico\"><\/span>\n\t\t\t\t\t\t\t\t<\/div>\n\t\t\t\t\t\t\t<\/div>\n                        <\/div>\n                        \n                        <div class=\"gallery_item\">\n\t\t\t\t\t\t\t<div class=\"gallery_item_padding\">\n\t\t\t\t\t\t\t\t<div class=\"gallery_item_wrapper\"><a href=\"https:\/\/velosystem.com\/ciclista\/wp-content\/uploads\/sites\/3\/2017\/09\/MEASURE-SZS-2.jpg\" class=\"swipebox\" title=\"Regolazione della sella per ciclismo\"><\/a><img loading=\"lazy\" decoding=\"async\" class=\"gallery-stand-img\" src=\"https:\/\/velosystem.com\/ciclista\/wp-content\/uploads\/sites\/3\/2017\/09\/MEASURE-SZS-2-570x368.jpg\" alt=\"Regolazione della sella per ciclismo\" width=\"570\" height=\"368\">\n\t\t\t\t\t\t\t\t\t<div class=\"gallery_fadder\"><\/div>\n\t\t\t\t\t\t\t\t\t<span class=\"featured_items_ico\"><\/span>\n\t\t\t\t\t\t\t\t<\/div>\n\t\t\t\t\t\t\t<\/div>\n                        <\/div>\n                        \n                        <div class=\"gallery_item\">\n\t\t\t\t\t\t\t<div class=\"gallery_item_padding\">\n\t\t\t\t\t\t\t\t<div class=\"gallery_item_wrapper\"><a href=\"https:\/\/velosystem.com\/ciclista\/wp-content\/uploads\/sites\/3\/2017\/09\/DYNA-18.jpg\" class=\"swipebox\" title=\"simulatore biomeccanico per la posizione ideale per ogni specialit\u00e0 nel ciclismo\"><\/a><img loading=\"lazy\" decoding=\"async\" class=\"gallery-stand-img\" src=\"https:\/\/velosystem.com\/ciclista\/wp-content\/uploads\/sites\/3\/2017\/09\/DYNA-18-570x368.jpg\" alt=\"simulatore biomeccanico per la posizione ideale per ogni specialit\u00e0 nel ciclismo\" width=\"570\" height=\"368\">\n\t\t\t\t\t\t\t\t\t<div class=\"gallery_fadder\"><\/div>\n\t\t\t\t\t\t\t\t\t<span class=\"featured_items_ico\"><\/span>\n\t\t\t\t\t\t\t\t<\/div>\n\t\t\t\t\t\t\t<\/div>\n                        <\/div>\n                        \n                        <div class=\"gallery_item\">\n\t\t\t\t\t\t\t<div class=\"gallery_item_padding\">\n\t\t\t\t\t\t\t\t<div class=\"gallery_item_wrapper\"><a href=\"https:\/\/velosystem.com\/ciclista\/wp-content\/uploads\/sites\/3\/2017\/09\/MEASURE-8.jpg\" class=\"swipebox\" title=\"DeskMeasureVel\u00f2 \u00e8 il banco di misurazione professionale per la bicicletta.\"><\/a><img loading=\"lazy\" decoding=\"async\" class=\"gallery-stand-img\" src=\"https:\/\/velosystem.com\/ciclista\/wp-content\/uploads\/sites\/3\/2017\/09\/MEASURE-8-570x368.jpg\" alt=\"DeskMeasureVel\u00f2 \u00e8 il banco di misurazione professionale per la bicicletta.\" width=\"570\" height=\"368\">\n\t\t\t\t\t\t\t\t\t<div class=\"gallery_fadder\"><\/div>\n\t\t\t\t\t\t\t\t\t<span class=\"featured_items_ico\"><\/span>\n\t\t\t\t\t\t\t\t<\/div>\n\t\t\t\t\t\t\t<\/div>\n                        <\/div>\n                        \n            <div class='clear'><\/div>\n            <\/div>\n            <\/div><!-- .module_cont --><\/div>","protected":false},"excerpt":{"rendered":"<p>Definizione Appoggi Che cos&#8217;\u00e8 La \u201cRegolazione degli appoggi\u201d \u00e8 il servizio composto che consente di ottimizzare il collegamento corpo bicicletta per il miglior comfort e performance. Cosa comprende La \u201cRegolazione degli appoggi\u201d \u00e8 la somma dei 3 servizio singoli: Regolazione Tacchette Ricerca sella ideale Ricerca manubrio ideale A chi \u00e8 rivolto A tutti i ciclisti di ogni et\u00e0 sesso e livello intenti al cambio di uno o pi\u00f9 componenti o che desiderino migliorare ergonomia e comfort degli appoggi. Vantaggi Indicazione di corretto acquisto di componenti (dimensioni e forma). Miglioramento di comfort e performance degli appoggi.<\/p>\n","protected":false},"author":1,"featured_media":0,"parent":0,"menu_order":0,"comment_status":"closed","ping_status":"closed","template":"","meta":{"_acf_changed":false,"footnotes":""},"acf":[],"_links":{"self":[{"href":"https:\/\/velosystem.com\/ciclista\/wp-json\/wp\/v2\/pages\/160"}],"collection":[{"href":"https:\/\/velosystem.com\/ciclista\/wp-json\/wp\/v2\/pages"}],"about":[{"href":"https:\/\/velosystem.com\/ciclista\/wp-json\/wp\/v2\/types\/page"}],"author":[{"embeddable":true,"href":"https:\/\/velosystem.com\/ciclista\/wp-json\/wp\/v2\/users\/1"}],"replies":[{"embeddable":true,"href":"https:\/\/velosystem.com\/ciclista\/wp-json\/wp\/v2\/comments?post=160"}],"version-history":[{"count":10,"href":"https:\/\/velosystem.com\/ciclista\/wp-json\/wp\/v2\/pages\/160\/revisions"}],"predecessor-version":[{"id":881,"href":"https:\/\/velosystem.com\/ciclista\/wp-json\/wp\/v2\/pages\/160\/revisions\/881"}],"wp:attachment":[{"href":"https:\/\/velosystem.com\/ciclista\/wp-json\/wp\/v2\/media?parent=160"}],"curies":[{"name":"wp","href":"https:\/\/api.w.org\/{rel}","templated":true}]}}