{"id":164,"date":"2017-08-31T12:38:18","date_gmt":"2017-08-31T10:38:18","guid":{"rendered":"https:\/\/velosystem.com\/ciclista\/?page_id=164"},"modified":"2020-01-09T17:51:54","modified_gmt":"2020-01-09T16:51:54","slug":"misurazione-biomeccanica","status":"publish","type":"page","link":"https:\/\/velosystem.com\/ciclista\/misurazione-biomeccanica\/","title":{"rendered":"Misurazione Biomeccanica"},"content":{"rendered":"\n\t\t\t<!-- START misurazionebiomeccanica REVOLUTION SLIDER 6.6.20 --><p class=\"rs-p-wp-fix\"><\/p>\n\t\t\t<rs-module-wrap id=\"rev_slider_12_1_wrapper\" data-source=\"gallery\" style=\"visibility:hidden;background:transparent;padding:0;margin:0px auto;margin-top:0;margin-bottom:0;\">\n\t\t\t\t<rs-module id=\"rev_slider_12_1\" style=\"\" data-version=\"6.6.20\">\n\t\t\t\t\t<rs-slides style=\"overflow: hidden; position: absolute;\">\n\t\t\t\t\t\t<rs-slide style=\"position: absolute;\" data-key=\"rs-12\" data-title=\"Slide\" data-anim=\"adpr:false;\">\n\t\t\t\t\t\t\t<img decoding=\"async\" src=\"\/\/velosystem.com\/ciclista\/wp-content\/plugins\/revslider\/public\/assets\/assets\/dummy.png\" alt=\"\" title=\"Misurazione Biomeccanica\" class=\"rev-slidebg tp-rs-img rs-lazyload\" data-lazyload=\"\/\/velosystem.com\/ciclista\/wp-content\/uploads\/sites\/3\/2017\/09\/MEASURE-SZS-2-1.jpg\" data-no-retina>\n<!---->\t\t\t\t\t\t<\/rs-slide>\n\t\t\t\t\t<\/rs-slides>\n\t\t\t\t<\/rs-module>\n\t\t\t\t<script>\n\t\t\t\t\tsetREVStartSize({c: 'rev_slider_12_1',rl:[1240,1024,778,480],el:[],gw:[1920],gh:[450],type:'standard',justify:'',layout:'fullwidth',mh:\"0\"});if (window.RS_MODULES!==undefined && window.RS_MODULES.modules!==undefined && window.RS_MODULES.modules[\"revslider121\"]!==undefined) {window.RS_MODULES.modules[\"revslider121\"].once = false;window.revapi12 = undefined;if (window.RS_MODULES.checkMinimal!==undefined) window.RS_MODULES.checkMinimal()}\n\t\t\t\t<\/script>\n\t\t\t<\/rs-module-wrap>\n\t\t\t<!-- END REVOLUTION SLIDER -->\n\n<h1 class=\"title\">Misurazione Biomeccanica<\/h1>\n<h2 class=\"title-product\">Che cos&#8217;\u00e8<\/h2>\n<p>La \u201cMisurazione biomeccanica\u201d \u00e8 il servizio composto che permette di <strong>ottimizzare la scelta degli appoggi<\/strong>, la loro <strong>regolazione<\/strong> nello spazio nonch\u00e9 la scelta della <strong>taglia ideale<\/strong> del telaio in seguito alla rilevazione delle misure corporee.<\/p>\n<hr \/>\n<h2 class=\"title-product\">Cosa comprende<\/h2>\n<p>La \u201cMisurazione biomeccanica\u201d \u00e8 composta dai seguenti servizi singoli:<\/p>\n<ol>\n<li><strong>Misurazione antropometrica<\/strong><\/li>\n<li><strong>Regolazione Tacchette<\/strong><\/li>\n<li>Ricerca <strong>sella ideale<\/strong><\/li>\n<li>Ricerca <strong>manubrio ideale<\/strong><\/li>\n<li><strong>Valutazione Statica Assetto<\/strong><\/li>\n<\/ol>\n<p><img loading=\"lazy\" decoding=\"async\" class=\"alignnone size-full wp-image-227\" style=\"margin: 20px 0px\" src=\"https:\/\/velosystem.com\/ciclista\/wp-content\/uploads\/sites\/3\/2017\/09\/SIZE-9.jpg\" alt=\"\" width=\"1280\" height=\"540\" srcset=\"https:\/\/velosystem.com\/ciclista\/wp-content\/uploads\/sites\/3\/2017\/09\/SIZE-9.jpg 1280w, https:\/\/velosystem.com\/ciclista\/wp-content\/uploads\/sites\/3\/2017\/09\/SIZE-9-300x127.jpg 300w, https:\/\/velosystem.com\/ciclista\/wp-content\/uploads\/sites\/3\/2017\/09\/SIZE-9-768x324.jpg 768w, https:\/\/velosystem.com\/ciclista\/wp-content\/uploads\/sites\/3\/2017\/09\/SIZE-9-1024x432.jpg 1024w\" sizes=\"(max-width: 1280px) 100vw, 1280px\" \/><\/p>\n<h2 class=\"title-product\">A chi \u00e8 rivolto<\/h2>\n<p>La Misurazione Biomeccanica \u00e8 rivolta tutti i ciclisti di ogni et\u00e0 sesso e livello intenti al <strong>primo acquisto<\/strong> o al <strong>cambio di biciletta o componenti.<\/strong><\/p>\n<hr \/>\n<h2 class=\"title-product\">Vantaggi<\/h2>\n<ul>\n<li>Indicazione di <strong>corretto<\/strong> <strong>acquisto<\/strong> di telaio e componenti (dimensioni\/taglia e forma).<\/li>\n<li><strong>Ergonomia<\/strong> e <strong>comfort<\/strong> sulla bicicletta.<\/li>\n<\/ul>\n<div class='row'><div style='padding-bottom:;' class='span12 first-module module_number_1 module_cont  module_gallery'><div class='list-of-images images_in_a_row_4'>\n                        <div class=\"gallery_item\">\n\t\t\t\t\t\t\t<div class=\"gallery_item_padding\">\n\t\t\t\t\t\t\t\t<div class=\"gallery_item_wrapper\"><a href=\"https:\/\/velosystem.com\/ciclista\/wp-content\/uploads\/sites\/3\/2017\/09\/CLEAT-4.jpg\" class=\"swipebox\" title=\"CleatVel\u00f2_Tablet si compone di una base in plexiglass nero su cui sono stampati e applicati i riferimenti grafici e meccanici\"><\/a><img loading=\"lazy\" decoding=\"async\" class=\"gallery-stand-img\" src=\"https:\/\/velosystem.com\/ciclista\/wp-content\/uploads\/sites\/3\/2017\/09\/CLEAT-4-570x368.jpg\" alt=\"CleatVel\u00f2_Tablet si compone di una base in plexiglass nero su cui sono stampati e applicati i riferimenti grafici e meccanici\" width=\"570\" height=\"368\">\n\t\t\t\t\t\t\t\t\t<div class=\"gallery_fadder\"><\/div>\n\t\t\t\t\t\t\t\t\t<span class=\"featured_items_ico\"><\/span>\n\t\t\t\t\t\t\t\t<\/div>\n\t\t\t\t\t\t\t<\/div>\n                        <\/div>\n                        \n                        <div class=\"gallery_item\">\n\t\t\t\t\t\t\t<div class=\"gallery_item_padding\">\n\t\t\t\t\t\t\t\t<div class=\"gallery_item_wrapper\"><a href=\"https:\/\/velosystem.com\/ciclista\/wp-content\/uploads\/sites\/3\/2017\/05\/CLEAT-TB-grafica-4.jpg\" class=\"swipebox\" title=\"Il CleatVel\u00f2_Tablet \u00e8 rivolto a meccanici, negozianti, tecnici biomeccanici, bike fitter.\"><\/a><img loading=\"lazy\" decoding=\"async\" class=\"gallery-stand-img\" src=\"https:\/\/velosystem.com\/ciclista\/wp-content\/uploads\/sites\/3\/2017\/05\/CLEAT-TB-grafica-4-570x368.jpg\" alt=\"Il CleatVel\u00f2_Tablet \u00e8 rivolto a meccanici, negozianti, tecnici biomeccanici, bike fitter.\" width=\"570\" height=\"368\">\n\t\t\t\t\t\t\t\t\t<div class=\"gallery_fadder\"><\/div>\n\t\t\t\t\t\t\t\t\t<span class=\"featured_items_ico\"><\/span>\n\t\t\t\t\t\t\t\t<\/div>\n\t\t\t\t\t\t\t<\/div>\n                        <\/div>\n                        \n                        <div class=\"gallery_item\">\n\t\t\t\t\t\t\t<div class=\"gallery_item_padding\">\n\t\t\t\t\t\t\t\t<div class=\"gallery_item_wrapper\"><a href=\"https:\/\/velosystem.com\/ciclista\/wp-content\/uploads\/sites\/3\/2017\/09\/MEASURE-SZS-2.jpg\" class=\"swipebox\" title=\"Regolazione della sella per ciclismo\"><\/a><img loading=\"lazy\" decoding=\"async\" class=\"gallery-stand-img\" src=\"https:\/\/velosystem.com\/ciclista\/wp-content\/uploads\/sites\/3\/2017\/09\/MEASURE-SZS-2-570x368.jpg\" alt=\"Regolazione della sella per ciclismo\" width=\"570\" height=\"368\">\n\t\t\t\t\t\t\t\t\t<div class=\"gallery_fadder\"><\/div>\n\t\t\t\t\t\t\t\t\t<span class=\"featured_items_ico\"><\/span>\n\t\t\t\t\t\t\t\t<\/div>\n\t\t\t\t\t\t\t<\/div>\n                        <\/div>\n                        \n                        <div class=\"gallery_item\">\n\t\t\t\t\t\t\t<div class=\"gallery_item_padding\">\n\t\t\t\t\t\t\t\t<div class=\"gallery_item_wrapper\"><a href=\"https:\/\/velosystem.com\/ciclista\/wp-content\/uploads\/sites\/3\/2017\/09\/ISCHIO-5.jpg\" class=\"swipebox\" title=\"sistema per la ricerca della sella ideale del ciclista\"><\/a><img loading=\"lazy\" decoding=\"async\" class=\"gallery-stand-img\" src=\"https:\/\/velosystem.com\/ciclista\/wp-content\/uploads\/sites\/3\/2017\/09\/ISCHIO-5-570x368.jpg\" alt=\"sistema per la ricerca della sella ideale del ciclista\" width=\"570\" height=\"368\">\n\t\t\t\t\t\t\t\t\t<div class=\"gallery_fadder\"><\/div>\n\t\t\t\t\t\t\t\t\t<span class=\"featured_items_ico\"><\/span>\n\t\t\t\t\t\t\t\t<\/div>\n\t\t\t\t\t\t\t<\/div>\n                        <\/div>\n                        \n                        <div class=\"gallery_item\">\n\t\t\t\t\t\t\t<div class=\"gallery_item_padding\">\n\t\t\t\t\t\t\t\t<div class=\"gallery_item_wrapper\"><a href=\"https:\/\/velosystem.com\/ciclista\/wp-content\/uploads\/sites\/3\/2017\/09\/MEASURE-8.jpg\" class=\"swipebox\" title=\"DeskMeasureVel\u00f2 \u00e8 il banco di misurazione professionale per la bicicletta.\"><\/a><img loading=\"lazy\" decoding=\"async\" class=\"gallery-stand-img\" src=\"https:\/\/velosystem.com\/ciclista\/wp-content\/uploads\/sites\/3\/2017\/09\/MEASURE-8-570x368.jpg\" alt=\"DeskMeasureVel\u00f2 \u00e8 il banco di misurazione professionale per la bicicletta.\" width=\"570\" height=\"368\">\n\t\t\t\t\t\t\t\t\t<div class=\"gallery_fadder\"><\/div>\n\t\t\t\t\t\t\t\t\t<span class=\"featured_items_ico\"><\/span>\n\t\t\t\t\t\t\t\t<\/div>\n\t\t\t\t\t\t\t<\/div>\n                        <\/div>\n                        \n                        <div class=\"gallery_item\">\n\t\t\t\t\t\t\t<div class=\"gallery_item_padding\">\n\t\t\t\t\t\t\t\t<div class=\"gallery_item_wrapper\"><a href=\"https:\/\/velosystem.com\/ciclista\/wp-content\/uploads\/sites\/3\/2017\/09\/DYNA-18.jpg\" class=\"swipebox\" title=\"simulatore biomeccanico per la posizione ideale per ogni specialit\u00e0 nel ciclismo\"><\/a><img loading=\"lazy\" decoding=\"async\" class=\"gallery-stand-img\" src=\"https:\/\/velosystem.com\/ciclista\/wp-content\/uploads\/sites\/3\/2017\/09\/DYNA-18-570x368.jpg\" alt=\"simulatore biomeccanico per la posizione ideale per ogni specialit\u00e0 nel ciclismo\" width=\"570\" height=\"368\">\n\t\t\t\t\t\t\t\t\t<div class=\"gallery_fadder\"><\/div>\n\t\t\t\t\t\t\t\t\t<span class=\"featured_items_ico\"><\/span>\n\t\t\t\t\t\t\t\t<\/div>\n\t\t\t\t\t\t\t<\/div>\n                        <\/div>\n                        \n                        <div class=\"gallery_item\">\n\t\t\t\t\t\t\t<div class=\"gallery_item_padding\">\n\t\t\t\t\t\t\t\t<div class=\"gallery_item_wrapper\"><a href=\"https:\/\/velosystem.com\/ciclista\/wp-content\/uploads\/sites\/3\/2017\/09\/SIZE-2.jpg\" class=\"swipebox\" title=\"SizeVel\u00f2 \u00e8 l\u2019innovativa postazione per la misura antropometrica del ciclista.\"><\/a><img loading=\"lazy\" decoding=\"async\" class=\"gallery-stand-img\" src=\"https:\/\/velosystem.com\/ciclista\/wp-content\/uploads\/sites\/3\/2017\/09\/SIZE-2-570x368.jpg\" alt=\"SizeVel\u00f2 \u00e8 l\u2019innovativa postazione per la misura antropometrica del ciclista.\" width=\"570\" height=\"368\">\n\t\t\t\t\t\t\t\t\t<div class=\"gallery_fadder\"><\/div>\n\t\t\t\t\t\t\t\t\t<span class=\"featured_items_ico\"><\/span>\n\t\t\t\t\t\t\t\t<\/div>\n\t\t\t\t\t\t\t<\/div>\n                        <\/div>\n                        \n                        <div class=\"gallery_item\">\n\t\t\t\t\t\t\t<div class=\"gallery_item_padding\">\n\t\t\t\t\t\t\t\t<div class=\"gallery_item_wrapper\"><a href=\"https:\/\/velosystem.com\/ciclista\/wp-content\/uploads\/sites\/3\/2017\/09\/SIZE-9.jpg\" class=\"swipebox\" title=\"Sizevel\u00f2 strumenti per la misurazione ciclicstica\"><\/a><img loading=\"lazy\" decoding=\"async\" class=\"gallery-stand-img\" src=\"https:\/\/velosystem.com\/ciclista\/wp-content\/uploads\/sites\/3\/2017\/09\/SIZE-9-570x368.jpg\" alt=\"Sizevel\u00f2 strumenti per la misurazione ciclicstica\" width=\"570\" height=\"368\">\n\t\t\t\t\t\t\t\t\t<div class=\"gallery_fadder\"><\/div>\n\t\t\t\t\t\t\t\t\t<span class=\"featured_items_ico\"><\/span>\n\t\t\t\t\t\t\t\t<\/div>\n\t\t\t\t\t\t\t<\/div>\n                        <\/div>\n                        \n            <div class='clear'><\/div>\n            <\/div>\n            <\/div><!-- .module_cont --><\/div>","protected":false},"excerpt":{"rendered":"<p>Misurazione Biomeccanica Che cos&#8217;\u00e8 La \u201cMisurazione biomeccanica\u201d \u00e8 il servizio composto che permette di ottimizzare la scelta degli appoggi, la loro regolazione nello spazio nonch\u00e9 la scelta della taglia ideale del telaio in seguito alla rilevazione delle misure corporee. Cosa comprende La \u201cMisurazione biomeccanica\u201d \u00e8 composta dai seguenti servizi singoli: Misurazione antropometrica Regolazione Tacchette Ricerca sella ideale Ricerca manubrio ideale Valutazione Statica Assetto A chi \u00e8 rivolto La Misurazione Biomeccanica \u00e8 rivolta tutti i ciclisti di ogni et\u00e0 sesso e livello intenti al primo acquisto o al cambio di biciletta o componenti. Vantaggi Indicazione di corretto acquisto di telaio e componenti (dimensioni\/taglia e forma). Ergonomia e comfort sulla bicicletta.<\/p>\n","protected":false},"author":1,"featured_media":0,"parent":0,"menu_order":0,"comment_status":"closed","ping_status":"closed","template":"","meta":{"_acf_changed":false,"footnotes":""},"acf":[],"_links":{"self":[{"href":"https:\/\/velosystem.com\/ciclista\/wp-json\/wp\/v2\/pages\/164"}],"collection":[{"href":"https:\/\/velosystem.com\/ciclista\/wp-json\/wp\/v2\/pages"}],"about":[{"href":"https:\/\/velosystem.com\/ciclista\/wp-json\/wp\/v2\/types\/page"}],"author":[{"embeddable":true,"href":"https:\/\/velosystem.com\/ciclista\/wp-json\/wp\/v2\/users\/1"}],"replies":[{"embeddable":true,"href":"https:\/\/velosystem.com\/ciclista\/wp-json\/wp\/v2\/comments?post=164"}],"version-history":[{"count":13,"href":"https:\/\/velosystem.com\/ciclista\/wp-json\/wp\/v2\/pages\/164\/revisions"}],"predecessor-version":[{"id":1594,"href":"https:\/\/velosystem.com\/ciclista\/wp-json\/wp\/v2\/pages\/164\/revisions\/1594"}],"wp:attachment":[{"href":"https:\/\/velosystem.com\/ciclista\/wp-json\/wp\/v2\/media?parent=164"}],"curies":[{"name":"wp","href":"https:\/\/api.w.org\/{rel}","templated":true}]}}