{"id":170,"date":"2017-08-31T14:58:42","date_gmt":"2017-08-31T12:58:42","guid":{"rendered":"https:\/\/velosystem.com\/ciclista\/?page_id=170"},"modified":"2022-10-13T15:10:45","modified_gmt":"2022-10-13T13:10:45","slug":"check-up-biomeccanico-1","status":"publish","type":"page","link":"https:\/\/velosystem.com\/ciclista\/check-up-biomeccanico-1\/","title":{"rendered":"Pedalare al TOP"},"content":{"rendered":"\n\t\t\t<!-- START biomeccanico1 REVOLUTION SLIDER 6.6.20 --><p class=\"rs-p-wp-fix\"><\/p>\n\t\t\t<rs-module-wrap id=\"rev_slider_14_1_wrapper\" data-source=\"gallery\" style=\"visibility:hidden;background:transparent;padding:0;margin:0px auto;margin-top:0;margin-bottom:0;\">\n\t\t\t\t<rs-module id=\"rev_slider_14_1\" style=\"\" data-version=\"6.6.20\">\n\t\t\t\t\t<rs-slides style=\"overflow: hidden; position: absolute;\">\n\t\t\t\t\t\t<rs-slide style=\"position: absolute;\" data-key=\"rs-14\" data-title=\"Slide\" data-anim=\"adpr:false;\">\n\t\t\t\t\t\t\t<img decoding=\"async\" src=\"\/\/velosystem.com\/ciclista\/wp-content\/plugins\/revslider\/public\/assets\/assets\/dummy.png\" alt=\"\" title=\"Pedalare al TOP\" class=\"rev-slidebg tp-rs-img rs-lazyload\" data-lazyload=\"\/\/velosystem.com\/ciclista\/wp-content\/uploads\/sites\/3\/2017\/09\/MEASURE-5-1.jpg\" data-no-retina>\n<!---->\t\t\t\t\t\t<\/rs-slide>\n\t\t\t\t\t<\/rs-slides>\n\t\t\t\t<\/rs-module>\n\t\t\t\t<script>\n\t\t\t\t\tsetREVStartSize({c: 'rev_slider_14_1',rl:[1240,1024,778,480],el:[],gw:[1920],gh:[450],type:'standard',justify:'',layout:'fullwidth',mh:\"0\"});if (window.RS_MODULES!==undefined && window.RS_MODULES.modules!==undefined && window.RS_MODULES.modules[\"revslider141\"]!==undefined) {window.RS_MODULES.modules[\"revslider141\"].once = false;window.revapi14 = undefined;if (window.RS_MODULES.checkMinimal!==undefined) window.RS_MODULES.checkMinimal()}\n\t\t\t\t<\/script>\n\t\t\t<\/rs-module-wrap>\n\t\t\t<!-- END REVOLUTION SLIDER -->\n\n<h1 class=\"title\">Pedalare al TOP<\/h1>\n<h2 class=\"title-product\">Che cos&#8217;\u00e8<\/h2>\n<p>&#8220;Pedalare al TOP&#8221; \u00e8 il servizio che permette di <strong>ottimizzare<\/strong> la tua posizione in <strong>sella<\/strong> in seguito alla regolazione degli appoggi, all\u2019antropometria, alla video analisi della pedalata (sagittale) e alla regolazione professionale della bicicletta.<\/p>\n<hr \/>\n<h2 class=\"title-product\">Cosa comprende<\/h2>\n<p>&#8220;Pedalare al TOP&#8221; \u00e8 composto dai seguenti servizi singoli:<\/p>\n<ul>\n<li><strong>Regolazione Tacchette<\/strong><\/li>\n<li>Ricerca <strong>sella ideale<\/strong><\/li>\n<li>Ricerca <strong>manubrio ideale<\/strong><\/li>\n<li>Misurazione <strong>antropometrica<\/strong><\/li>\n<li><strong>Video analisi<\/strong> (sagittale, frontale e orizzontale)<\/li>\n<li><strong>Regolazione professionale<\/strong> della bicicletta (ideale su banco Desk Measure Vel\u00f2 _ <strong>DMV<\/strong>).<\/li>\n<\/ul>\n<p><img loading=\"lazy\" decoding=\"async\" class=\"alignnone size-full wp-image-288\" style=\"margin: 20px 0px;\" src=\"https:\/\/velosystem.com\/ciclista\/wp-content\/uploads\/sites\/3\/2017\/09\/DESK-10.jpg\" alt=\"\" width=\"1280\" height=\"540\" srcset=\"https:\/\/velosystem.com\/ciclista\/wp-content\/uploads\/sites\/3\/2017\/09\/DESK-10.jpg 1280w, https:\/\/velosystem.com\/ciclista\/wp-content\/uploads\/sites\/3\/2017\/09\/DESK-10-300x127.jpg 300w, https:\/\/velosystem.com\/ciclista\/wp-content\/uploads\/sites\/3\/2017\/09\/DESK-10-768x324.jpg 768w, https:\/\/velosystem.com\/ciclista\/wp-content\/uploads\/sites\/3\/2017\/09\/DESK-10-1024x432.jpg 1024w\" sizes=\"(max-width: 1280px) 100vw, 1280px\" \/><\/p>\n<h2 class=\"title-product\">A chi \u00e8 rivolto<\/h2>\n<p>Il protocollo \u00e8 <strong>differenziato e specifico<\/strong> per le principali specialit\u00e0, <strong>strada, triathlon, mountain bike, e-bikes<\/strong> e relative sotto specialit\u00e0.<\/p>\n<p>Il servizio \u00e8 rivolto a tutti i ciclisti di ogni et\u00e0 sesso e livello<strong> interessati a migliorare il proprio confort e performance in sella.<\/strong><\/p>\n<hr \/>\n<h2 class=\"title-product\">Vantaggi<\/h2>\n<ul>\n<li>Indicazione di corretto acquisto di <strong>telaio<\/strong> e <strong>componenti<\/strong> (dimensioni\/taglia e forma).<\/li>\n<li><strong>Ergonomia<\/strong> e <strong>comfort<\/strong> sulla bicicletta.<\/li>\n<li>Miglioramento <strong>performance della pedalata.<\/strong><\/li>\n<li><strong>Regolazione professionale<\/strong> della bicicletta.<\/li>\n<\/ul>\n<div class='row'><div style='padding-bottom:;' class='span12 first-module module_number_1 module_cont  module_gallery'><div class='list-of-images images_in_a_row_4'>\n                        <div class=\"gallery_item\">\n\t\t\t\t\t\t\t<div class=\"gallery_item_padding\">\n\t\t\t\t\t\t\t\t<div class=\"gallery_item_wrapper\"><a href=\"https:\/\/velosystem.com\/ciclista\/wp-content\/uploads\/sites\/3\/2017\/09\/MEASURE-5.jpg\" class=\"swipebox\" title=\"DeskMeasureVel\u00f2 permette di alloggiare ogni tipologia di bicicletta (strada, mtb, TT, pista)\"><\/a><img loading=\"lazy\" decoding=\"async\" class=\"gallery-stand-img\" src=\"https:\/\/velosystem.com\/ciclista\/wp-content\/uploads\/sites\/3\/2017\/09\/MEASURE-5-570x368.jpg\" alt=\"DeskMeasureVel\u00f2 permette di alloggiare ogni tipologia di bicicletta (strada, mtb, TT, pista)\" width=\"570\" height=\"368\">\n\t\t\t\t\t\t\t\t\t<div class=\"gallery_fadder\"><\/div>\n\t\t\t\t\t\t\t\t\t<span class=\"featured_items_ico\"><\/span>\n\t\t\t\t\t\t\t\t<\/div>\n\t\t\t\t\t\t\t<\/div>\n                        <\/div>\n                        \n                        <div class=\"gallery_item\">\n\t\t\t\t\t\t\t<div class=\"gallery_item_padding\">\n\t\t\t\t\t\t\t\t<div class=\"gallery_item_wrapper\"><a href=\"https:\/\/velosystem.com\/ciclista\/wp-content\/uploads\/sites\/3\/2017\/09\/DESK-10.jpg\" class=\"swipebox\" title=\"misurazione rapida e precisa di telaio e assetto della bicicletta\"><\/a><img loading=\"lazy\" decoding=\"async\" class=\"gallery-stand-img\" src=\"https:\/\/velosystem.com\/ciclista\/wp-content\/uploads\/sites\/3\/2017\/09\/DESK-10-570x368.jpg\" alt=\"misurazione rapida e precisa di telaio e assetto della bicicletta\" width=\"570\" height=\"368\">\n\t\t\t\t\t\t\t\t\t<div class=\"gallery_fadder\"><\/div>\n\t\t\t\t\t\t\t\t\t<span class=\"featured_items_ico\"><\/span>\n\t\t\t\t\t\t\t\t<\/div>\n\t\t\t\t\t\t\t<\/div>\n                        <\/div>\n                        \n                        <div class=\"gallery_item\">\n\t\t\t\t\t\t\t<div class=\"gallery_item_padding\">\n\t\t\t\t\t\t\t\t<div class=\"gallery_item_wrapper\"><a href=\"https:\/\/velosystem.com\/ciclista\/wp-content\/uploads\/sites\/3\/2017\/09\/CLEAT-4.jpg\" class=\"swipebox\" title=\"CleatVel\u00f2_Tablet si compone di una base in plexiglass nero su cui sono stampati e applicati i riferimenti grafici e meccanici\"><\/a><img loading=\"lazy\" decoding=\"async\" class=\"gallery-stand-img\" src=\"https:\/\/velosystem.com\/ciclista\/wp-content\/uploads\/sites\/3\/2017\/09\/CLEAT-4-570x368.jpg\" alt=\"CleatVel\u00f2_Tablet si compone di una base in plexiglass nero su cui sono stampati e applicati i riferimenti grafici e meccanici\" width=\"570\" height=\"368\">\n\t\t\t\t\t\t\t\t\t<div class=\"gallery_fadder\"><\/div>\n\t\t\t\t\t\t\t\t\t<span class=\"featured_items_ico\"><\/span>\n\t\t\t\t\t\t\t\t<\/div>\n\t\t\t\t\t\t\t<\/div>\n                        <\/div>\n                        \n                        <div class=\"gallery_item\">\n\t\t\t\t\t\t\t<div class=\"gallery_item_padding\">\n\t\t\t\t\t\t\t\t<div class=\"gallery_item_wrapper\"><a href=\"https:\/\/velosystem.com\/ciclista\/wp-content\/uploads\/sites\/3\/2017\/09\/MEASURE-SZS-2.jpg\" class=\"swipebox\" title=\"Regolazione della sella per ciclismo\"><\/a><img loading=\"lazy\" decoding=\"async\" class=\"gallery-stand-img\" src=\"https:\/\/velosystem.com\/ciclista\/wp-content\/uploads\/sites\/3\/2017\/09\/MEASURE-SZS-2-570x368.jpg\" alt=\"Regolazione della sella per ciclismo\" width=\"570\" height=\"368\">\n\t\t\t\t\t\t\t\t\t<div class=\"gallery_fadder\"><\/div>\n\t\t\t\t\t\t\t\t\t<span class=\"featured_items_ico\"><\/span>\n\t\t\t\t\t\t\t\t<\/div>\n\t\t\t\t\t\t\t<\/div>\n                        <\/div>\n                        \n                        <div class=\"gallery_item\">\n\t\t\t\t\t\t\t<div class=\"gallery_item_padding\">\n\t\t\t\t\t\t\t\t<div class=\"gallery_item_wrapper\"><a href=\"https:\/\/velosystem.com\/ciclista\/wp-content\/uploads\/sites\/3\/2017\/09\/MEASURE-8.jpg\" class=\"swipebox\" title=\"DeskMeasureVel\u00f2 \u00e8 il banco di misurazione professionale per la bicicletta.\"><\/a><img loading=\"lazy\" decoding=\"async\" class=\"gallery-stand-img\" src=\"https:\/\/velosystem.com\/ciclista\/wp-content\/uploads\/sites\/3\/2017\/09\/MEASURE-8-570x368.jpg\" alt=\"DeskMeasureVel\u00f2 \u00e8 il banco di misurazione professionale per la bicicletta.\" width=\"570\" height=\"368\">\n\t\t\t\t\t\t\t\t\t<div class=\"gallery_fadder\"><\/div>\n\t\t\t\t\t\t\t\t\t<span class=\"featured_items_ico\"><\/span>\n\t\t\t\t\t\t\t\t<\/div>\n\t\t\t\t\t\t\t<\/div>\n                        <\/div>\n                        \n                        <div class=\"gallery_item\">\n\t\t\t\t\t\t\t<div class=\"gallery_item_padding\">\n\t\t\t\t\t\t\t\t<div class=\"gallery_item_wrapper\"><a href=\"https:\/\/velosystem.com\/ciclista\/wp-content\/uploads\/sites\/3\/2017\/09\/SIZE-2.jpg\" class=\"swipebox\" title=\"SizeVel\u00f2 \u00e8 l\u2019innovativa postazione per la misura antropometrica del ciclista.\"><\/a><img loading=\"lazy\" decoding=\"async\" class=\"gallery-stand-img\" src=\"https:\/\/velosystem.com\/ciclista\/wp-content\/uploads\/sites\/3\/2017\/09\/SIZE-2-570x368.jpg\" alt=\"SizeVel\u00f2 \u00e8 l\u2019innovativa postazione per la misura antropometrica del ciclista.\" width=\"570\" height=\"368\">\n\t\t\t\t\t\t\t\t\t<div class=\"gallery_fadder\"><\/div>\n\t\t\t\t\t\t\t\t\t<span class=\"featured_items_ico\"><\/span>\n\t\t\t\t\t\t\t\t<\/div>\n\t\t\t\t\t\t\t<\/div>\n                        <\/div>\n                        \n                        <div class=\"gallery_item\">\n\t\t\t\t\t\t\t<div class=\"gallery_item_padding\">\n\t\t\t\t\t\t\t\t<div class=\"gallery_item_wrapper\"><a href=\"https:\/\/velosystem.com\/ciclista\/wp-content\/uploads\/sites\/3\/2017\/09\/KINE-5.jpg\" class=\"swipebox\" title=\"verifica e analisi dell\u2019assetto ideale realizzato su ciclo simulatore\"><\/a><img loading=\"lazy\" decoding=\"async\" class=\"gallery-stand-img\" src=\"https:\/\/velosystem.com\/ciclista\/wp-content\/uploads\/sites\/3\/2017\/09\/KINE-5-570x368.jpg\" alt=\"verifica e analisi dell\u2019assetto ideale realizzato su ciclo simulatore\" width=\"570\" height=\"368\">\n\t\t\t\t\t\t\t\t\t<div class=\"gallery_fadder\"><\/div>\n\t\t\t\t\t\t\t\t\t<span class=\"featured_items_ico\"><\/span>\n\t\t\t\t\t\t\t\t<\/div>\n\t\t\t\t\t\t\t<\/div>\n                        <\/div>\n                        \n                        <div class=\"gallery_item\">\n\t\t\t\t\t\t\t<div class=\"gallery_item_padding\">\n\t\t\t\t\t\t\t\t<div class=\"gallery_item_wrapper\"><a href=\"https:\/\/velosystem.com\/ciclista\/wp-content\/uploads\/sites\/3\/2017\/09\/DESK-17.jpg\" class=\"swipebox\" title=\"\"><\/a><img loading=\"lazy\" decoding=\"async\" class=\"gallery-stand-img\" src=\"https:\/\/velosystem.com\/ciclista\/wp-content\/uploads\/sites\/3\/2017\/09\/DESK-17-570x368.jpg\" alt=\"\" width=\"570\" height=\"368\">\n\t\t\t\t\t\t\t\t\t<div class=\"gallery_fadder\"><\/div>\n\t\t\t\t\t\t\t\t\t<span class=\"featured_items_ico\"><\/span>\n\t\t\t\t\t\t\t\t<\/div>\n\t\t\t\t\t\t\t<\/div>\n                        <\/div>\n                        \n            <div class='clear'><\/div>\n            <\/div>\n            <\/div><!-- .module_cont --><\/div>","protected":false},"excerpt":{"rendered":"<p>Pedalare al TOP Che cos&#8217;\u00e8 &#8220;Pedalare al TOP&#8221; \u00e8 il servizio che permette di ottimizzare la tua posizione in sella in seguito alla regolazione degli appoggi, all\u2019antropometria, alla video analisi della pedalata (sagittale) e alla regolazione professionale della bicicletta. Cosa comprende &#8220;Pedalare al TOP&#8221; \u00e8 composto dai seguenti servizi singoli: Regolazione Tacchette Ricerca sella ideale Ricerca manubrio ideale Misurazione antropometrica Video analisi (sagittale, frontale e orizzontale) Regolazione professionale della bicicletta (ideale su banco Desk Measure Vel\u00f2 _ DMV). A chi \u00e8 rivolto Il protocollo \u00e8 differenziato e specifico per le principali specialit\u00e0, strada, triathlon, mountain bike, e-bikes e relative sotto specialit\u00e0. Il servizio \u00e8 rivolto a tutti i ciclisti di ogni et\u00e0 sesso e livello interessati a migliorare il proprio confort e performance in sella. Vantaggi Indicazione di corretto acquisto di telaio e componenti (dimensioni\/taglia e forma). Ergonomia e comfort sulla bicicletta. Miglioramento performance della pedalata. Regolazione professionale della bicicletta.<\/p>\n","protected":false},"author":1,"featured_media":0,"parent":0,"menu_order":0,"comment_status":"closed","ping_status":"closed","template":"","meta":{"_acf_changed":false,"footnotes":""},"acf":[],"_links":{"self":[{"href":"https:\/\/velosystem.com\/ciclista\/wp-json\/wp\/v2\/pages\/170"}],"collection":[{"href":"https:\/\/velosystem.com\/ciclista\/wp-json\/wp\/v2\/pages"}],"about":[{"href":"https:\/\/velosystem.com\/ciclista\/wp-json\/wp\/v2\/types\/page"}],"author":[{"embeddable":true,"href":"https:\/\/velosystem.com\/ciclista\/wp-json\/wp\/v2\/users\/1"}],"replies":[{"embeddable":true,"href":"https:\/\/velosystem.com\/ciclista\/wp-json\/wp\/v2\/comments?post=170"}],"version-history":[{"count":14,"href":"https:\/\/velosystem.com\/ciclista\/wp-json\/wp\/v2\/pages\/170\/revisions"}],"predecessor-version":[{"id":2154,"href":"https:\/\/velosystem.com\/ciclista\/wp-json\/wp\/v2\/pages\/170\/revisions\/2154"}],"wp:attachment":[{"href":"https:\/\/velosystem.com\/ciclista\/wp-json\/wp\/v2\/media?parent=170"}],"curies":[{"name":"wp","href":"https:\/\/api.w.org\/{rel}","templated":true}]}}