{"id":172,"date":"2017-08-31T15:11:13","date_gmt":"2017-08-31T13:11:13","guid":{"rendered":"https:\/\/velosystem.com\/ciclista\/?page_id=172"},"modified":"2022-10-13T15:13:34","modified_gmt":"2022-10-13T13:13:34","slug":"check-up-biomeccanico-2","status":"publish","type":"page","link":"https:\/\/velosystem.com\/ciclista\/check-up-biomeccanico-2\/","title":{"rendered":"Pedalare al TOP Comfort"},"content":{"rendered":"\n\t\t\t<!-- START biomeccanico2 REVOLUTION SLIDER 6.6.20 --><p class=\"rs-p-wp-fix\"><\/p>\n\t\t\t<rs-module-wrap id=\"rev_slider_15_1_wrapper\" data-source=\"gallery\" style=\"visibility:hidden;background:transparent;padding:0;margin:0px auto;margin-top:0;margin-bottom:0;\">\n\t\t\t\t<rs-module id=\"rev_slider_15_1\" style=\"\" data-version=\"6.6.20\">\n\t\t\t\t\t<rs-slides style=\"overflow: hidden; position: absolute;\">\n\t\t\t\t\t\t<rs-slide style=\"position: absolute;\" data-key=\"rs-15\" data-title=\"Slide\" data-anim=\"adpr:false;\">\n\t\t\t\t\t\t\t<img decoding=\"async\" src=\"\/\/velosystem.com\/ciclista\/wp-content\/plugins\/revslider\/public\/assets\/assets\/dummy.png\" alt=\"\" title=\"Pedalare al TOP Comfort\" class=\"rev-slidebg tp-rs-img rs-lazyload\" data-lazyload=\"\/\/velosystem.com\/ciclista\/wp-content\/uploads\/sites\/3\/2017\/09\/KINE-5-1.jpg\" data-no-retina>\n<!---->\t\t\t\t\t\t<\/rs-slide>\n\t\t\t\t\t<\/rs-slides>\n\t\t\t\t<\/rs-module>\n\t\t\t\t<script>\n\t\t\t\t\tsetREVStartSize({c: 'rev_slider_15_1',rl:[1240,1024,778,480],el:[],gw:[1920],gh:[450],type:'standard',justify:'',layout:'fullwidth',mh:\"0\"});if (window.RS_MODULES!==undefined && window.RS_MODULES.modules!==undefined && window.RS_MODULES.modules[\"revslider151\"]!==undefined) {window.RS_MODULES.modules[\"revslider151\"].once = false;window.revapi15 = undefined;if (window.RS_MODULES.checkMinimal!==undefined) window.RS_MODULES.checkMinimal()}\n\t\t\t\t<\/script>\n\t\t\t<\/rs-module-wrap>\n\t\t\t<!-- END REVOLUTION SLIDER -->\n\n<h1 class=\"title\">Pedalare al TOP Comfort<\/h1>\n<h2 class=\"title-product\">Che cos&#8217;\u00e8<\/h2>\n<p>Il &#8220;Pedalare al TOP Comfort&#8221; \u00e8 il servizio composto che permette di raggiungere un elevato livello di <strong>comfort<\/strong> \u00a0nella propria posizione in sella grazie al bilanciamento della postura in sella e dell&#8217;azione di pedalata.<\/p>\n<p>Ai vantaggi ottenuti con il &#8220;Pedalare al TOP&#8221; si aggiungono quelli relativi al <strong>Bilanciamento Posturale e della Pedalata destra sinistra<\/strong> fondamentale per prevenire o risolvere le tensioni da sovraccarico e per migliorare la rotondit\u00e0 e l&#8217;efficienza di pedalata.<\/p>\n<hr \/>\n<h2 class=\"title-product\">Cosa comprende<\/h2>\n<p>Il &#8220;Pedalare al TOP Comfort&#8221; \u00e8 composta dai seguenti servizi singoli:<\/p>\n<ul>\n<li>regolazione <strong>tacchette<\/strong><\/li>\n<li>ricerca <strong>sella ideale<\/strong><\/li>\n<li>ricerca <strong>manubrio ideale<\/strong><\/li>\n<li>misurazione <strong>antropometrica<\/strong><\/li>\n<li><strong>video analisi<\/strong> (sagittale, frontale e orizzontale)<\/li>\n<li><strong>bilanciamento posturale dx|sx<\/strong><\/li>\n<li><strong>regolazione professionale della bicicletta<\/strong> su banco desk measurevel\u00f2 (DMV).<\/li>\n<\/ul>\n<p><img loading=\"lazy\" decoding=\"async\" class=\"alignnone size-full wp-image-277\" style=\"margin: 20px 0px\" src=\"https:\/\/velosystem.com\/ciclista\/wp-content\/uploads\/sites\/3\/2017\/09\/DYNA-28.jpg\" alt=\"\" width=\"1280\" height=\"540\" srcset=\"https:\/\/velosystem.com\/ciclista\/wp-content\/uploads\/sites\/3\/2017\/09\/DYNA-28.jpg 1280w, https:\/\/velosystem.com\/ciclista\/wp-content\/uploads\/sites\/3\/2017\/09\/DYNA-28-300x127.jpg 300w, https:\/\/velosystem.com\/ciclista\/wp-content\/uploads\/sites\/3\/2017\/09\/DYNA-28-768x324.jpg 768w, https:\/\/velosystem.com\/ciclista\/wp-content\/uploads\/sites\/3\/2017\/09\/DYNA-28-1024x432.jpg 1024w\" sizes=\"(max-width: 1280px) 100vw, 1280px\" \/><\/p>\n<h2 class=\"title-product\">A chi \u00e8 rivolto<\/h2>\n<p>Il protocollo \u00e8 <strong>differenziato e specifico<\/strong> per le principali specialit\u00e0, <strong>strada, triathlon, mountain bike, e-bikes<\/strong> e relative sotto specialit\u00e0.<\/p>\n<p>Il servizio \u00e8 rivolto a tutti i ciclisti di ogni et\u00e0 sesso e livello\u00a0 <strong>interessati a migliorare la propria posizione, comfort e performance<\/strong> in sella anche attraverso l\u2019eliminazione di tensioni monolaterali e l\u2019incremento dell\u2019efficienza di pedalata.<\/p>\n<hr \/>\n<h2 class=\"title-product\">Vantaggi<\/h2>\n<ul>\n<li><strong>Indicazione per il corretto acquisto di telaio e componenti<\/strong> (dimensione\/taglia e forma).<\/li>\n<li><strong>Ergonomia<\/strong> e <strong>comfort<\/strong> sulla bicicletta.<\/li>\n<li>Miglioramento <strong>efficienza<\/strong> e <strong>performance<\/strong> della pedalata.<\/li>\n<li><strong>Prevenzione<\/strong> o <strong>risoluzione<\/strong> di tensioni monolaterali da sovraccarico.<\/li>\n<li><strong>Regolazione professionale bicicletta.<\/strong><\/li>\n<\/ul>\n<div class='row'><div style='padding-bottom:;' class='span12 first-module module_number_1 module_cont  module_gallery'><div class='list-of-images images_in_a_row_4'>\n                        <div class=\"gallery_item\">\n\t\t\t\t\t\t\t<div class=\"gallery_item_padding\">\n\t\t\t\t\t\t\t\t<div class=\"gallery_item_wrapper\"><a href=\"https:\/\/velosystem.com\/ciclista\/wp-content\/uploads\/sites\/3\/2017\/09\/CLEAT-4.jpg\" class=\"swipebox\" title=\"CleatVel\u00f2_Tablet si compone di una base in plexiglass nero su cui sono stampati e applicati i riferimenti grafici e meccanici\"><\/a><img loading=\"lazy\" decoding=\"async\" class=\"gallery-stand-img\" src=\"https:\/\/velosystem.com\/ciclista\/wp-content\/uploads\/sites\/3\/2017\/09\/CLEAT-4-570x368.jpg\" alt=\"CleatVel\u00f2_Tablet si compone di una base in plexiglass nero su cui sono stampati e applicati i riferimenti grafici e meccanici\" width=\"570\" height=\"368\">\n\t\t\t\t\t\t\t\t\t<div class=\"gallery_fadder\"><\/div>\n\t\t\t\t\t\t\t\t\t<span class=\"featured_items_ico\"><\/span>\n\t\t\t\t\t\t\t\t<\/div>\n\t\t\t\t\t\t\t<\/div>\n                        <\/div>\n                        \n                        <div class=\"gallery_item\">\n\t\t\t\t\t\t\t<div class=\"gallery_item_padding\">\n\t\t\t\t\t\t\t\t<div class=\"gallery_item_wrapper\"><a href=\"https:\/\/velosystem.com\/ciclista\/wp-content\/uploads\/sites\/3\/2017\/09\/MEASURE-SZS-2.jpg\" class=\"swipebox\" title=\"Regolazione della sella per ciclismo\"><\/a><img loading=\"lazy\" decoding=\"async\" class=\"gallery-stand-img\" src=\"https:\/\/velosystem.com\/ciclista\/wp-content\/uploads\/sites\/3\/2017\/09\/MEASURE-SZS-2-570x368.jpg\" alt=\"Regolazione della sella per ciclismo\" width=\"570\" height=\"368\">\n\t\t\t\t\t\t\t\t\t<div class=\"gallery_fadder\"><\/div>\n\t\t\t\t\t\t\t\t\t<span class=\"featured_items_ico\"><\/span>\n\t\t\t\t\t\t\t\t<\/div>\n\t\t\t\t\t\t\t<\/div>\n                        <\/div>\n                        \n                        <div class=\"gallery_item\">\n\t\t\t\t\t\t\t<div class=\"gallery_item_padding\">\n\t\t\t\t\t\t\t\t<div class=\"gallery_item_wrapper\"><a href=\"https:\/\/velosystem.com\/ciclista\/wp-content\/uploads\/sites\/3\/2017\/09\/MEASURE-8.jpg\" class=\"swipebox\" title=\"DeskMeasureVel\u00f2 \u00e8 il banco di misurazione professionale per la bicicletta.\"><\/a><img loading=\"lazy\" decoding=\"async\" class=\"gallery-stand-img\" src=\"https:\/\/velosystem.com\/ciclista\/wp-content\/uploads\/sites\/3\/2017\/09\/MEASURE-8-570x368.jpg\" alt=\"DeskMeasureVel\u00f2 \u00e8 il banco di misurazione professionale per la bicicletta.\" width=\"570\" height=\"368\">\n\t\t\t\t\t\t\t\t\t<div class=\"gallery_fadder\"><\/div>\n\t\t\t\t\t\t\t\t\t<span class=\"featured_items_ico\"><\/span>\n\t\t\t\t\t\t\t\t<\/div>\n\t\t\t\t\t\t\t<\/div>\n                        <\/div>\n                        \n                        <div class=\"gallery_item\">\n\t\t\t\t\t\t\t<div class=\"gallery_item_padding\">\n\t\t\t\t\t\t\t\t<div class=\"gallery_item_wrapper\"><a href=\"https:\/\/velosystem.com\/ciclista\/wp-content\/uploads\/sites\/3\/2017\/09\/SIZE-2.jpg\" class=\"swipebox\" title=\"SizeVel\u00f2 \u00e8 l\u2019innovativa postazione per la misura antropometrica del ciclista.\"><\/a><img loading=\"lazy\" decoding=\"async\" class=\"gallery-stand-img\" src=\"https:\/\/velosystem.com\/ciclista\/wp-content\/uploads\/sites\/3\/2017\/09\/SIZE-2-570x368.jpg\" alt=\"SizeVel\u00f2 \u00e8 l\u2019innovativa postazione per la misura antropometrica del ciclista.\" width=\"570\" height=\"368\">\n\t\t\t\t\t\t\t\t\t<div class=\"gallery_fadder\"><\/div>\n\t\t\t\t\t\t\t\t\t<span class=\"featured_items_ico\"><\/span>\n\t\t\t\t\t\t\t\t<\/div>\n\t\t\t\t\t\t\t<\/div>\n                        <\/div>\n                        \n                        <div class=\"gallery_item\">\n\t\t\t\t\t\t\t<div class=\"gallery_item_padding\">\n\t\t\t\t\t\t\t\t<div class=\"gallery_item_wrapper\"><a href=\"https:\/\/velosystem.com\/ciclista\/wp-content\/uploads\/sites\/3\/2017\/09\/KINE-5.jpg\" class=\"swipebox\" title=\"verifica e analisi dell\u2019assetto ideale realizzato su ciclo simulatore\"><\/a><img loading=\"lazy\" decoding=\"async\" class=\"gallery-stand-img\" src=\"https:\/\/velosystem.com\/ciclista\/wp-content\/uploads\/sites\/3\/2017\/09\/KINE-5-570x368.jpg\" alt=\"verifica e analisi dell\u2019assetto ideale realizzato su ciclo simulatore\" width=\"570\" height=\"368\">\n\t\t\t\t\t\t\t\t\t<div class=\"gallery_fadder\"><\/div>\n\t\t\t\t\t\t\t\t\t<span class=\"featured_items_ico\"><\/span>\n\t\t\t\t\t\t\t\t<\/div>\n\t\t\t\t\t\t\t<\/div>\n                        <\/div>\n                        \n                        <div class=\"gallery_item\">\n\t\t\t\t\t\t\t<div class=\"gallery_item_padding\">\n\t\t\t\t\t\t\t\t<div class=\"gallery_item_wrapper\"><a href=\"https:\/\/velosystem.com\/ciclista\/wp-content\/uploads\/sites\/3\/2017\/09\/DESK-10.jpg\" class=\"swipebox\" title=\"misurazione rapida e precisa di telaio e assetto della bicicletta\"><\/a><img loading=\"lazy\" decoding=\"async\" class=\"gallery-stand-img\" src=\"https:\/\/velosystem.com\/ciclista\/wp-content\/uploads\/sites\/3\/2017\/09\/DESK-10-570x368.jpg\" alt=\"misurazione rapida e precisa di telaio e assetto della bicicletta\" width=\"570\" height=\"368\">\n\t\t\t\t\t\t\t\t\t<div class=\"gallery_fadder\"><\/div>\n\t\t\t\t\t\t\t\t\t<span class=\"featured_items_ico\"><\/span>\n\t\t\t\t\t\t\t\t<\/div>\n\t\t\t\t\t\t\t<\/div>\n                        <\/div>\n                        \n                        <div class=\"gallery_item\">\n\t\t\t\t\t\t\t<div class=\"gallery_item_padding\">\n\t\t\t\t\t\t\t\t<div class=\"gallery_item_wrapper\"><a href=\"https:\/\/velosystem.com\/ciclista\/wp-content\/uploads\/sites\/3\/2017\/09\/DYNA-28.jpg\" class=\"swipebox\" title=\"Misurazione e VideoAnalisi, Check up Biomeccanico, Bilanciamento Posturale\"><\/a><img loading=\"lazy\" decoding=\"async\" class=\"gallery-stand-img\" src=\"https:\/\/velosystem.com\/ciclista\/wp-content\/uploads\/sites\/3\/2017\/09\/DYNA-28-570x368.jpg\" alt=\"Misurazione e VideoAnalisi, Check up Biomeccanico, Bilanciamento Posturale\" width=\"570\" height=\"368\">\n\t\t\t\t\t\t\t\t\t<div class=\"gallery_fadder\"><\/div>\n\t\t\t\t\t\t\t\t\t<span class=\"featured_items_ico\"><\/span>\n\t\t\t\t\t\t\t\t<\/div>\n\t\t\t\t\t\t\t<\/div>\n                        <\/div>\n                        \n                        <div class=\"gallery_item\">\n\t\t\t\t\t\t\t<div class=\"gallery_item_padding\">\n\t\t\t\t\t\t\t\t<div class=\"gallery_item_wrapper\"><a href=\"https:\/\/velosystem.com\/ciclista\/wp-content\/uploads\/sites\/3\/2017\/09\/SIZE-15.jpg\" class=\"swipebox\" title=\"Postazione biomeccanica di misura del ciclista\"><\/a><img loading=\"lazy\" decoding=\"async\" class=\"gallery-stand-img\" src=\"https:\/\/velosystem.com\/ciclista\/wp-content\/uploads\/sites\/3\/2017\/09\/SIZE-15-570x368.jpg\" alt=\"Postazione biomeccanica di misura del ciclista\" width=\"570\" height=\"368\">\n\t\t\t\t\t\t\t\t\t<div class=\"gallery_fadder\"><\/div>\n\t\t\t\t\t\t\t\t\t<span class=\"featured_items_ico\"><\/span>\n\t\t\t\t\t\t\t\t<\/div>\n\t\t\t\t\t\t\t<\/div>\n                        <\/div>\n                        \n            <div class='clear'><\/div>\n            <\/div>\n            <\/div><!-- .module_cont --><\/div>","protected":false},"excerpt":{"rendered":"<p>Pedalare al TOP Comfort Che cos&#8217;\u00e8 Il &#8220;Pedalare al TOP Comfort&#8221; \u00e8 il servizio composto che permette di raggiungere un elevato livello di comfort \u00a0nella propria posizione in sella grazie al bilanciamento della postura in sella e dell&#8217;azione di pedalata. Ai vantaggi ottenuti con il &#8220;Pedalare al TOP&#8221; si aggiungono quelli relativi al Bilanciamento Posturale e della Pedalata destra sinistra fondamentale per prevenire o risolvere le tensioni da sovraccarico e per migliorare la rotondit\u00e0 e l&#8217;efficienza di pedalata. Cosa comprende Il &#8220;Pedalare al TOP Comfort&#8221; \u00e8 composta dai seguenti servizi singoli: regolazione tacchette ricerca sella ideale ricerca manubrio ideale misurazione antropometrica video analisi (sagittale, frontale e orizzontale) bilanciamento posturale dx|sx regolazione professionale della bicicletta su banco desk measurevel\u00f2 (DMV). A chi \u00e8 rivolto Il protocollo \u00e8 differenziato e specifico per le principali specialit\u00e0, strada, triathlon, mountain bike, e-bikes e relative sotto specialit\u00e0. Il servizio \u00e8 rivolto a tutti i ciclisti di ogni et\u00e0 sesso e livello\u00a0 interessati a migliorare la propria posizione, comfort e performance in sella anche attraverso l\u2019eliminazione di tensioni monolaterali e l\u2019incremento dell\u2019efficienza di pedalata. Vantaggi Indicazione per il corretto acquisto di telaio e componenti (dimensione\/taglia e forma). Ergonomia e comfort sulla bicicletta. Miglioramento efficienza e performance [&hellip;]<\/p>\n","protected":false},"author":1,"featured_media":0,"parent":0,"menu_order":0,"comment_status":"closed","ping_status":"closed","template":"","meta":{"_acf_changed":false,"footnotes":""},"acf":[],"_links":{"self":[{"href":"https:\/\/velosystem.com\/ciclista\/wp-json\/wp\/v2\/pages\/172"}],"collection":[{"href":"https:\/\/velosystem.com\/ciclista\/wp-json\/wp\/v2\/pages"}],"about":[{"href":"https:\/\/velosystem.com\/ciclista\/wp-json\/wp\/v2\/types\/page"}],"author":[{"embeddable":true,"href":"https:\/\/velosystem.com\/ciclista\/wp-json\/wp\/v2\/users\/1"}],"replies":[{"embeddable":true,"href":"https:\/\/velosystem.com\/ciclista\/wp-json\/wp\/v2\/comments?post=172"}],"version-history":[{"count":14,"href":"https:\/\/velosystem.com\/ciclista\/wp-json\/wp\/v2\/pages\/172\/revisions"}],"predecessor-version":[{"id":2156,"href":"https:\/\/velosystem.com\/ciclista\/wp-json\/wp\/v2\/pages\/172\/revisions\/2156"}],"wp:attachment":[{"href":"https:\/\/velosystem.com\/ciclista\/wp-json\/wp\/v2\/media?parent=172"}],"curies":[{"name":"wp","href":"https:\/\/api.w.org\/{rel}","templated":true}]}}