{"id":176,"date":"2017-08-31T15:52:33","date_gmt":"2017-08-31T13:52:33","guid":{"rendered":"https:\/\/velosystem.com\/ciclista\/?page_id=176"},"modified":"2022-10-13T15:13:59","modified_gmt":"2022-10-13T13:13:59","slug":"check-up-biomeccanico-3","status":"publish","type":"page","link":"https:\/\/velosystem.com\/ciclista\/check-up-biomeccanico-3\/","title":{"rendered":"Pedalare al TOP Performance"},"content":{"rendered":"\n\t\t\t<!-- START biomeccanico3 REVOLUTION SLIDER 6.6.20 --><p class=\"rs-p-wp-fix\"><\/p>\n\t\t\t<rs-module-wrap id=\"rev_slider_16_1_wrapper\" data-source=\"gallery\" style=\"visibility:hidden;background:transparent;padding:0;margin:0px auto;margin-top:0;margin-bottom:0;\">\n\t\t\t\t<rs-module id=\"rev_slider_16_1\" style=\"\" data-version=\"6.6.20\">\n\t\t\t\t\t<rs-slides style=\"overflow: hidden; position: absolute;\">\n\t\t\t\t\t\t<rs-slide style=\"position: absolute;\" data-key=\"rs-16\" data-title=\"Slide\" data-anim=\"adpr:false;\">\n\t\t\t\t\t\t\t<img decoding=\"async\" src=\"\/\/velosystem.com\/ciclista\/wp-content\/plugins\/revslider\/public\/assets\/assets\/dummy.png\" alt=\"\" title=\"Pedalare al TOP Performance\" class=\"rev-slidebg tp-rs-img rs-lazyload\" data-lazyload=\"\/\/velosystem.com\/ciclista\/wp-content\/uploads\/sites\/3\/2017\/09\/DESK-10-1.jpg\" data-no-retina>\n<!---->\t\t\t\t\t\t<\/rs-slide>\n\t\t\t\t\t<\/rs-slides>\n\t\t\t\t<\/rs-module>\n\t\t\t\t<script>\n\t\t\t\t\tsetREVStartSize({c: 'rev_slider_16_1',rl:[1240,1024,778,480],el:[],gw:[1920],gh:[450],type:'standard',justify:'',layout:'fullwidth',mh:\"0\"});if (window.RS_MODULES!==undefined && window.RS_MODULES.modules!==undefined && window.RS_MODULES.modules[\"revslider161\"]!==undefined) {window.RS_MODULES.modules[\"revslider161\"].once = false;window.revapi16 = undefined;if (window.RS_MODULES.checkMinimal!==undefined) window.RS_MODULES.checkMinimal()}\n\t\t\t\t<\/script>\n\t\t\t<\/rs-module-wrap>\n\t\t\t<!-- END REVOLUTION SLIDER -->\n\n<h1 class=\"title\">Pedalare al TOP Performance<\/h1>\n<h2 class=\"title-product\">Che cos&#8217;\u00e8<\/h2>\n<p>\u201cPedalare al TOP Performance&#8221; \u00e8 il servizio composto pi\u00f9 completo che consente di raggiungere <strong>il miglior livello di comfort<\/strong>, <strong>potenza<\/strong> e <strong>performance<\/strong> sulla propria bicicletta grazie ad una ricerca fine della posizione ideale.<\/p>\n<p>Ai vantaggi del Pedalare al TOP Comfort si aggiungono, infatti, quelli derivanti dalla ricerca <strong>millimetrica<\/strong> delle regolazioni di assetto effettuata tramite il <strong>Test<\/strong> <strong>Dinamico<\/strong> <strong>Dinamometrico<\/strong>: massimi livelli la prevenzione e risoluzione delle tensioni, massima efficienza e performance di pedalata.<\/p>\n<hr \/>\n<h2 class=\"title-product\">Cosa comprende<\/h2>\n<p>\u201cPedalare al TOP\u00a0 Performance&#8221; \u00e8 composto dai seguenti servizi singoli:<\/p>\n<ul>\n<li>regolazione <strong>tacchette<\/strong><\/li>\n<li>ricerca<strong> sella ideale<\/strong><\/li>\n<li>ricerca<strong> manubrio ideale<\/strong><\/li>\n<li>misurazione <strong>antropometrica<\/strong><\/li>\n<li><strong>video analisi<\/strong> (sagittale, frontale e orizzontale)<\/li>\n<li><strong>bilanciamento<\/strong> <strong>posturale<\/strong> dx|sx<\/li>\n<li>test <strong>dinamico<\/strong> <strong>dinamometrico<\/strong><\/li>\n<li><strong>regolazione<\/strong> <strong>professionale<\/strong> <strong>della<\/strong> <strong>bicicletta<\/strong> su banco desk measurevel\u00f2 (DMV).<\/li>\n<\/ul>\n<p><img loading=\"lazy\" decoding=\"async\" class=\"alignnone size-full wp-image-279\" style=\"margin: 20px 0px\" src=\"https:\/\/velosystem.com\/ciclista\/wp-content\/uploads\/sites\/3\/2017\/09\/SIZE-MARKER-10.jpg\" alt=\"\" width=\"1280\" height=\"540\" srcset=\"https:\/\/velosystem.com\/ciclista\/wp-content\/uploads\/sites\/3\/2017\/09\/SIZE-MARKER-10.jpg 1280w, https:\/\/velosystem.com\/ciclista\/wp-content\/uploads\/sites\/3\/2017\/09\/SIZE-MARKER-10-300x127.jpg 300w, https:\/\/velosystem.com\/ciclista\/wp-content\/uploads\/sites\/3\/2017\/09\/SIZE-MARKER-10-768x324.jpg 768w, https:\/\/velosystem.com\/ciclista\/wp-content\/uploads\/sites\/3\/2017\/09\/SIZE-MARKER-10-1024x432.jpg 1024w\" sizes=\"(max-width: 1280px) 100vw, 1280px\" \/><\/p>\n<h2 class=\"title-product\">A chi \u00e8 rivolto<\/h2>\n<p>Il protocollo \u00e8\u00a0<strong>differenziato e specifico<\/strong>\u00a0per le principali specialit\u00e0,\u00a0<strong>strada, triathlon, mountain bike, e-bikes<\/strong>\u00a0e relative sotto specialit\u00e0.<\/p>\n<p>Il servizio \u00e8 rivolto a tutti i ciclisti di ogni et\u00e0 sesso e livello interessati a migliorare la propria posizione, comfort e performance in sella attraverso l\u2019eliminazione di ogni <strong>tensione<\/strong> e l\u2019incremento ai <strong>massimi<\/strong> livelli dell\u2019efficienza di pedalata. <strong>Ideale per chi desidera ottenere il massimo da se e dalla propria bicicletta.<\/strong><\/p>\n<hr \/>\n<h2 class=\"title-product\">Vantaggi<\/h2>\n<ul>\n<li>Indicazione per il corretto acquisto di <strong>telaio<\/strong> e <strong>componenti<\/strong> (dimensione\/taglia e forma).<\/li>\n<li><strong>Ergonomia<\/strong> e <strong>comfort<\/strong> sulla bicicletta.<\/li>\n<li><strong>Prevenzione<\/strong> o <strong>risoluzione<\/strong> di tensioni monolaterali da sovraccarico.<\/li>\n<li>Miglioramento<strong> massimale di potenza<\/strong>, <strong>efficienza<\/strong> e <strong>performance<\/strong> della pedalata.<\/li>\n<li><strong>Regolazione professionale bicicletta.<\/strong><\/li>\n<\/ul>\n<div class='row'><div style='padding-bottom:;' class='span12 first-module module_number_1 module_cont  module_gallery'><div class='list-of-images images_in_a_row_4'>\n                        <div class=\"gallery_item\">\n\t\t\t\t\t\t\t<div class=\"gallery_item_padding\">\n\t\t\t\t\t\t\t\t<div class=\"gallery_item_wrapper\"><a href=\"https:\/\/velosystem.com\/ciclista\/wp-content\/uploads\/sites\/3\/2017\/09\/CLEAT-4.jpg\" class=\"swipebox\" title=\"CleatVel\u00f2_Tablet si compone di una base in plexiglass nero su cui sono stampati e applicati i riferimenti grafici e meccanici\"><\/a><img loading=\"lazy\" decoding=\"async\" class=\"gallery-stand-img\" src=\"https:\/\/velosystem.com\/ciclista\/wp-content\/uploads\/sites\/3\/2017\/09\/CLEAT-4-570x368.jpg\" alt=\"CleatVel\u00f2_Tablet si compone di una base in plexiglass nero su cui sono stampati e applicati i riferimenti grafici e meccanici\" width=\"570\" height=\"368\">\n\t\t\t\t\t\t\t\t\t<div class=\"gallery_fadder\"><\/div>\n\t\t\t\t\t\t\t\t\t<span class=\"featured_items_ico\"><\/span>\n\t\t\t\t\t\t\t\t<\/div>\n\t\t\t\t\t\t\t<\/div>\n                        <\/div>\n                        \n                        <div class=\"gallery_item\">\n\t\t\t\t\t\t\t<div class=\"gallery_item_padding\">\n\t\t\t\t\t\t\t\t<div class=\"gallery_item_wrapper\"><a href=\"https:\/\/velosystem.com\/ciclista\/wp-content\/uploads\/sites\/3\/2017\/09\/MEASURE-SZS-2.jpg\" class=\"swipebox\" title=\"Regolazione della sella per ciclismo\"><\/a><img loading=\"lazy\" decoding=\"async\" class=\"gallery-stand-img\" src=\"https:\/\/velosystem.com\/ciclista\/wp-content\/uploads\/sites\/3\/2017\/09\/MEASURE-SZS-2-570x368.jpg\" alt=\"Regolazione della sella per ciclismo\" width=\"570\" height=\"368\">\n\t\t\t\t\t\t\t\t\t<div class=\"gallery_fadder\"><\/div>\n\t\t\t\t\t\t\t\t\t<span class=\"featured_items_ico\"><\/span>\n\t\t\t\t\t\t\t\t<\/div>\n\t\t\t\t\t\t\t<\/div>\n                        <\/div>\n                        \n                        <div class=\"gallery_item\">\n\t\t\t\t\t\t\t<div class=\"gallery_item_padding\">\n\t\t\t\t\t\t\t\t<div class=\"gallery_item_wrapper\"><a href=\"https:\/\/velosystem.com\/ciclista\/wp-content\/uploads\/sites\/3\/2017\/09\/DYNA-18.jpg\" class=\"swipebox\" title=\"simulatore biomeccanico per la posizione ideale per ogni specialit\u00e0 nel ciclismo\"><\/a><img loading=\"lazy\" decoding=\"async\" class=\"gallery-stand-img\" src=\"https:\/\/velosystem.com\/ciclista\/wp-content\/uploads\/sites\/3\/2017\/09\/DYNA-18-570x368.jpg\" alt=\"simulatore biomeccanico per la posizione ideale per ogni specialit\u00e0 nel ciclismo\" width=\"570\" height=\"368\">\n\t\t\t\t\t\t\t\t\t<div class=\"gallery_fadder\"><\/div>\n\t\t\t\t\t\t\t\t\t<span class=\"featured_items_ico\"><\/span>\n\t\t\t\t\t\t\t\t<\/div>\n\t\t\t\t\t\t\t<\/div>\n                        <\/div>\n                        \n                        <div class=\"gallery_item\">\n\t\t\t\t\t\t\t<div class=\"gallery_item_padding\">\n\t\t\t\t\t\t\t\t<div class=\"gallery_item_wrapper\"><a href=\"https:\/\/velosystem.com\/ciclista\/wp-content\/uploads\/sites\/3\/2017\/09\/SIZE-2.jpg\" class=\"swipebox\" title=\"SizeVel\u00f2 \u00e8 l\u2019innovativa postazione per la misura antropometrica del ciclista.\"><\/a><img loading=\"lazy\" decoding=\"async\" class=\"gallery-stand-img\" src=\"https:\/\/velosystem.com\/ciclista\/wp-content\/uploads\/sites\/3\/2017\/09\/SIZE-2-570x368.jpg\" alt=\"SizeVel\u00f2 \u00e8 l\u2019innovativa postazione per la misura antropometrica del ciclista.\" width=\"570\" height=\"368\">\n\t\t\t\t\t\t\t\t\t<div class=\"gallery_fadder\"><\/div>\n\t\t\t\t\t\t\t\t\t<span class=\"featured_items_ico\"><\/span>\n\t\t\t\t\t\t\t\t<\/div>\n\t\t\t\t\t\t\t<\/div>\n                        <\/div>\n                        \n                        <div class=\"gallery_item\">\n\t\t\t\t\t\t\t<div class=\"gallery_item_padding\">\n\t\t\t\t\t\t\t\t<div class=\"gallery_item_wrapper\"><a href=\"https:\/\/velosystem.com\/ciclista\/wp-content\/uploads\/sites\/3\/2017\/09\/KINE-5.jpg\" class=\"swipebox\" title=\"verifica e analisi dell\u2019assetto ideale realizzato su ciclo simulatore\"><\/a><img loading=\"lazy\" decoding=\"async\" class=\"gallery-stand-img\" src=\"https:\/\/velosystem.com\/ciclista\/wp-content\/uploads\/sites\/3\/2017\/09\/KINE-5-570x368.jpg\" alt=\"verifica e analisi dell\u2019assetto ideale realizzato su ciclo simulatore\" width=\"570\" height=\"368\">\n\t\t\t\t\t\t\t\t\t<div class=\"gallery_fadder\"><\/div>\n\t\t\t\t\t\t\t\t\t<span class=\"featured_items_ico\"><\/span>\n\t\t\t\t\t\t\t\t<\/div>\n\t\t\t\t\t\t\t<\/div>\n                        <\/div>\n                        \n                        <div class=\"gallery_item\">\n\t\t\t\t\t\t\t<div class=\"gallery_item_padding\">\n\t\t\t\t\t\t\t\t<div class=\"gallery_item_wrapper\"><a href=\"https:\/\/velosystem.com\/ciclista\/wp-content\/uploads\/sites\/3\/2017\/09\/DYNA-28.jpg\" class=\"swipebox\" title=\"Misurazione e VideoAnalisi, Check up Biomeccanico, Bilanciamento Posturale\"><\/a><img loading=\"lazy\" decoding=\"async\" class=\"gallery-stand-img\" src=\"https:\/\/velosystem.com\/ciclista\/wp-content\/uploads\/sites\/3\/2017\/09\/DYNA-28-570x368.jpg\" alt=\"Misurazione e VideoAnalisi, Check up Biomeccanico, Bilanciamento Posturale\" width=\"570\" height=\"368\">\n\t\t\t\t\t\t\t\t\t<div class=\"gallery_fadder\"><\/div>\n\t\t\t\t\t\t\t\t\t<span class=\"featured_items_ico\"><\/span>\n\t\t\t\t\t\t\t\t<\/div>\n\t\t\t\t\t\t\t<\/div>\n                        <\/div>\n                        \n                        <div class=\"gallery_item\">\n\t\t\t\t\t\t\t<div class=\"gallery_item_padding\">\n\t\t\t\t\t\t\t\t<div class=\"gallery_item_wrapper\"><a href=\"https:\/\/velosystem.com\/ciclista\/wp-content\/uploads\/sites\/3\/2017\/09\/DESK-10.jpg\" class=\"swipebox\" title=\"misurazione rapida e precisa di telaio e assetto della bicicletta\"><\/a><img loading=\"lazy\" decoding=\"async\" class=\"gallery-stand-img\" src=\"https:\/\/velosystem.com\/ciclista\/wp-content\/uploads\/sites\/3\/2017\/09\/DESK-10-570x368.jpg\" alt=\"misurazione rapida e precisa di telaio e assetto della bicicletta\" width=\"570\" height=\"368\">\n\t\t\t\t\t\t\t\t\t<div class=\"gallery_fadder\"><\/div>\n\t\t\t\t\t\t\t\t\t<span class=\"featured_items_ico\"><\/span>\n\t\t\t\t\t\t\t\t<\/div>\n\t\t\t\t\t\t\t<\/div>\n                        <\/div>\n                        \n                        <div class=\"gallery_item\">\n\t\t\t\t\t\t\t<div class=\"gallery_item_padding\">\n\t\t\t\t\t\t\t\t<div class=\"gallery_item_wrapper\"><a href=\"https:\/\/velosystem.com\/ciclista\/wp-content\/uploads\/sites\/3\/2017\/09\/SIZE-MARKER-10.jpg\" class=\"swipebox\" title=\"Size Marker\"><\/a><img loading=\"lazy\" decoding=\"async\" class=\"gallery-stand-img\" src=\"https:\/\/velosystem.com\/ciclista\/wp-content\/uploads\/sites\/3\/2017\/09\/SIZE-MARKER-10-570x368.jpg\" alt=\"Size Marker\" width=\"570\" height=\"368\">\n\t\t\t\t\t\t\t\t\t<div class=\"gallery_fadder\"><\/div>\n\t\t\t\t\t\t\t\t\t<span class=\"featured_items_ico\"><\/span>\n\t\t\t\t\t\t\t\t<\/div>\n\t\t\t\t\t\t\t<\/div>\n                        <\/div>\n                        \n            <div class='clear'><\/div>\n            <\/div>\n            <\/div><!-- .module_cont --><\/div>","protected":false},"excerpt":{"rendered":"<p>Pedalare al TOP Performance Che cos&#8217;\u00e8 \u201cPedalare al TOP Performance&#8221; \u00e8 il servizio composto pi\u00f9 completo che consente di raggiungere il miglior livello di comfort, potenza e performance sulla propria bicicletta grazie ad una ricerca fine della posizione ideale. Ai vantaggi del Pedalare al TOP Comfort si aggiungono, infatti, quelli derivanti dalla ricerca millimetrica delle regolazioni di assetto effettuata tramite il Test Dinamico Dinamometrico: massimi livelli la prevenzione e risoluzione delle tensioni, massima efficienza e performance di pedalata. Cosa comprende \u201cPedalare al TOP\u00a0 Performance&#8221; \u00e8 composto dai seguenti servizi singoli: regolazione tacchette ricerca sella ideale ricerca manubrio ideale misurazione antropometrica video analisi (sagittale, frontale e orizzontale) bilanciamento posturale dx|sx test dinamico dinamometrico regolazione professionale della bicicletta su banco desk measurevel\u00f2 (DMV). A chi \u00e8 rivolto Il protocollo \u00e8\u00a0differenziato e specifico\u00a0per le principali specialit\u00e0,\u00a0strada, triathlon, mountain bike, e-bikes\u00a0e relative sotto specialit\u00e0. Il servizio \u00e8 rivolto a tutti i ciclisti di ogni et\u00e0 sesso e livello interessati a migliorare la propria posizione, comfort e performance in sella attraverso l\u2019eliminazione di ogni tensione e l\u2019incremento ai massimi livelli dell\u2019efficienza di pedalata. Ideale per chi desidera ottenere il massimo da se e dalla propria bicicletta. Vantaggi Indicazione per il corretto acquisto di telaio e [&hellip;]<\/p>\n","protected":false},"author":1,"featured_media":0,"parent":0,"menu_order":0,"comment_status":"closed","ping_status":"closed","template":"","meta":{"_acf_changed":false,"footnotes":""},"acf":[],"_links":{"self":[{"href":"https:\/\/velosystem.com\/ciclista\/wp-json\/wp\/v2\/pages\/176"}],"collection":[{"href":"https:\/\/velosystem.com\/ciclista\/wp-json\/wp\/v2\/pages"}],"about":[{"href":"https:\/\/velosystem.com\/ciclista\/wp-json\/wp\/v2\/types\/page"}],"author":[{"embeddable":true,"href":"https:\/\/velosystem.com\/ciclista\/wp-json\/wp\/v2\/users\/1"}],"replies":[{"embeddable":true,"href":"https:\/\/velosystem.com\/ciclista\/wp-json\/wp\/v2\/comments?post=176"}],"version-history":[{"count":9,"href":"https:\/\/velosystem.com\/ciclista\/wp-json\/wp\/v2\/pages\/176\/revisions"}],"predecessor-version":[{"id":2157,"href":"https:\/\/velosystem.com\/ciclista\/wp-json\/wp\/v2\/pages\/176\/revisions\/2157"}],"wp:attachment":[{"href":"https:\/\/velosystem.com\/ciclista\/wp-json\/wp\/v2\/media?parent=176"}],"curies":[{"name":"wp","href":"https:\/\/api.w.org\/{rel}","templated":true}]}}