{"id":32,"date":"2017-05-23T12:41:27","date_gmt":"2017-05-23T10:41:27","guid":{"rendered":"https:\/\/velosystem.com\/ciclista\/?page_id=32"},"modified":"2019-05-06T17:33:32","modified_gmt":"2019-05-06T15:33:32","slug":"solevelo","status":"publish","type":"page","link":"https:\/\/velosystem.com\/ciclista\/solevelo\/","title":{"rendered":"SoleVel\u00f2"},"content":{"rendered":"\n\t\t\t<!-- START solevel\u00f2 REVOLUTION SLIDER 6.6.20 --><p class=\"rs-p-wp-fix\"><\/p>\n\t\t\t<rs-module-wrap id=\"rev_slider_17_1_wrapper\" data-source=\"gallery\" style=\"visibility:hidden;background:transparent;padding:0;margin:0px auto;margin-top:0;margin-bottom:0;\">\n\t\t\t\t<rs-module id=\"rev_slider_17_1\" style=\"\" data-version=\"6.6.20\">\n\t\t\t\t\t<rs-slides style=\"overflow: hidden; position: absolute;\">\n\t\t\t\t\t\t<rs-slide style=\"position: absolute;\" data-key=\"rs-18\" data-title=\"Slide\" data-anim=\"adpr:false;\">\n\t\t\t\t\t\t\t<img decoding=\"async\" src=\"\/\/velosystem.com\/ciclista\/wp-content\/plugins\/revslider\/public\/assets\/assets\/dummy.png\" alt=\"\" title=\"SoleVel\u00f2\" class=\"rev-slidebg tp-rs-img rs-lazyload\" data-lazyload=\"\/\/velosystem.com\/ciclista\/wp-content\/uploads\/sites\/3\/2017\/09\/SOLE-grafica-3.jpg\" data-no-retina>\n<!---->\t\t\t\t\t\t<\/rs-slide>\n\t\t\t\t\t<\/rs-slides>\n\t\t\t\t<\/rs-module>\n\t\t\t\t<script>\n\t\t\t\t\tsetREVStartSize({c: 'rev_slider_17_1',rl:[1240,1024,778,480],el:[],gw:[1920],gh:[450],type:'standard',justify:'',layout:'fullwidth',mh:\"0\"});if (window.RS_MODULES!==undefined && window.RS_MODULES.modules!==undefined && window.RS_MODULES.modules[\"revslider171\"]!==undefined) {window.RS_MODULES.modules[\"revslider171\"].once = false;window.revapi17 = undefined;if (window.RS_MODULES.checkMinimal!==undefined) window.RS_MODULES.checkMinimal()}\n\t\t\t\t<\/script>\n\t\t\t<\/rs-module-wrap>\n\t\t\t<!-- END REVOLUTION SLIDER -->\n\n<img decoding=\"async\" style=\"height: 45px;margin: 20px auto\" src=\"https:\/\/velosystem.com\/ciclista\/wp-content\/uploads\/sites\/3\/2017\/10\/SoleVelo.png\" \/><\/p>\n<h2 class=\"title-product\">Che cos&#8217;\u00e8<\/h2>\n<p>SoleVel\u00f2 \u00e8 una <strong>soletta<\/strong> specificamente creata per il <strong>ciclismo<\/strong>.<\/p>\n<div class=\"video\"><iframe loading=\"lazy\" style=\"margin-top: 20px !important;\" src=\"https:\/\/player.vimeo.com\/video\/231864074\" width=\"100%\" height=\"450\" frameborder=\"0\" allowfullscreen=\"allowfullscreen\"><\/iframe><\/div>\n<h2 class=\"title-product\">Come funziona<\/h2>\n<p>SoleVel\u00f2 propone un ergonomico sostegno alle <strong>tre arcate del piede<\/strong> (longitudinale interna, longitudinale esterna, trasversale anteriore).<\/p>\n<p>Il supporto delle arcate pu\u00f2 essere ulteriormente personalizzato attraverso <strong>termoformatura<\/strong> realizzata con l\u2019apposito strumento <strong>WarmVel\u00f2<\/strong>.<\/p>\n<p>La forma ergonomica delle SoleVel\u00f2 consente al piede di <strong>distribuire le pressioni di spinta<\/strong> su una superficie pi\u00f9 ampia e di stabilizzare piede, caviglia e ginocchio migliorandone la verticalit\u00e0 della spinta rispetto al <strong>centro pedale.<\/strong><\/p>\n<p><img loading=\"lazy\" decoding=\"async\" class=\"alignnone size-full wp-image-442\" style=\"margin: 20px 0px\" src=\"https:\/\/velosystem.com\/ciclista\/wp-content\/uploads\/sites\/3\/2017\/05\/SOLE-grafica-1.jpg\" alt=\"\" width=\"1280\" height=\"540\" srcset=\"https:\/\/velosystem.com\/ciclista\/wp-content\/uploads\/sites\/3\/2017\/05\/SOLE-grafica-1.jpg 1280w, https:\/\/velosystem.com\/ciclista\/wp-content\/uploads\/sites\/3\/2017\/05\/SOLE-grafica-1-300x127.jpg 300w, https:\/\/velosystem.com\/ciclista\/wp-content\/uploads\/sites\/3\/2017\/05\/SOLE-grafica-1-768x324.jpg 768w, https:\/\/velosystem.com\/ciclista\/wp-content\/uploads\/sites\/3\/2017\/05\/SOLE-grafica-1-1024x432.jpg 1024w\" sizes=\"(max-width: 1280px) 100vw, 1280px\" \/><\/p>\n<h2 class=\"title-product\">Caratteristiche Tecniche<\/h2>\n<p>La struttura di Solevel\u00f2 \u00e8 costituita da una struttura a <strong>strati<\/strong> di materiale termoformabili di diverso spessore e gradi di resistestenza meccanica.<\/p>\n<p>Gli inserti specifici <strong>di materiale assorbente<\/strong> nella parte anteriore e in <strong>fibra di carbonio<\/strong> sulla parte posteriore ne completano ed esaltano le propriet\u00e0.<\/p>\n<hr \/>\n<h2 class=\"title-product\">A cosa serve?<\/h2>\n<p>Solevel\u00f2 \u00e8 la soletta indispensabile per ogni ciclista che ricerca <strong>il massimo del benessere e della performance nella pedalata.<\/strong> L\u2019aumento della superficie di spinta abbinato alla maggiore stabilit\u00e0 del piede permettono di incrementare confort e potenza della pedalata.<\/p>\n<p><img loading=\"lazy\" decoding=\"async\" class=\"alignnone size-full wp-image-443\" style=\"margin: 20px 0px\" src=\"https:\/\/velosystem.com\/ciclista\/wp-content\/uploads\/sites\/3\/2017\/05\/SOLE-grafica-2.jpg\" alt=\"\" width=\"1280\" height=\"540\" srcset=\"https:\/\/velosystem.com\/ciclista\/wp-content\/uploads\/sites\/3\/2017\/05\/SOLE-grafica-2.jpg 1280w, https:\/\/velosystem.com\/ciclista\/wp-content\/uploads\/sites\/3\/2017\/05\/SOLE-grafica-2-300x127.jpg 300w, https:\/\/velosystem.com\/ciclista\/wp-content\/uploads\/sites\/3\/2017\/05\/SOLE-grafica-2-768x324.jpg 768w, https:\/\/velosystem.com\/ciclista\/wp-content\/uploads\/sites\/3\/2017\/05\/SOLE-grafica-2-1024x432.jpg 1024w\" sizes=\"(max-width: 1280px) 100vw, 1280px\" \/><\/p>\n<h2 class=\"title-product\">A chi \u00e8 rivolto<\/h2>\n<p>Solevel\u00f2 sono indicate ad <strong>ogni ciclista di qualsiasi livello<\/strong> e specialit\u00e0 praticata.<\/p>\n<hr \/>\n<h2 class=\"title-product\">Vantaggi<\/h2>\n<ul>\n<li>Aumento della<strong> superficie di spinta<\/strong> e maggiore <strong>distribuzione delle tensioni<\/strong> meccaniche.<\/li>\n<li>Stabilizzazione del retro piede e maggiore <strong>allineamento<\/strong> del ginocchio sulla verticale di spinta con conseguente miglioramento dell\u2019efficienza prevenzione delle tensioni.<\/li>\n<li><strong>Riduzione delle tensioni<\/strong> meccaniche nella fascia metatarsale grazie allo specifico materiale assorbente<strong>.<\/strong><\/li>\n<\/ul>\n<div class='row'><div style='padding-bottom:;' class='span12 first-module module_number_1 module_cont  module_gallery'><div class='list-of-images images_in_a_row_4'>\n                        <div class=\"gallery_item\">\n\t\t\t\t\t\t\t<div class=\"gallery_item_padding\">\n\t\t\t\t\t\t\t\t<div class=\"gallery_item_wrapper\"><a href=\"https:\/\/velosystem.com\/ciclista\/wp-content\/uploads\/sites\/3\/2017\/09\/SOLE-4.jpg\" class=\"swipebox\" title=\"soletta Solevel\u00f2\"><\/a><img loading=\"lazy\" decoding=\"async\" class=\"gallery-stand-img\" src=\"https:\/\/velosystem.com\/ciclista\/wp-content\/uploads\/sites\/3\/2017\/09\/SOLE-4-570x368.jpg\" alt=\"soletta Solevel\u00f2\" width=\"570\" height=\"368\">\n\t\t\t\t\t\t\t\t\t<div class=\"gallery_fadder\"><\/div>\n\t\t\t\t\t\t\t\t\t<span class=\"featured_items_ico\"><\/span>\n\t\t\t\t\t\t\t\t<\/div>\n\t\t\t\t\t\t\t<\/div>\n                        <\/div>\n                        \n                        <div class=\"gallery_item\">\n\t\t\t\t\t\t\t<div class=\"gallery_item_padding\">\n\t\t\t\t\t\t\t\t<div class=\"gallery_item_wrapper\"><a href=\"https:\/\/velosystem.com\/ciclista\/wp-content\/uploads\/sites\/3\/2017\/09\/SOLE-DETTAGLIO-2.jpg\" class=\"swipebox\" title=\"soletta indispensabile per ogni ciclista che ricerca benessere e performance della pedalata\"><\/a><img loading=\"lazy\" decoding=\"async\" class=\"gallery-stand-img\" src=\"https:\/\/velosystem.com\/ciclista\/wp-content\/uploads\/sites\/3\/2017\/09\/SOLE-DETTAGLIO-2-570x368.jpg\" alt=\"soletta indispensabile per ogni ciclista che ricerca benessere e performance della pedalata\" width=\"570\" height=\"368\">\n\t\t\t\t\t\t\t\t\t<div class=\"gallery_fadder\"><\/div>\n\t\t\t\t\t\t\t\t\t<span class=\"featured_items_ico\"><\/span>\n\t\t\t\t\t\t\t\t<\/div>\n\t\t\t\t\t\t\t<\/div>\n                        <\/div>\n                        \n                        <div class=\"gallery_item\">\n\t\t\t\t\t\t\t<div class=\"gallery_item_padding\">\n\t\t\t\t\t\t\t\t<div class=\"gallery_item_wrapper\"><a href=\"https:\/\/velosystem.com\/ciclista\/wp-content\/uploads\/sites\/3\/2017\/09\/SOLE-DETTAGLIO-3.jpg\" class=\"swipebox\" title=\"Solevel\u00f2 sono indicate ad ogni ciclista di qualsiasi livello e specialit\u00e0 praticata.\"><\/a><img loading=\"lazy\" decoding=\"async\" class=\"gallery-stand-img\" src=\"https:\/\/velosystem.com\/ciclista\/wp-content\/uploads\/sites\/3\/2017\/09\/SOLE-DETTAGLIO-3-570x368.jpg\" alt=\"Solevel\u00f2 sono indicate ad ogni ciclista di qualsiasi livello e specialit\u00e0 praticata.\" width=\"570\" height=\"368\">\n\t\t\t\t\t\t\t\t\t<div class=\"gallery_fadder\"><\/div>\n\t\t\t\t\t\t\t\t\t<span class=\"featured_items_ico\"><\/span>\n\t\t\t\t\t\t\t\t<\/div>\n\t\t\t\t\t\t\t<\/div>\n                        <\/div>\n                        \n                        <div class=\"gallery_item\">\n\t\t\t\t\t\t\t<div class=\"gallery_item_padding\">\n\t\t\t\t\t\t\t\t<div class=\"gallery_item_wrapper\"><a href=\"https:\/\/velosystem.com\/ciclista\/wp-content\/uploads\/sites\/3\/2017\/09\/SOLE-DETTAGLIO-5.jpg\" class=\"swipebox\" title=\"La soletta Solevel\u00f2 \u00e8 costituita da una struttura a strati di materiale termoformabili\"><\/a><img loading=\"lazy\" decoding=\"async\" class=\"gallery-stand-img\" src=\"https:\/\/velosystem.com\/ciclista\/wp-content\/uploads\/sites\/3\/2017\/09\/SOLE-DETTAGLIO-5-570x368.jpg\" alt=\"La soletta Solevel\u00f2 \u00e8 costituita da una struttura a strati di materiale termoformabili\" width=\"570\" height=\"368\">\n\t\t\t\t\t\t\t\t\t<div class=\"gallery_fadder\"><\/div>\n\t\t\t\t\t\t\t\t\t<span class=\"featured_items_ico\"><\/span>\n\t\t\t\t\t\t\t\t<\/div>\n\t\t\t\t\t\t\t<\/div>\n                        <\/div>\n                        \n                        <div class=\"gallery_item\">\n\t\t\t\t\t\t\t<div class=\"gallery_item_padding\">\n\t\t\t\t\t\t\t\t<div class=\"gallery_item_wrapper\"><a href=\"https:\/\/velosystem.com\/ciclista\/wp-content\/uploads\/sites\/3\/2017\/09\/SOLE-grafica-3-2.jpg\" class=\"swipebox\" title=\"prodotto ergonomico\"><\/a><img loading=\"lazy\" decoding=\"async\" class=\"gallery-stand-img\" src=\"https:\/\/velosystem.com\/ciclista\/wp-content\/uploads\/sites\/3\/2017\/09\/SOLE-grafica-3-2-570x368.jpg\" alt=\"prodotto ergonomico\" width=\"570\" height=\"368\">\n\t\t\t\t\t\t\t\t\t<div class=\"gallery_fadder\"><\/div>\n\t\t\t\t\t\t\t\t\t<span class=\"featured_items_ico\"><\/span>\n\t\t\t\t\t\t\t\t<\/div>\n\t\t\t\t\t\t\t<\/div>\n                        <\/div>\n                        \n                        <div class=\"gallery_item\">\n\t\t\t\t\t\t\t<div class=\"gallery_item_padding\">\n\t\t\t\t\t\t\t\t<div class=\"gallery_item_wrapper\"><a href=\"https:\/\/velosystem.com\/ciclista\/wp-content\/uploads\/sites\/3\/2017\/09\/SOLE-grafica-4.jpg\" class=\"swipebox\" title=\"Aumento della superficie di spinta\"><\/a><img loading=\"lazy\" decoding=\"async\" class=\"gallery-stand-img\" src=\"https:\/\/velosystem.com\/ciclista\/wp-content\/uploads\/sites\/3\/2017\/09\/SOLE-grafica-4-570x368.jpg\" alt=\"Aumento della superficie di spinta\" width=\"570\" height=\"368\">\n\t\t\t\t\t\t\t\t\t<div class=\"gallery_fadder\"><\/div>\n\t\t\t\t\t\t\t\t\t<span class=\"featured_items_ico\"><\/span>\n\t\t\t\t\t\t\t\t<\/div>\n\t\t\t\t\t\t\t<\/div>\n                        <\/div>\n                        \n                        <div class=\"gallery_item\">\n\t\t\t\t\t\t\t<div class=\"gallery_item_padding\">\n\t\t\t\t\t\t\t\t<div class=\"gallery_item_wrapper\"><a href=\"https:\/\/velosystem.com\/ciclista\/wp-content\/uploads\/sites\/3\/2017\/09\/SOLE-grafica-5.jpg\" class=\"swipebox\" title=\"SoleVel\u00f2 propone un ergonomico sostegno alle tre arcate del piede\"><\/a><img loading=\"lazy\" decoding=\"async\" class=\"gallery-stand-img\" src=\"https:\/\/velosystem.com\/ciclista\/wp-content\/uploads\/sites\/3\/2017\/09\/SOLE-grafica-5-570x368.jpg\" alt=\"SoleVel\u00f2 propone un ergonomico sostegno alle tre arcate del piede\" width=\"570\" height=\"368\">\n\t\t\t\t\t\t\t\t\t<div class=\"gallery_fadder\"><\/div>\n\t\t\t\t\t\t\t\t\t<span class=\"featured_items_ico\"><\/span>\n\t\t\t\t\t\t\t\t<\/div>\n\t\t\t\t\t\t\t<\/div>\n                        <\/div>\n                        \n                        <div class=\"gallery_item\">\n\t\t\t\t\t\t\t<div class=\"gallery_item_padding\">\n\t\t\t\t\t\t\t\t<div class=\"gallery_item_wrapper\"><a href=\"https:\/\/velosystem.com\/ciclista\/wp-content\/uploads\/sites\/3\/2017\/09\/SOLE-TOTALE-1.jpg\" class=\"swipebox\" title=\"Soletta per il ciclismo\"><\/a><img loading=\"lazy\" decoding=\"async\" class=\"gallery-stand-img\" src=\"https:\/\/velosystem.com\/ciclista\/wp-content\/uploads\/sites\/3\/2017\/09\/SOLE-TOTALE-1-570x368.jpg\" alt=\"Soletta per il ciclismo\" width=\"570\" height=\"368\">\n\t\t\t\t\t\t\t\t\t<div class=\"gallery_fadder\"><\/div>\n\t\t\t\t\t\t\t\t\t<span class=\"featured_items_ico\"><\/span>\n\t\t\t\t\t\t\t\t<\/div>\n\t\t\t\t\t\t\t<\/div>\n                        <\/div>\n                        \n            <div class='clear'><\/div>\n            <\/div>\n            <\/div><!-- .module_cont --><\/div>","protected":false},"excerpt":{"rendered":"<p>Che cos&#8217;\u00e8 SoleVel\u00f2 \u00e8 una soletta specificamente creata per il ciclismo. Come funziona SoleVel\u00f2 propone un ergonomico sostegno alle tre arcate del piede (longitudinale interna, longitudinale esterna, trasversale anteriore). Il supporto delle arcate pu\u00f2 essere ulteriormente personalizzato attraverso termoformatura realizzata con l\u2019apposito strumento WarmVel\u00f2. La forma ergonomica delle SoleVel\u00f2 consente al piede di distribuire le pressioni di spinta su una superficie pi\u00f9 ampia e di stabilizzare piede, caviglia e ginocchio migliorandone la verticalit\u00e0 della spinta rispetto al centro pedale. Caratteristiche Tecniche La struttura di Solevel\u00f2 \u00e8 costituita da una struttura a strati di materiale termoformabili di diverso spessore e gradi di resistestenza meccanica. Gli inserti specifici di materiale assorbente nella parte anteriore e in fibra di carbonio sulla parte posteriore ne completano ed esaltano le propriet\u00e0. A cosa serve? Solevel\u00f2 \u00e8 la soletta indispensabile per ogni ciclista che ricerca il massimo del benessere e della performance nella pedalata. L\u2019aumento della superficie di spinta abbinato alla maggiore stabilit\u00e0 del piede permettono di incrementare confort e potenza della pedalata. A chi \u00e8 rivolto Solevel\u00f2 sono indicate ad ogni ciclista di qualsiasi livello e specialit\u00e0 praticata. Vantaggi Aumento della superficie di spinta e maggiore distribuzione delle tensioni meccaniche. Stabilizzazione del retro piede e [&hellip;]<\/p>\n","protected":false},"author":1,"featured_media":0,"parent":0,"menu_order":2,"comment_status":"closed","ping_status":"closed","template":"","meta":{"_acf_changed":false,"footnotes":""},"acf":[],"_links":{"self":[{"href":"https:\/\/velosystem.com\/ciclista\/wp-json\/wp\/v2\/pages\/32"}],"collection":[{"href":"https:\/\/velosystem.com\/ciclista\/wp-json\/wp\/v2\/pages"}],"about":[{"href":"https:\/\/velosystem.com\/ciclista\/wp-json\/wp\/v2\/types\/page"}],"author":[{"embeddable":true,"href":"https:\/\/velosystem.com\/ciclista\/wp-json\/wp\/v2\/users\/1"}],"replies":[{"embeddable":true,"href":"https:\/\/velosystem.com\/ciclista\/wp-json\/wp\/v2\/comments?post=32"}],"version-history":[{"count":16,"href":"https:\/\/velosystem.com\/ciclista\/wp-json\/wp\/v2\/pages\/32\/revisions"}],"predecessor-version":[{"id":128,"href":"https:\/\/velosystem.com\/ciclista\/wp-json\/wp\/v2\/pages\/32\/revisions\/128"}],"wp:attachment":[{"href":"https:\/\/velosystem.com\/ciclista\/wp-json\/wp\/v2\/media?parent=32"}],"curies":[{"name":"wp","href":"https:\/\/api.w.org\/{rel}","templated":true}]}}