{"id":34,"date":"2017-05-23T12:41:44","date_gmt":"2017-05-23T10:41:44","guid":{"rendered":"https:\/\/velosystem.com\/ciclista\/?page_id=34"},"modified":"2018-09-27T17:27:41","modified_gmt":"2018-09-27T15:27:41","slug":"regolazione-tacchette","status":"publish","type":"page","link":"https:\/\/velosystem.com\/ciclista\/regolazione-tacchette\/","title":{"rendered":"Regolazione Tacchette"},"content":{"rendered":"\n\t\t\t<!-- START regolazionetacchette REVOLUTION SLIDER 6.6.20 --><p class=\"rs-p-wp-fix\"><\/p>\n\t\t\t<rs-module-wrap id=\"rev_slider_3_1_wrapper\" data-source=\"gallery\" style=\"visibility:hidden;background:transparent;padding:0;margin:0px auto;margin-top:0;margin-bottom:0;\">\n\t\t\t\t<rs-module id=\"rev_slider_3_1\" style=\"\" data-version=\"6.6.20\">\n\t\t\t\t\t<rs-slides style=\"overflow: hidden; position: absolute;\">\n\t\t\t\t\t\t<rs-slide style=\"position: absolute;\" data-key=\"rs-3\" data-title=\"Slide\" data-anim=\"adpr:false;\">\n\t\t\t\t\t\t\t<img decoding=\"async\" src=\"\/\/velosystem.com\/ciclista\/wp-content\/plugins\/revslider\/public\/assets\/assets\/dummy.png\" alt=\"\" title=\"Regolazione Tacchette\" class=\"rev-slidebg tp-rs-img rs-lazyload\" data-lazyload=\"\/\/velosystem.com\/ciclista\/wp-content\/uploads\/sites\/3\/2017\/09\/CLEAT-4-1.jpg\" data-no-retina>\n<!---->\t\t\t\t\t\t<\/rs-slide>\n\t\t\t\t\t<\/rs-slides>\n\t\t\t\t<\/rs-module>\n\t\t\t\t<script>\n\t\t\t\t\tsetREVStartSize({c: 'rev_slider_3_1',rl:[1240,1024,778,480],el:[],gw:[1920],gh:[450],type:'standard',justify:'',layout:'fullwidth',mh:\"0\"});if (window.RS_MODULES!==undefined && window.RS_MODULES.modules!==undefined && window.RS_MODULES.modules[\"revslider31\"]!==undefined) {window.RS_MODULES.modules[\"revslider31\"].once = false;window.revapi3 = undefined;if (window.RS_MODULES.checkMinimal!==undefined) window.RS_MODULES.checkMinimal()}\n\t\t\t\t<\/script>\n\t\t\t<\/rs-module-wrap>\n\t\t\t<!-- END REVOLUTION SLIDER -->\n\n<h1 class=\"title\">Regolazione Tacchette<\/h1>\n<h2 class=\"title-product\">Che cos&#8217;\u00e8<\/h2>\n<p>La \u201cregolazione delle tacchette\u201d \u00e8 la prima e fondamentale <strong>regolazione<\/strong> <strong>biomeccanica<\/strong> per il ciclista che consente al piede di posizionarsi in modo <strong>ideale<\/strong> rispetto al pedale per garantire la spinta pi\u00f9 efficace.<\/p>\n<hr \/>\n<h2 class=\"title-product\">Come funziona<\/h2>\n<p>Il ciclista, dopo una attenta valutazione del proprio piede, si posiziona sul <strong>CleatVel\u00f2<\/strong> in stazione eretta con le scarpe indossate e le tacchette sbloccate e alloggiate nelle apposite dime.<\/p>\n<p>Il tecnico attraverso gli appositi controlli laser e grafici di allineamento e le specifiche manovre di regolazione porter\u00e0 la scarpa e conseguentemente la tacchetta nella <strong>corretta posizione antro posteriore e angolare.<\/strong><\/p>\n<p><img loading=\"lazy\" decoding=\"async\" class=\"alignnone size-full wp-image-239\" style=\"margin: 20px 0px\" src=\"https:\/\/velosystem.com\/ciclista\/wp-content\/uploads\/sites\/3\/2017\/05\/CLEAT-1.jpg\" alt=\"\" width=\"1280\" height=\"540\" srcset=\"https:\/\/velosystem.com\/ciclista\/wp-content\/uploads\/sites\/3\/2017\/05\/CLEAT-1.jpg 1280w, https:\/\/velosystem.com\/ciclista\/wp-content\/uploads\/sites\/3\/2017\/05\/CLEAT-1-300x127.jpg 300w, https:\/\/velosystem.com\/ciclista\/wp-content\/uploads\/sites\/3\/2017\/05\/CLEAT-1-768x324.jpg 768w, https:\/\/velosystem.com\/ciclista\/wp-content\/uploads\/sites\/3\/2017\/05\/CLEAT-1-1024x432.jpg 1024w\" sizes=\"(max-width: 1280px) 100vw, 1280px\" \/><\/p>\n<h2 class=\"title-product\">Caratteristiche Tecniche<\/h2>\n<p>La \u201cregolazione delle tachette\u201d Velosystem viene effettuata su <strong>tutte le tipologie di tacchette in commercio<\/strong> e prevede i segunti passaggi:<\/p>\n<ul>\n<li><strong>Controllo<\/strong> del piede e dell\u2019ergonomia della scarpa<\/li>\n<li><strong>Posizionamento<\/strong> <strong>CleatVel\u00f2_Label<\/strong> fra suola e tacchetta<\/li>\n<li><strong>Regolazione<\/strong> eseguita direttamente su scarpa calzata<\/li>\n<li><strong>Allineamento su riferimenti cardinali<\/strong> del pedale effettuato su CleatVel\u00f2<\/li>\n<li><strong>Registrazione valori di regolazione<\/strong> su apposita scheda e piattaforma Softvel\u00f2<\/li>\n<\/ul>\n<hr \/>\n<h2 class=\"title-product\">A cosa serve?<\/h2>\n<p>La \u201c<strong>regolazione delle tachette<\/strong>\u201d consente di ottimizzare l\u2019efficienza della <strong>pedalata<\/strong> con la finalit\u00e0 di prevenire tensioni da sovraccarico e di migliorare la <strong>performance<\/strong>.<\/p>\n<p><img loading=\"lazy\" decoding=\"async\" class=\"alignnone size-full wp-image-240\" style=\"margin: 20px 0px\" src=\"https:\/\/velosystem.com\/ciclista\/wp-content\/uploads\/sites\/3\/2017\/05\/CLEAT-TB-grafica-4.jpg\" alt=\"\" width=\"1280\" height=\"540\" srcset=\"https:\/\/velosystem.com\/ciclista\/wp-content\/uploads\/sites\/3\/2017\/05\/CLEAT-TB-grafica-4.jpg 1280w, https:\/\/velosystem.com\/ciclista\/wp-content\/uploads\/sites\/3\/2017\/05\/CLEAT-TB-grafica-4-300x127.jpg 300w, https:\/\/velosystem.com\/ciclista\/wp-content\/uploads\/sites\/3\/2017\/05\/CLEAT-TB-grafica-4-768x324.jpg 768w, https:\/\/velosystem.com\/ciclista\/wp-content\/uploads\/sites\/3\/2017\/05\/CLEAT-TB-grafica-4-1024x432.jpg 1024w\" sizes=\"(max-width: 1280px) 100vw, 1280px\" \/><\/p>\n<h2 class=\"title-product\">A chi \u00e8 rivolto<\/h2>\n<p><strong>A tutti i ciclisti<\/strong> di ogni et\u00e0 sesso e livello.<\/p>\n<hr \/>\n<h2 class=\"title-product\">Vantaggi<\/h2>\n<ul>\n<li>Miglioramento <strong>tecnica<\/strong> della <strong>pedalata<\/strong>.<\/li>\n<li><strong>Prevenzione delle tensioni<\/strong> muscolo tendinee e articolari.<\/li>\n<li>Maggiore <strong>potenza sui pedali.<\/strong><\/li>\n<\/ul>\n<div class='row'><div style='padding-bottom:;' class='span12 first-module module_number_1 module_cont  module_gallery'><div class='list-of-images images_in_a_row_4'>\n                        <div class=\"gallery_item\">\n\t\t\t\t\t\t\t<div class=\"gallery_item_padding\">\n\t\t\t\t\t\t\t\t<div class=\"gallery_item_wrapper\"><a href=\"https:\/\/velosystem.com\/ciclista\/wp-content\/uploads\/sites\/3\/2017\/05\/CLEAT-1.jpg\" class=\"swipebox\" title=\"valutazione e misurazione del piede e allineamento delle articolazioni della gamba\"><\/a><img loading=\"lazy\" decoding=\"async\" class=\"gallery-stand-img\" src=\"https:\/\/velosystem.com\/ciclista\/wp-content\/uploads\/sites\/3\/2017\/05\/CLEAT-1-570x368.jpg\" alt=\"valutazione e misurazione del piede e allineamento delle articolazioni della gamba\" width=\"570\" height=\"368\">\n\t\t\t\t\t\t\t\t\t<div class=\"gallery_fadder\"><\/div>\n\t\t\t\t\t\t\t\t\t<span class=\"featured_items_ico\"><\/span>\n\t\t\t\t\t\t\t\t<\/div>\n\t\t\t\t\t\t\t<\/div>\n                        <\/div>\n                        \n                        <div class=\"gallery_item\">\n\t\t\t\t\t\t\t<div class=\"gallery_item_padding\">\n\t\t\t\t\t\t\t\t<div class=\"gallery_item_wrapper\"><a href=\"https:\/\/velosystem.com\/ciclista\/wp-content\/uploads\/sites\/3\/2017\/09\/CLEAT-3.jpg\" class=\"swipebox\" title=\"I parametri di correzione saranno poi riportati nella regolazione delle tacchette (CleatVel\u00f2).\"><\/a><img loading=\"lazy\" decoding=\"async\" class=\"gallery-stand-img\" src=\"https:\/\/velosystem.com\/ciclista\/wp-content\/uploads\/sites\/3\/2017\/09\/CLEAT-3-570x368.jpg\" alt=\"I parametri di correzione saranno poi riportati nella regolazione delle tacchette (CleatVel\u00f2).\" width=\"570\" height=\"368\">\n\t\t\t\t\t\t\t\t\t<div class=\"gallery_fadder\"><\/div>\n\t\t\t\t\t\t\t\t\t<span class=\"featured_items_ico\"><\/span>\n\t\t\t\t\t\t\t\t<\/div>\n\t\t\t\t\t\t\t<\/div>\n                        <\/div>\n                        \n                        <div class=\"gallery_item\">\n\t\t\t\t\t\t\t<div class=\"gallery_item_padding\">\n\t\t\t\t\t\t\t\t<div class=\"gallery_item_wrapper\"><a href=\"https:\/\/velosystem.com\/ciclista\/wp-content\/uploads\/sites\/3\/2017\/09\/CLEAT-4.jpg\" class=\"swipebox\" title=\"CleatVel\u00f2_Tablet si compone di una base in plexiglass nero su cui sono stampati e applicati i riferimenti grafici e meccanici\"><\/a><img loading=\"lazy\" decoding=\"async\" class=\"gallery-stand-img\" src=\"https:\/\/velosystem.com\/ciclista\/wp-content\/uploads\/sites\/3\/2017\/09\/CLEAT-4-570x368.jpg\" alt=\"CleatVel\u00f2_Tablet si compone di una base in plexiglass nero su cui sono stampati e applicati i riferimenti grafici e meccanici\" width=\"570\" height=\"368\">\n\t\t\t\t\t\t\t\t\t<div class=\"gallery_fadder\"><\/div>\n\t\t\t\t\t\t\t\t\t<span class=\"featured_items_ico\"><\/span>\n\t\t\t\t\t\t\t\t<\/div>\n\t\t\t\t\t\t\t<\/div>\n                        <\/div>\n                        \n                        <div class=\"gallery_item\">\n\t\t\t\t\t\t\t<div class=\"gallery_item_padding\">\n\t\t\t\t\t\t\t\t<div class=\"gallery_item_wrapper\"><a href=\"https:\/\/velosystem.com\/ciclista\/wp-content\/uploads\/sites\/3\/2017\/09\/CLEAT-13.jpg\" class=\"swipebox\" title=\"CleatVel\u00f2_Tablet si compone di una base vin plexiglass con i riferimenti grafici e meccanici\"><\/a><img loading=\"lazy\" decoding=\"async\" class=\"gallery-stand-img\" src=\"https:\/\/velosystem.com\/ciclista\/wp-content\/uploads\/sites\/3\/2017\/09\/CLEAT-13-570x368.jpg\" alt=\"CleatVel\u00f2_Tablet si compone di una base vin plexiglass con i riferimenti grafici e meccanici\" width=\"570\" height=\"368\">\n\t\t\t\t\t\t\t\t\t<div class=\"gallery_fadder\"><\/div>\n\t\t\t\t\t\t\t\t\t<span class=\"featured_items_ico\"><\/span>\n\t\t\t\t\t\t\t\t<\/div>\n\t\t\t\t\t\t\t<\/div>\n                        <\/div>\n                        \n                        <div class=\"gallery_item\">\n\t\t\t\t\t\t\t<div class=\"gallery_item_padding\">\n\t\t\t\t\t\t\t\t<div class=\"gallery_item_wrapper\"><a href=\"https:\/\/velosystem.com\/ciclista\/wp-content\/uploads\/sites\/3\/2017\/09\/CLEAT-TB-1.jpg\" class=\"swipebox\" title=\"puntatori laser, a riferimento degli assi pedale, il tecnico pu\u00f2 modificare e correggere i disallineamenti funzionali e\/o strutturali dell\u2019appoggio.\"><\/a><img loading=\"lazy\" decoding=\"async\" class=\"gallery-stand-img\" src=\"https:\/\/velosystem.com\/ciclista\/wp-content\/uploads\/sites\/3\/2017\/09\/CLEAT-TB-1-570x368.jpg\" alt=\"puntatori laser, a riferimento degli assi pedale, il tecnico pu\u00f2 modificare e correggere i disallineamenti funzionali e\/o strutturali dell\u2019appoggio.\" width=\"570\" height=\"368\">\n\t\t\t\t\t\t\t\t\t<div class=\"gallery_fadder\"><\/div>\n\t\t\t\t\t\t\t\t\t<span class=\"featured_items_ico\"><\/span>\n\t\t\t\t\t\t\t\t<\/div>\n\t\t\t\t\t\t\t<\/div>\n                        <\/div>\n                        \n                        <div class=\"gallery_item\">\n\t\t\t\t\t\t\t<div class=\"gallery_item_padding\">\n\t\t\t\t\t\t\t\t<div class=\"gallery_item_wrapper\"><a href=\"https:\/\/velosystem.com\/ciclista\/wp-content\/uploads\/sites\/3\/2017\/09\/CLEAT-TB-2.jpg\" class=\"swipebox\" title=\"puntatori laser\"><\/a><img loading=\"lazy\" decoding=\"async\" class=\"gallery-stand-img\" src=\"https:\/\/velosystem.com\/ciclista\/wp-content\/uploads\/sites\/3\/2017\/09\/CLEAT-TB-2-570x368.jpg\" alt=\"puntatori laser\" width=\"570\" height=\"368\">\n\t\t\t\t\t\t\t\t\t<div class=\"gallery_fadder\"><\/div>\n\t\t\t\t\t\t\t\t\t<span class=\"featured_items_ico\"><\/span>\n\t\t\t\t\t\t\t\t<\/div>\n\t\t\t\t\t\t\t<\/div>\n                        <\/div>\n                        \n                        <div class=\"gallery_item\">\n\t\t\t\t\t\t\t<div class=\"gallery_item_padding\">\n\t\t\t\t\t\t\t\t<div class=\"gallery_item_wrapper\"><a href=\"https:\/\/velosystem.com\/ciclista\/wp-content\/uploads\/sites\/3\/2017\/05\/CLEAT-TB-grafica-4.jpg\" class=\"swipebox\" title=\"Il CleatVel\u00f2_Tablet \u00e8 rivolto a meccanici, negozianti, tecnici biomeccanici, bike fitter.\"><\/a><img loading=\"lazy\" decoding=\"async\" class=\"gallery-stand-img\" src=\"https:\/\/velosystem.com\/ciclista\/wp-content\/uploads\/sites\/3\/2017\/05\/CLEAT-TB-grafica-4-570x368.jpg\" alt=\"Il CleatVel\u00f2_Tablet \u00e8 rivolto a meccanici, negozianti, tecnici biomeccanici, bike fitter.\" width=\"570\" height=\"368\">\n\t\t\t\t\t\t\t\t\t<div class=\"gallery_fadder\"><\/div>\n\t\t\t\t\t\t\t\t\t<span class=\"featured_items_ico\"><\/span>\n\t\t\t\t\t\t\t\t<\/div>\n\t\t\t\t\t\t\t<\/div>\n                        <\/div>\n                        \n                        <div class=\"gallery_item\">\n\t\t\t\t\t\t\t<div class=\"gallery_item_padding\">\n\t\t\t\t\t\t\t\t<div class=\"gallery_item_wrapper\"><a href=\"https:\/\/velosystem.com\/ciclista\/wp-content\/uploads\/sites\/3\/2017\/09\/CLEAT-TB-7.jpg\" class=\"swipebox\" title=\"CleatVel\u00f2_Tablet permette anche di verificare il beneficio apportato dal utilizzo di una soletta ergonomica (SolVel\u00f2).\"><\/a><img loading=\"lazy\" decoding=\"async\" class=\"gallery-stand-img\" src=\"https:\/\/velosystem.com\/ciclista\/wp-content\/uploads\/sites\/3\/2017\/09\/CLEAT-TB-7-570x368.jpg\" alt=\"CleatVel\u00f2_Tablet permette anche di verificare il beneficio apportato dal utilizzo di una soletta ergonomica (SolVel\u00f2).\" width=\"570\" height=\"368\">\n\t\t\t\t\t\t\t\t\t<div class=\"gallery_fadder\"><\/div>\n\t\t\t\t\t\t\t\t\t<span class=\"featured_items_ico\"><\/span>\n\t\t\t\t\t\t\t\t<\/div>\n\t\t\t\t\t\t\t<\/div>\n                        <\/div>\n                        \n            <div class='clear'><\/div>\n            <\/div>\n            <\/div><!-- .module_cont --><\/div>","protected":false},"excerpt":{"rendered":"<p>Regolazione Tacchette Che cos&#8217;\u00e8 La \u201cregolazione delle tacchette\u201d \u00e8 la prima e fondamentale regolazione biomeccanica per il ciclista che consente al piede di posizionarsi in modo ideale rispetto al pedale per garantire la spinta pi\u00f9 efficace. Come funziona Il ciclista, dopo una attenta valutazione del proprio piede, si posiziona sul CleatVel\u00f2 in stazione eretta con le scarpe indossate e le tacchette sbloccate e alloggiate nelle apposite dime. Il tecnico attraverso gli appositi controlli laser e grafici di allineamento e le specifiche manovre di regolazione porter\u00e0 la scarpa e conseguentemente la tacchetta nella corretta posizione antro posteriore e angolare. Caratteristiche Tecniche La \u201cregolazione delle tachette\u201d Velosystem viene effettuata su tutte le tipologie di tacchette in commercio e prevede i segunti passaggi: Controllo del piede e dell\u2019ergonomia della scarpa Posizionamento CleatVel\u00f2_Label fra suola e tacchetta Regolazione eseguita direttamente su scarpa calzata Allineamento su riferimenti cardinali del pedale effettuato su CleatVel\u00f2 Registrazione valori di regolazione su apposita scheda e piattaforma Softvel\u00f2 A cosa serve? La \u201cregolazione delle tachette\u201d consente di ottimizzare l\u2019efficienza della pedalata con la finalit\u00e0 di prevenire tensioni da sovraccarico e di migliorare la performance. A chi \u00e8 rivolto A tutti i ciclisti di ogni et\u00e0 sesso e livello. Vantaggi Miglioramento [&hellip;]<\/p>\n","protected":false},"author":1,"featured_media":0,"parent":0,"menu_order":3,"comment_status":"closed","ping_status":"closed","template":"","meta":{"_acf_changed":false,"footnotes":""},"acf":[],"_links":{"self":[{"href":"https:\/\/velosystem.com\/ciclista\/wp-json\/wp\/v2\/pages\/34"}],"collection":[{"href":"https:\/\/velosystem.com\/ciclista\/wp-json\/wp\/v2\/pages"}],"about":[{"href":"https:\/\/velosystem.com\/ciclista\/wp-json\/wp\/v2\/types\/page"}],"author":[{"embeddable":true,"href":"https:\/\/velosystem.com\/ciclista\/wp-json\/wp\/v2\/users\/1"}],"replies":[{"embeddable":true,"href":"https:\/\/velosystem.com\/ciclista\/wp-json\/wp\/v2\/comments?post=34"}],"version-history":[{"count":9,"href":"https:\/\/velosystem.com\/ciclista\/wp-json\/wp\/v2\/pages\/34\/revisions"}],"predecessor-version":[{"id":891,"href":"https:\/\/velosystem.com\/ciclista\/wp-json\/wp\/v2\/pages\/34\/revisions\/891"}],"wp:attachment":[{"href":"https:\/\/velosystem.com\/ciclista\/wp-json\/wp\/v2\/media?parent=34"}],"curies":[{"name":"wp","href":"https:\/\/api.w.org\/{rel}","templated":true}]}}