{"id":36,"date":"2017-05-23T12:41:56","date_gmt":"2017-05-23T10:41:56","guid":{"rendered":"https:\/\/velosystem.com\/ciclista\/?page_id=36"},"modified":"2018-09-27T17:57:00","modified_gmt":"2018-09-27T15:57:00","slug":"regolazione-sella","status":"publish","type":"page","link":"https:\/\/velosystem.com\/ciclista\/regolazione-sella\/","title":{"rendered":"Regolazione Sella"},"content":{"rendered":"\n\t\t\t<!-- START regolazionesella REVOLUTION SLIDER 6.6.20 --><p class=\"rs-p-wp-fix\"><\/p>\n\t\t\t<rs-module-wrap id=\"rev_slider_4_1_wrapper\" data-source=\"gallery\" style=\"visibility:hidden;background:transparent;padding:0;margin:0px auto;margin-top:0;margin-bottom:0;\">\n\t\t\t\t<rs-module id=\"rev_slider_4_1\" style=\"\" data-version=\"6.6.20\">\n\t\t\t\t\t<rs-slides style=\"overflow: hidden; position: absolute;\">\n\t\t\t\t\t\t<rs-slide style=\"position: absolute;\" data-key=\"rs-4\" data-title=\"Slide\" data-anim=\"adpr:false;\">\n\t\t\t\t\t\t\t<img decoding=\"async\" src=\"\/\/velosystem.com\/ciclista\/wp-content\/plugins\/revslider\/public\/assets\/assets\/dummy.png\" alt=\"\" title=\"Regolazione Sella\" class=\"rev-slidebg tp-rs-img rs-lazyload\" data-lazyload=\"\/\/velosystem.com\/ciclista\/wp-content\/uploads\/sites\/3\/2017\/09\/ISCHIO-BOLLA-1.jpg\" data-no-retina>\n<!---->\t\t\t\t\t\t<\/rs-slide>\n\t\t\t\t\t<\/rs-slides>\n\t\t\t\t<\/rs-module>\n\t\t\t\t<script>\n\t\t\t\t\tsetREVStartSize({c: 'rev_slider_4_1',rl:[1240,1024,778,480],el:[],gw:[1920],gh:[450],type:'standard',justify:'',layout:'fullwidth',mh:\"0\"});if (window.RS_MODULES!==undefined && window.RS_MODULES.modules!==undefined && window.RS_MODULES.modules[\"revslider41\"]!==undefined) {window.RS_MODULES.modules[\"revslider41\"].once = false;window.revapi4 = undefined;if (window.RS_MODULES.checkMinimal!==undefined) window.RS_MODULES.checkMinimal()}\n\t\t\t\t<\/script>\n\t\t\t<\/rs-module-wrap>\n\t\t\t<!-- END REVOLUTION SLIDER -->\n\n<h1 class=\"title\">Regolazione Sella<\/h1>\n<h2 class=\"title-product\">Che cos&#8217;\u00e8<\/h2>\n<p>La \u201cricerca della sella ideale\u201d \u00e8 il servizio che consente di <strong>personalizzare la scelta della sella<\/strong> in funzione delle proprie caratteristiche fisiche e della specialit\u00e0 praticata.<\/p>\n<hr \/>\n<h2 class=\"title-product\">Come funziona<\/h2>\n<p>Il ciclista viene invitato a sedersi sull\u2019apposita postazione, <strong>IschioVel\u00f2<\/strong>, predisposta con uno specifico <strong>tester<\/strong> che consente la raccolta dell\u2019impronta della parte inferiore del bacino (<strong>ossa ischiatiche<\/strong>).<\/p>\n<p>Successivamente il ciclista viene invitato ad effettuare una flessione del busto per individuare il proprio <strong>grado di flessibilit\u00e0.<\/strong><\/p>\n<p>I dati ottenuti integrati con altri dati personali vengono inseriti nel software <strong>SoftVel\u00f2<\/strong> ed elaborati per individuare la sella ideale.<\/p>\n<p><img loading=\"lazy\" decoding=\"async\" class=\"alignnone size-full wp-image-251\" style=\"margin: 20px 0px\" src=\"https:\/\/velosystem.com\/ciclista\/wp-content\/uploads\/sites\/3\/2017\/09\/ISCHIO-5.jpg\" alt=\"\" width=\"1280\" height=\"540\" srcset=\"https:\/\/velosystem.com\/ciclista\/wp-content\/uploads\/sites\/3\/2017\/09\/ISCHIO-5.jpg 1280w, https:\/\/velosystem.com\/ciclista\/wp-content\/uploads\/sites\/3\/2017\/09\/ISCHIO-5-300x127.jpg 300w, https:\/\/velosystem.com\/ciclista\/wp-content\/uploads\/sites\/3\/2017\/09\/ISCHIO-5-768x324.jpg 768w, https:\/\/velosystem.com\/ciclista\/wp-content\/uploads\/sites\/3\/2017\/09\/ISCHIO-5-1024x432.jpg 1024w\" sizes=\"(max-width: 1280px) 100vw, 1280px\" \/><\/p>\n<h2 class=\"title-product\">Caratteristiche Tecniche<\/h2>\n<p>Il Servizio di <strong>\u201cricerca sella ideale Velosystem\u201d<\/strong> si compone dei seguenti elementi:<\/p>\n<ul>\n<li>Rilevazione dell\u2019<strong>impronta della seduta<\/strong><\/li>\n<li>Rilevazione dell\u2019<strong>angolo di flessione del tronco<\/strong> tramite livella digitale<\/li>\n<li>Ricerca della <strong>sella ideale tramite SoftVel\u00f2<\/strong> su tutti i marchi e modelli in commercio<\/li>\n<li><strong>Consegna scheda tecnica<\/strong><\/li>\n<\/ul>\n<hr \/>\n<h2 class=\"title-product\">A cosa serve?<\/h2>\n<p>Il servizio di \u201cricerca sella ideale Velosystem\u201d permette di assegnare ad ogni ciclista <strong>la sella adeguata alle personali caratteristiche fisiche e alla specialit\u00e0 praticata.<\/strong><\/p>\n<p><img loading=\"lazy\" decoding=\"async\" class=\"alignnone size-full wp-image-254\" style=\"margin: 20px 0px\" src=\"https:\/\/velosystem.com\/ciclista\/wp-content\/uploads\/sites\/3\/2017\/09\/MEASURE-SZS-2.jpg\" alt=\"\" width=\"1280\" height=\"540\" srcset=\"https:\/\/velosystem.com\/ciclista\/wp-content\/uploads\/sites\/3\/2017\/09\/MEASURE-SZS-2.jpg 1280w, https:\/\/velosystem.com\/ciclista\/wp-content\/uploads\/sites\/3\/2017\/09\/MEASURE-SZS-2-300x127.jpg 300w, https:\/\/velosystem.com\/ciclista\/wp-content\/uploads\/sites\/3\/2017\/09\/MEASURE-SZS-2-768x324.jpg 768w, https:\/\/velosystem.com\/ciclista\/wp-content\/uploads\/sites\/3\/2017\/09\/MEASURE-SZS-2-1024x432.jpg 1024w\" sizes=\"(max-width: 1280px) 100vw, 1280px\" \/><\/p>\n<h2 class=\"title-product\">A chi \u00e8 rivolto<\/h2>\n<p><strong>A tutti i Ciclisti<\/strong> di ogni et\u00e0 sesso e livello.<\/p>\n<hr \/>\n<h2 class=\"title-product\">Vantaggi<\/h2>\n<ul>\n<li>Garantire <strong>confort e performance<\/strong> della seduta e quindi della pedalata.<\/li>\n<li><strong>Velocizzare la scelta della sella<\/strong> ideale fra quelle presenti sul mercato.<\/li>\n<\/ul>\n<div class='row'><div style='padding-bottom:;' class='span12 first-module module_number_1 module_cont  module_gallery'><div class='list-of-images images_in_a_row_4'>\n                        <div class=\"gallery_item\">\n\t\t\t\t\t\t\t<div class=\"gallery_item_padding\">\n\t\t\t\t\t\t\t\t<div class=\"gallery_item_wrapper\"><a href=\"https:\/\/velosystem.com\/ciclista\/wp-content\/uploads\/sites\/3\/2017\/09\/ISCHIO-2.jpg\" class=\"swipebox\" title=\"Ischiovel\u00f2 per la misurazione della larghezza ischiatica\"><\/a><img loading=\"lazy\" decoding=\"async\" class=\"gallery-stand-img\" src=\"https:\/\/velosystem.com\/ciclista\/wp-content\/uploads\/sites\/3\/2017\/09\/ISCHIO-2-570x368.jpg\" alt=\"Ischiovel\u00f2 per la misurazione della larghezza ischiatica\" width=\"570\" height=\"368\">\n\t\t\t\t\t\t\t\t\t<div class=\"gallery_fadder\"><\/div>\n\t\t\t\t\t\t\t\t\t<span class=\"featured_items_ico\"><\/span>\n\t\t\t\t\t\t\t\t<\/div>\n\t\t\t\t\t\t\t<\/div>\n                        <\/div>\n                        \n                        <div class=\"gallery_item\">\n\t\t\t\t\t\t\t<div class=\"gallery_item_padding\">\n\t\t\t\t\t\t\t\t<div class=\"gallery_item_wrapper\"><a href=\"https:\/\/velosystem.com\/ciclista\/wp-content\/uploads\/sites\/3\/2017\/09\/ISCHIO-3.jpg\" class=\"swipebox\" title=\"tester per la misurazione della larghezza ischiatica\"><\/a><img loading=\"lazy\" decoding=\"async\" class=\"gallery-stand-img\" src=\"https:\/\/velosystem.com\/ciclista\/wp-content\/uploads\/sites\/3\/2017\/09\/ISCHIO-3-570x368.jpg\" alt=\"tester per la misurazione della larghezza ischiatica\" width=\"570\" height=\"368\">\n\t\t\t\t\t\t\t\t\t<div class=\"gallery_fadder\"><\/div>\n\t\t\t\t\t\t\t\t\t<span class=\"featured_items_ico\"><\/span>\n\t\t\t\t\t\t\t\t<\/div>\n\t\t\t\t\t\t\t<\/div>\n                        <\/div>\n                        \n                        <div class=\"gallery_item\">\n\t\t\t\t\t\t\t<div class=\"gallery_item_padding\">\n\t\t\t\t\t\t\t\t<div class=\"gallery_item_wrapper\"><a href=\"https:\/\/velosystem.com\/ciclista\/wp-content\/uploads\/sites\/3\/2017\/09\/ISCHIO-5.jpg\" class=\"swipebox\" title=\"sistema per la ricerca della sella ideale del ciclista\"><\/a><img loading=\"lazy\" decoding=\"async\" class=\"gallery-stand-img\" src=\"https:\/\/velosystem.com\/ciclista\/wp-content\/uploads\/sites\/3\/2017\/09\/ISCHIO-5-570x368.jpg\" alt=\"sistema per la ricerca della sella ideale del ciclista\" width=\"570\" height=\"368\">\n\t\t\t\t\t\t\t\t\t<div class=\"gallery_fadder\"><\/div>\n\t\t\t\t\t\t\t\t\t<span class=\"featured_items_ico\"><\/span>\n\t\t\t\t\t\t\t\t<\/div>\n\t\t\t\t\t\t\t<\/div>\n                        <\/div>\n                        \n                        <div class=\"gallery_item\">\n\t\t\t\t\t\t\t<div class=\"gallery_item_padding\">\n\t\t\t\t\t\t\t\t<div class=\"gallery_item_wrapper\"><a href=\"https:\/\/velosystem.com\/ciclista\/wp-content\/uploads\/sites\/3\/2017\/09\/ISCHIO-BOLLA.jpg\" class=\"swipebox\" title=\"Sistema per la definizione della sella ideale\"><\/a><img loading=\"lazy\" decoding=\"async\" class=\"gallery-stand-img\" src=\"https:\/\/velosystem.com\/ciclista\/wp-content\/uploads\/sites\/3\/2017\/09\/ISCHIO-BOLLA-570x368.jpg\" alt=\"Sistema per la definizione della sella ideale\" width=\"570\" height=\"368\">\n\t\t\t\t\t\t\t\t\t<div class=\"gallery_fadder\"><\/div>\n\t\t\t\t\t\t\t\t\t<span class=\"featured_items_ico\"><\/span>\n\t\t\t\t\t\t\t\t<\/div>\n\t\t\t\t\t\t\t<\/div>\n                        <\/div>\n                        \n                        <div class=\"gallery_item\">\n\t\t\t\t\t\t\t<div class=\"gallery_item_padding\">\n\t\t\t\t\t\t\t\t<div class=\"gallery_item_wrapper\"><a href=\"https:\/\/velosystem.com\/ciclista\/wp-content\/uploads\/sites\/3\/2017\/09\/ISCHIO-IMMAGINE-DOPPIA.jpg\" class=\"swipebox\" title=\"Sistema per la definizione della postura ideal per ciclisti\"><\/a><img loading=\"lazy\" decoding=\"async\" class=\"gallery-stand-img\" src=\"https:\/\/velosystem.com\/ciclista\/wp-content\/uploads\/sites\/3\/2017\/09\/ISCHIO-IMMAGINE-DOPPIA-570x368.jpg\" alt=\"Sistema per la definizione della postura ideal per ciclisti\" width=\"570\" height=\"368\">\n\t\t\t\t\t\t\t\t\t<div class=\"gallery_fadder\"><\/div>\n\t\t\t\t\t\t\t\t\t<span class=\"featured_items_ico\"><\/span>\n\t\t\t\t\t\t\t\t<\/div>\n\t\t\t\t\t\t\t<\/div>\n                        <\/div>\n                        \n                        <div class=\"gallery_item\">\n\t\t\t\t\t\t\t<div class=\"gallery_item_padding\">\n\t\t\t\t\t\t\t\t<div class=\"gallery_item_wrapper\"><a href=\"https:\/\/velosystem.com\/ciclista\/wp-content\/uploads\/sites\/3\/2017\/09\/MEASURE-SZS-2.jpg\" class=\"swipebox\" title=\"Regolazione della sella per ciclismo\"><\/a><img loading=\"lazy\" decoding=\"async\" class=\"gallery-stand-img\" src=\"https:\/\/velosystem.com\/ciclista\/wp-content\/uploads\/sites\/3\/2017\/09\/MEASURE-SZS-2-570x368.jpg\" alt=\"Regolazione della sella per ciclismo\" width=\"570\" height=\"368\">\n\t\t\t\t\t\t\t\t\t<div class=\"gallery_fadder\"><\/div>\n\t\t\t\t\t\t\t\t\t<span class=\"featured_items_ico\"><\/span>\n\t\t\t\t\t\t\t\t<\/div>\n\t\t\t\t\t\t\t<\/div>\n                        <\/div>\n                        \n            <div class='clear'><\/div>\n            <\/div>\n            <\/div><!-- .module_cont --><\/div>","protected":false},"excerpt":{"rendered":"<p>Regolazione Sella Che cos&#8217;\u00e8 La \u201cricerca della sella ideale\u201d \u00e8 il servizio che consente di personalizzare la scelta della sella in funzione delle proprie caratteristiche fisiche e della specialit\u00e0 praticata. Come funziona Il ciclista viene invitato a sedersi sull\u2019apposita postazione, IschioVel\u00f2, predisposta con uno specifico tester che consente la raccolta dell\u2019impronta della parte inferiore del bacino (ossa ischiatiche). Successivamente il ciclista viene invitato ad effettuare una flessione del busto per individuare il proprio grado di flessibilit\u00e0. I dati ottenuti integrati con altri dati personali vengono inseriti nel software SoftVel\u00f2 ed elaborati per individuare la sella ideale. Caratteristiche Tecniche Il Servizio di \u201cricerca sella ideale Velosystem\u201d si compone dei seguenti elementi: Rilevazione dell\u2019impronta della seduta Rilevazione dell\u2019angolo di flessione del tronco tramite livella digitale Ricerca della sella ideale tramite SoftVel\u00f2 su tutti i marchi e modelli in commercio Consegna scheda tecnica A cosa serve? Il servizio di \u201cricerca sella ideale Velosystem\u201d permette di assegnare ad ogni ciclista la sella adeguata alle personali caratteristiche fisiche e alla specialit\u00e0 praticata. A chi \u00e8 rivolto A tutti i Ciclisti di ogni et\u00e0 sesso e livello. Vantaggi Garantire confort e performance della seduta e quindi della pedalata. Velocizzare la scelta della sella ideale fra quelle [&hellip;]<\/p>\n","protected":false},"author":1,"featured_media":0,"parent":0,"menu_order":4,"comment_status":"closed","ping_status":"closed","template":"","meta":{"_acf_changed":false,"footnotes":""},"acf":[],"_links":{"self":[{"href":"https:\/\/velosystem.com\/ciclista\/wp-json\/wp\/v2\/pages\/36"}],"collection":[{"href":"https:\/\/velosystem.com\/ciclista\/wp-json\/wp\/v2\/pages"}],"about":[{"href":"https:\/\/velosystem.com\/ciclista\/wp-json\/wp\/v2\/types\/page"}],"author":[{"embeddable":true,"href":"https:\/\/velosystem.com\/ciclista\/wp-json\/wp\/v2\/users\/1"}],"replies":[{"embeddable":true,"href":"https:\/\/velosystem.com\/ciclista\/wp-json\/wp\/v2\/comments?post=36"}],"version-history":[{"count":10,"href":"https:\/\/velosystem.com\/ciclista\/wp-json\/wp\/v2\/pages\/36\/revisions"}],"predecessor-version":[{"id":894,"href":"https:\/\/velosystem.com\/ciclista\/wp-json\/wp\/v2\/pages\/36\/revisions\/894"}],"wp:attachment":[{"href":"https:\/\/velosystem.com\/ciclista\/wp-json\/wp\/v2\/media?parent=36"}],"curies":[{"name":"wp","href":"https:\/\/api.w.org\/{rel}","templated":true}]}}