{"id":52,"date":"2017-05-23T12:45:54","date_gmt":"2017-05-23T10:45:54","guid":{"rendered":"https:\/\/velosystem.com\/ciclista\/?page_id=52"},"modified":"2020-02-20T15:36:14","modified_gmt":"2020-02-20T14:36:14","slug":"descrizione-centro","status":"publish","type":"page","link":"https:\/\/velosystem.com\/ciclista\/descrizione-centro\/","title":{"rendered":"Descrizione Centro"},"content":{"rendered":"<p><span style=\"color: #e20c18\"><strong>&#8211; I Centri Servizi Velosystem o Bike Fitting Center sono 3 <\/strong>:<\/span><\/p>\n<div class=\"su-spoiler su-spoiler-style-default su-spoiler-icon-chevron su-spoiler-closed\" data-anchor=\"lab\" data-scroll-offset=\"0\" data-anchor-in-url=\"no\"><div class=\"su-spoiler-title\" tabindex=\"0\" role=\"button\"><span class=\"su-spoiler-icon\"><\/span>Fitting Center LabVel\u00f2<\/div><div class=\"su-spoiler-content su-u-clearfix su-u-trim\">\n<p><strong>LAB<span style=\"color: #ff0000\">VELO\u2019<\/span><\/strong><\/p>\n<p>E\u2019 il centro biomeccanico abilitato per i servizi di posizionamento in sella con riequilibrio posturale e superamento di problematiche posturali e di efficienza che coinvolgono la simmetria della postura e del gesto; l\u2019individuazione delle regolazioni di assetto e telaio tramite video analisi (video analisi sui 3 piani) e incremento della performance tramite analisi dell\u2019efficienza con test dinamico-dinamometrico; la regolazione della bicicletta avviene tramite banco di precisione.<\/p>\n<p>La configurazione <strong>Fitting Center LAB<\/strong><span style=\"color: #ff0000\"><strong>VELO\u2019<\/strong><\/span> deve possedere la seguente dotazione strumenti per la misurazione del ciclista e della bicicletta, per l\u2019analisi della pedalata e per il riporto di precisione delle misure di assetto:<\/p>\n<ul>\n<li>SoftVel\u00f2<\/li>\n<li>SizeVel\u00f2_Image<\/li>\n<li>Podoreset<\/li>\n<li>IschioVel\u00f2 2.0<\/li>\n<li>CleatVel\u00f2<\/li>\n<li>WarmVel\u00f2<\/li>\n<li>MeasureVel\u00f2<\/li>\n<li>DMV<\/li>\n<li>KinematicsVel\u00f2 3P<\/li>\n<li>DynaVel\u00f2_XY (ME | E)<\/li>\n<\/ul>\n<p>Il <strong>Fitting Center LAB<\/strong><span style=\"color: #ff0000\"><strong>VELO\u2019<\/strong><\/span> offre la possibilit\u00e0 di accedere servizi Velosystem singoli e composti fino al livello \u201c<strong>Pedalare Performance\u201d<\/strong>:<\/p>\n<ul>\n<li>Definizione Appoggi Ideali<\/li>\n<li>Regolazione Tacchette<\/li>\n<li>Solette Personalizzate<\/li>\n<li>Misurazione Antropometria<\/li>\n<li>Misurazione Biomeccanica<\/li>\n<li>Pedalare Bene (ex CHEK UP Bio 1)<\/li>\n<li>Pedalare Comfort (ex CHEK UP Bio 2)<\/li>\n<li>Pedalare Performance (ex CHEK UP Bio 3)<\/li>\n<\/ul>\n<p>L\u2019operatore <strong>tecnico<\/strong> responsabile del <strong>Fitting Center LAB<\/strong><span style=\"color: #ff0000\"><strong>VELO\u2019<\/strong><\/span> \u00e8 in possesso dell\u2019attestato di <strong>Bike Fitter Velosystem Professional<\/strong> che certifica competenze tecniche nella misurazione del ciclista, nell\u2019ergonomia degli appoggi (scarpa-tacchette, sella e manubrio), nell\u2019analisi dell\u2019assetto tramite video analisi con capacit\u00e0 di intervento sul bilanciamento posturale destra-sinistra, analisi e individuazione dell\u2019assetto ideale tramite test dinamico dinamometrico e nel riporto delle misure di posizione.<\/div><\/div>\n<div class=\"su-spoiler su-spoiler-style-default su-spoiler-icon-chevron su-spoiler-closed\" data-anchor=\"corner\" data-scroll-offset=\"0\" data-anchor-in-url=\"no\"><div class=\"su-spoiler-title\" tabindex=\"0\" role=\"button\"><span class=\"su-spoiler-icon\"><\/span>Fitting Center DynamicVel\u00f2<\/div><div class=\"su-spoiler-content su-u-clearfix su-u-trim\">\n<p><strong>Dynamic<span style=\"color: #ff0000\">Vel\u00f2<\/span><\/strong><\/p>\n<p>Centro servizi biomeccanici per il posizionamento  con verifica dinamica che consente al ciclista di accedere al livello servizio denominato \u201c<strong>Pedalare Bene\u201d<\/strong> con miglioramento di comfort e performance nelle singole specialit\u00e0.<\/p>\n<p>Il <strong>Fitting Center Dynamic<span style=\"color: #ff0000\">Vel\u00f2<\/span><\/strong> \u00e8 anche ideale per orientare all\u2019acquisto di telaio e componenti con verifica dinamica su ciclo simulatore  e regolazione ergonomica degli appoggi. Il <strong>Fitting Center Dynamic<span style=\"color: #ff0000\">Vel\u00f2<\/span> <span style=\"color: #ff0000\">E <\/span><\/strong>\u00e8 dotato della versione Electronic del Dynavel\u00f2 consente un approccio alla consulenza biomeccanica evoluto e automatizzato per ogni specialit\u00e0.<\/p>\n<p>La configurazione <strong>Fitting Center <\/strong><strong>Dynamic<span style=\"color: #ff0000\">Vel\u00f2<\/span><\/strong> deve possedere la seguente dotazione strumenti per la misurazione del ciclista e della bicicletta, per l\u2019analisi della pedalata e per il riporto di precisione delle misure di assetto:<\/p>\n<ul>\n<li>SoftVel\u00f2<\/li>\n<li>SizeVel\u00f2_Image<\/li>\n<li>Podoreset<\/li>\n<li>IschioVel\u00f2 2.0<\/li>\n<li>CleatVel\u00f2<\/li>\n<li>WarmVel\u00f2<\/li>\n<li>MeasureVel\u00f2<\/li>\n<li>KinematicsVel\u00f2 1P (Opzionale)<\/li>\n<li>DynaVel\u00f2_XY (M | ME | E)<\/li>\n<\/ul>\n<p>Il <strong>Fitting Center Dynamic<span style=\"color: #ff0000\">Vel\u00f2 <\/span><\/strong>offre la possibilit\u00e0 di accedere servizi Velosystem singoli e composti fino al livello \u201c<strong>Pedalare Bene\u201d<\/strong>:<\/p>\n<ul>\n<li>Definizione Appoggi Ideali<\/li>\n<li>Regolazione Tacchette<\/li>\n<li>Solette Personalizzate<\/li>\n<li>Misurazione Antropometria<\/li>\n<li>Misurazione Biomeccanica<\/li>\n<li>Pedalare Bene (ex CHEK UP Bio 1)<\/li>\n<\/ul>\n<p>L\u2019operatore <strong>tecnico<\/strong> responsabile del <strong>Fitting Center <\/strong><strong>Dynamic<span style=\"color: #ff0000\">Vel\u00f2<\/span><\/strong> \u00e8 in possesso dell\u2019attestato di <strong>Bike Fitter Velosystem Expert<\/strong> che certifica competenze tecniche nella misurazione del ciclista, nell\u2019ergonomia degli appoggi (scarpa-tacchette, sella e manubrio), nell\u2019analisi dell\u2019assetto anche tramite video analisi e individuazione dell\u2019assetto ideale tramite parametri angolari e lineari e con riporto delle misure di posizione.<br \/>\n<\/div><\/div>\n<div class=\"su-spoiler su-spoiler-style-default su-spoiler-icon-chevron su-spoiler-closed\" data-anchor=\"corner\" data-scroll-offset=\"0\" data-anchor-in-url=\"no\"><div class=\"su-spoiler-title\" tabindex=\"0\" role=\"button\"><span class=\"su-spoiler-icon\"><\/span>Fitting Center SizingVel\u00f2<\/div><div class=\"su-spoiler-content su-u-clearfix su-u-trim\">\n<p><strong>Fitting Center Sizing<span style=\"color: #ff0000\">Vel\u00f2<\/span>  <\/strong><\/p>\n<p>Centro servizi per posizionamento di base e per la regolazione ergonomica degli appoggi.  Il Fitting Center Sizing consente di offrire a ogni ciclista la <strong>misurazione<\/strong> corporea per l\u2019ottimizzazione dell\u2019ergonomia degli appoggi e l\u2019individuazione delle regolazioni di assetto e delle misure di telaio ideale. Per questo motivo questa configurazione strumenti \u00e8 sovente  affiancata alla  vendita del  telaio  e componenti (scarpe, sella manubrio) all\u2019interno di un bike shop con accesso al servizio sia in fase  pre acquisto e sia in un momento successivo all\u2019acquisto.<\/p>\n<p>La configurazione <strong>Fitting Center <\/strong><strong>Sizing<span style=\"color: #ff0000\">Vel\u00f2<\/span><\/strong> deve possedere la seguente dotazione strumenti per la misurazione del ciclista, della bicicletta e per il riporto di precisione delle misure di assetto:<\/p>\n<ul>\n<li>SoftVel\u00f2<\/li>\n<li>SizeVel\u00f2_Image<\/li>\n<li>Podoreset<\/li>\n<li>IschioVel\u00f2 2.0<\/li>\n<li>CleatVel\u00f2<\/li>\n<li>WarmVel\u00f2<\/li>\n<li>MeasureVel\u00f2<\/li>\n<\/ul>\n<p>Il <strong>Fitting Center Sizing<span style=\"color: #ff0000\">Vel\u00f2 <\/span><\/strong>offre la possibilit\u00e0 di accedere servizi Velosystem singoli e composti fino al livello \u201c<strong>Misurazione Biomeccanica\u201d<\/strong>:<\/p>\n<ul>\n<li>Definizione Appoggi Ideali<\/li>\n<li>Regolazione Tacchette<\/li>\n<li>Solette Personalizzate<\/li>\n<li>Misurazione Antropometria<\/li>\n<li>Misurazione Biomeccanica<\/li>\n<\/ul>\n<p>L\u2019operatore <strong>tecnico<\/strong> responsabile del <strong>Fitting Center <\/strong><strong>Sizing<span style=\"color: #ff0000\">Vel\u00f2<\/span><\/strong> \u00e8 in possesso dell\u2019attestato di <strong>Bike Fitter Velosystem<\/strong> che certifica competenze tecniche nella misurazione del ciclista, nell\u2019ergonomia degli appoggi (scarpa-tacchette, sella e manubrio), individuazione dell\u2019assetto ideale tramite verifica statica  con riporto delle misure di posizione.<\/div><\/div>\n","protected":false},"excerpt":{"rendered":"<p>&#8211; I Centri Servizi Velosystem o Bike Fitting Center sono 3 :<\/p>\n","protected":false},"author":1,"featured_media":0,"parent":0,"menu_order":1,"comment_status":"closed","ping_status":"closed","template":"","meta":{"_acf_changed":false,"footnotes":""},"acf":[],"_links":{"self":[{"href":"https:\/\/velosystem.com\/ciclista\/wp-json\/wp\/v2\/pages\/52"}],"collection":[{"href":"https:\/\/velosystem.com\/ciclista\/wp-json\/wp\/v2\/pages"}],"about":[{"href":"https:\/\/velosystem.com\/ciclista\/wp-json\/wp\/v2\/types\/page"}],"author":[{"embeddable":true,"href":"https:\/\/velosystem.com\/ciclista\/wp-json\/wp\/v2\/users\/1"}],"replies":[{"embeddable":true,"href":"https:\/\/velosystem.com\/ciclista\/wp-json\/wp\/v2\/comments?post=52"}],"version-history":[{"count":48,"href":"https:\/\/velosystem.com\/ciclista\/wp-json\/wp\/v2\/pages\/52\/revisions"}],"predecessor-version":[{"id":1625,"href":"https:\/\/velosystem.com\/ciclista\/wp-json\/wp\/v2\/pages\/52\/revisions\/1625"}],"wp:attachment":[{"href":"https:\/\/velosystem.com\/ciclista\/wp-json\/wp\/v2\/media?parent=52"}],"curies":[{"name":"wp","href":"https:\/\/api.w.org\/{rel}","templated":true}]}}