{"id":1058,"date":"2017-05-23T12:16:44","date_gmt":"2017-05-23T10:16:44","guid":{"rendered":"https:\/\/velosystem.com\/tecnico\/cleatvelo_tablet\/"},"modified":"2019-05-06T17:24:35","modified_gmt":"2019-05-06T15:24:35","slug":"cleatvelo_tablet","status":"publish","type":"page","link":"https:\/\/velosystem.com\/tecnico\/cleatvelo_tablet\/?lang=en","title":{"rendered":"CleatVel\u00f2_Tablet"},"content":{"rendered":"\n\t\t\t<!-- START CleatVel\u00f2Tablet REVOLUTION SLIDER 6.6.20 --><p class=\"rs-p-wp-fix\"><\/p>\n\t\t\t<rs-module-wrap id=\"rev_slider_5_1_wrapper\" data-source=\"gallery\" style=\"visibility:hidden;background:transparent;padding:0;margin:0px auto;margin-top:0;margin-bottom:0;\">\n\t\t\t\t<rs-module id=\"rev_slider_5_1\" class=\" rs-ov-hidden\" style=\"\" data-version=\"6.6.20\">\n\t\t\t\t\t<rs-slides style=\"overflow: hidden; position: absolute;\">\n\t\t\t\t\t\t<rs-slide style=\"position: absolute;\" data-key=\"rs-16\" data-title=\"Slide\" data-anim=\"adpr:false;\">\n\t\t\t\t\t\t\t<img decoding=\"async\" src=\"\/\/velosystem.com\/tecnico\/wp-content\/plugins\/revslider\/public\/assets\/assets\/dummy.png\" alt=\"\" title=\"CleatVel\u00f2_Tablet\" class=\"rev-slidebg tp-rs-img rs-lazyload\" data-lazyload=\"\/\/velosystem.com\/tecnico\/wp-content\/uploads\/sites\/2\/2017\/09\/A025_C114_0216Y8_001.R3D.15_02_10_10.Still001.jpg\" data-no-retina>\n<!---->\t\t\t\t\t\t<\/rs-slide>\n\t\t\t\t\t\t<rs-slide style=\"position: absolute;\" data-key=\"rs-14\" data-title=\"Slide\" data-anim=\"adpr:false;\">\n\t\t\t\t\t\t\t<img decoding=\"async\" src=\"\/\/velosystem.com\/tecnico\/wp-content\/plugins\/revslider\/public\/assets\/assets\/dummy.png\" alt=\"\" title=\"CleatVel\u00f2_Tablet\" class=\"rev-slidebg tp-rs-img rs-lazyload\" data-lazyload=\"\/\/velosystem.com\/tecnico\/wp-content\/uploads\/sites\/2\/2017\/09\/CLEATVELO-TABLET.00_00_30_13.Still004.jpg\" data-no-retina>\n<!---->\t\t\t\t\t\t<\/rs-slide>\n\t\t\t\t\t\t<rs-slide style=\"position: absolute;\" data-key=\"rs-15\" data-title=\"Slide\" data-anim=\"adpr:false;\">\n\t\t\t\t\t\t\t<img decoding=\"async\" src=\"\/\/velosystem.com\/tecnico\/wp-content\/plugins\/revslider\/public\/assets\/assets\/dummy.png\" alt=\"\" title=\"CleatVel\u00f2_Tablet\" class=\"rev-slidebg tp-rs-img rs-lazyload\" data-lazyload=\"\/\/velosystem.com\/tecnico\/wp-content\/uploads\/sites\/2\/2017\/09\/CLEATVELO-TABLET.00_00_45_13.Still005.jpg\" data-no-retina>\n<!---->\t\t\t\t\t\t<\/rs-slide>\n\t\t\t\t\t<\/rs-slides>\n\t\t\t\t<\/rs-module>\n\t\t\t\t<script>\n\t\t\t\t\tsetREVStartSize({c: 'rev_slider_5_1',rl:[1240,1024,778,480],el:[],gw:[1920],gh:[450],type:'standard',justify:'',layout:'fullwidth',mh:\"0\"});if (window.RS_MODULES!==undefined && window.RS_MODULES.modules!==undefined && window.RS_MODULES.modules[\"revslider51\"]!==undefined) {window.RS_MODULES.modules[\"revslider51\"].once = false;window.revapi5 = undefined;if (window.RS_MODULES.checkMinimal!==undefined) window.RS_MODULES.checkMinimal()}\n\t\t\t\t<\/script>\n\t\t\t<\/rs-module-wrap>\n\t\t\t<!-- END REVOLUTION SLIDER -->\n\n<img decoding=\"async\" style=\"height: 45px; margin: 20px auto;\" src=\"https:\/\/velosystem.com\/tecnico\/wp-content\/uploads\/sites\/2\/2017\/10\/CleatVeloTablet.png\" \/><\/p>\n<h2 class=\"title-product\">What is it<\/h2>\n<p>The Cleatvel\u00f2 Tablet is a professional tool used to <strong>assess<\/strong> and <strong>measure<\/strong> feet and the alignment of the leg <strong>joints<\/strong>.<\/p>\n<hr \/>\n<h2 class=\"title-product\">What is it for?<\/h2>\n<p>The Cleatvel\u00f2 Tablet is the device used to <strong>assess the placement of both feet in vertical relation the pedal axis.<\/strong><\/p>\n<div class=\"video\"><iframe loading=\"lazy\" style=\"margin-top: 20px !important;\" src=\"https:\/\/player.vimeo.com\/video\/231864795\" width=\"100%\" height=\"450\" frameborder=\"0\" allowfullscreen=\"allowfullscreen\"><\/iframe><\/div>\n<h2 class=\"title-product\">How does it work?<\/h2>\n<p>Using the CleatVel\u00f2 Tablet and by referencing the charts on it, <strong>a neutral position of both feet can be achieved.<\/strong> This happens whilst sat on the bike without the cyclist&#8217;s shoes on, just in their socks.<\/p>\n<p>By means of the special laser that the refer to the pedal axle, the technician is able to <strong>modify<\/strong> or <strong>correct<\/strong> functional and or structural problems with postural alignment.<\/p>\n<p>The criterion for the required corrections can be transferred to the <strong>Cleats which are duly adjusted in accordance.<\/strong><\/p>\n<p>The CleatVel\u00f2_Tablet also gives the opportunity to see the benefits that using the ergonomic insole <strong>(SoleVel\u00f2) brings.<\/strong><\/p>\n<hr \/>\n<h2 class=\"title-product\">Who is it for<\/h2>\n<p>The CleatVel\u00f2_Tablet is for <strong>mechanics, shop owners, biomechanical technicians and bike fitters.<\/strong><br \/>\n<img loading=\"lazy\" decoding=\"async\" class=\"alignnone size-full wp-image-287\" style=\"margin: 20px 0px;\" src=\"https:\/\/velosystem.com\/tecnico\/wp-content\/uploads\/sites\/2\/2017\/08\/A025_C098_0216Z0_001.R3D.13_39_23_06.Still001.jpg\" alt=\"\" width=\"1280\" height=\"540\" srcset=\"https:\/\/velosystem.com\/tecnico\/wp-content\/uploads\/sites\/2\/2017\/08\/A025_C098_0216Z0_001.R3D.13_39_23_06.Still001.jpg 1280w, https:\/\/velosystem.com\/tecnico\/wp-content\/uploads\/sites\/2\/2017\/08\/A025_C098_0216Z0_001.R3D.13_39_23_06.Still001-300x127.jpg 300w, https:\/\/velosystem.com\/tecnico\/wp-content\/uploads\/sites\/2\/2017\/08\/A025_C098_0216Z0_001.R3D.13_39_23_06.Still001-768x324.jpg 768w, https:\/\/velosystem.com\/tecnico\/wp-content\/uploads\/sites\/2\/2017\/08\/A025_C098_0216Z0_001.R3D.13_39_23_06.Still001-1024x432.jpg 1024w\" sizes=\"(max-width: 1280px) 100vw, 1280px\" \/><\/p>\n<h2 class=\"title-product\">Technical Specifications:a<\/h2>\n<p>The CleatVel\u00f2_Tablet is made of black plexiglass which has <strong>printed<\/strong> charts and <strong>mechanical<\/strong> references for the technician to follow for foot alignment; situated also on the board are laser points, battery for power and electronics.<\/p>\n<p>As this board has no plugs or cables <strong>it can be placed in anywhere.<\/strong><\/p>\n<hr \/>\n<h2 class=\"title-product\">Aim\/ Benefits:<\/h2>\n<ul>\n<li>The CleatVel\u00f2 Tablet guides the technician with references in <strong>adjusting cleats in such a way that the type of pedal is inconsequential<\/strong>. The device also highlights the benefits of the <strong>ergonomic insole<\/strong>.<\/li>\n<\/ul>\n<div class='row'><div style='padding-bottom:;' class='span12 first-module module_number_1 module_cont  module_gallery'><div class='list-of-images images_in_a_row_4'>\n                        <div class=\"gallery_item\">\n\t\t\t\t\t\t\t<div class=\"gallery_item_padding\">\n\t\t\t\t\t\t\t\t<div class=\"gallery_item_wrapper\"><a href=\"https:\/\/velosystem.com\/tecnico\/wp-content\/uploads\/sites\/2\/2017\/08\/A025_C114_0216Y8_001.R3D.15_02_10_10.Still001.jpg\" class=\"swipebox\" title=\"\"><\/a><img loading=\"lazy\" decoding=\"async\" class=\"gallery-stand-img\" src=\"https:\/\/velosystem.com\/tecnico\/wp-content\/uploads\/sites\/2\/2017\/08\/A025_C114_0216Y8_001.R3D.15_02_10_10.Still001-570x368.jpg\" alt=\"\" width=\"570\" height=\"368\">\n\t\t\t\t\t\t\t\t\t<div class=\"gallery_fadder\"><\/div>\n\t\t\t\t\t\t\t\t\t<span class=\"featured_items_ico\"><\/span>\n\t\t\t\t\t\t\t\t<\/div>\n\t\t\t\t\t\t\t<\/div>\n                        <\/div>\n                        \n                        <div class=\"gallery_item\">\n\t\t\t\t\t\t\t<div class=\"gallery_item_padding\">\n\t\t\t\t\t\t\t\t<div class=\"gallery_item_wrapper\"><a href=\"https:\/\/velosystem.com\/tecnico\/wp-content\/uploads\/sites\/2\/2017\/08\/A025_C129_0216YG_001.R3D.15_24_33_20.Still001.jpg\" class=\"swipebox\" title=\"\"><\/a><img loading=\"lazy\" decoding=\"async\" class=\"gallery-stand-img\" src=\"https:\/\/velosystem.com\/tecnico\/wp-content\/uploads\/sites\/2\/2017\/08\/A025_C129_0216YG_001.R3D.15_24_33_20.Still001-570x368.jpg\" alt=\"\" width=\"570\" height=\"368\">\n\t\t\t\t\t\t\t\t\t<div class=\"gallery_fadder\"><\/div>\n\t\t\t\t\t\t\t\t\t<span class=\"featured_items_ico\"><\/span>\n\t\t\t\t\t\t\t\t<\/div>\n\t\t\t\t\t\t\t<\/div>\n                        <\/div>\n                        \n                        <div class=\"gallery_item\">\n\t\t\t\t\t\t\t<div class=\"gallery_item_padding\">\n\t\t\t\t\t\t\t\t<div class=\"gallery_item_wrapper\"><a href=\"https:\/\/velosystem.com\/tecnico\/wp-content\/uploads\/sites\/2\/2017\/08\/CLEATVELO-TABLET.00_00_13_20.Still001.jpg\" class=\"swipebox\" title=\"\"><\/a><img loading=\"lazy\" decoding=\"async\" class=\"gallery-stand-img\" src=\"https:\/\/velosystem.com\/tecnico\/wp-content\/uploads\/sites\/2\/2017\/08\/CLEATVELO-TABLET.00_00_13_20.Still001-570x368.jpg\" alt=\"\" width=\"570\" height=\"368\">\n\t\t\t\t\t\t\t\t\t<div class=\"gallery_fadder\"><\/div>\n\t\t\t\t\t\t\t\t\t<span class=\"featured_items_ico\"><\/span>\n\t\t\t\t\t\t\t\t<\/div>\n\t\t\t\t\t\t\t<\/div>\n                        <\/div>\n                        \n                        <div class=\"gallery_item\">\n\t\t\t\t\t\t\t<div class=\"gallery_item_padding\">\n\t\t\t\t\t\t\t\t<div class=\"gallery_item_wrapper\"><a href=\"https:\/\/velosystem.com\/tecnico\/wp-content\/uploads\/sites\/2\/2017\/08\/CLEATVELO-TABLET.00_00_22_22.Still002.jpg\" class=\"swipebox\" title=\"\"><\/a><img loading=\"lazy\" decoding=\"async\" class=\"gallery-stand-img\" src=\"https:\/\/velosystem.com\/tecnico\/wp-content\/uploads\/sites\/2\/2017\/08\/CLEATVELO-TABLET.00_00_22_22.Still002-570x368.jpg\" alt=\"\" width=\"570\" height=\"368\">\n\t\t\t\t\t\t\t\t\t<div class=\"gallery_fadder\"><\/div>\n\t\t\t\t\t\t\t\t\t<span class=\"featured_items_ico\"><\/span>\n\t\t\t\t\t\t\t\t<\/div>\n\t\t\t\t\t\t\t<\/div>\n                        <\/div>\n                        \n                        <div class=\"gallery_item\">\n\t\t\t\t\t\t\t<div class=\"gallery_item_padding\">\n\t\t\t\t\t\t\t\t<div class=\"gallery_item_wrapper\"><a href=\"https:\/\/velosystem.com\/tecnico\/wp-content\/uploads\/sites\/2\/2017\/08\/CLEATVELO-TABLET.00_00_25_06.Still003.jpg\" class=\"swipebox\" title=\"\"><\/a><img loading=\"lazy\" decoding=\"async\" class=\"gallery-stand-img\" src=\"https:\/\/velosystem.com\/tecnico\/wp-content\/uploads\/sites\/2\/2017\/08\/CLEATVELO-TABLET.00_00_25_06.Still003-570x368.jpg\" alt=\"\" width=\"570\" height=\"368\">\n\t\t\t\t\t\t\t\t\t<div class=\"gallery_fadder\"><\/div>\n\t\t\t\t\t\t\t\t\t<span class=\"featured_items_ico\"><\/span>\n\t\t\t\t\t\t\t\t<\/div>\n\t\t\t\t\t\t\t<\/div>\n                        <\/div>\n                        \n                        <div class=\"gallery_item\">\n\t\t\t\t\t\t\t<div class=\"gallery_item_padding\">\n\t\t\t\t\t\t\t\t<div class=\"gallery_item_wrapper\"><a href=\"https:\/\/velosystem.com\/tecnico\/wp-content\/uploads\/sites\/2\/2017\/08\/CLEATVELO-TABLET.00_00_30_13.Still004.jpg\" class=\"swipebox\" title=\"\"><\/a><img loading=\"lazy\" decoding=\"async\" class=\"gallery-stand-img\" src=\"https:\/\/velosystem.com\/tecnico\/wp-content\/uploads\/sites\/2\/2017\/08\/CLEATVELO-TABLET.00_00_30_13.Still004-570x368.jpg\" alt=\"\" width=\"570\" height=\"368\">\n\t\t\t\t\t\t\t\t\t<div class=\"gallery_fadder\"><\/div>\n\t\t\t\t\t\t\t\t\t<span class=\"featured_items_ico\"><\/span>\n\t\t\t\t\t\t\t\t<\/div>\n\t\t\t\t\t\t\t<\/div>\n                        <\/div>\n                        \n                        <div class=\"gallery_item\">\n\t\t\t\t\t\t\t<div class=\"gallery_item_padding\">\n\t\t\t\t\t\t\t\t<div class=\"gallery_item_wrapper\"><a href=\"https:\/\/velosystem.com\/tecnico\/wp-content\/uploads\/sites\/2\/2017\/08\/CLEATVELO-TABLET.00_00_45_13.Still005.jpg\" class=\"swipebox\" title=\"\"><\/a><img loading=\"lazy\" decoding=\"async\" class=\"gallery-stand-img\" src=\"https:\/\/velosystem.com\/tecnico\/wp-content\/uploads\/sites\/2\/2017\/08\/CLEATVELO-TABLET.00_00_45_13.Still005-570x368.jpg\" alt=\"\" width=\"570\" height=\"368\">\n\t\t\t\t\t\t\t\t\t<div class=\"gallery_fadder\"><\/div>\n\t\t\t\t\t\t\t\t\t<span class=\"featured_items_ico\"><\/span>\n\t\t\t\t\t\t\t\t<\/div>\n\t\t\t\t\t\t\t<\/div>\n                        <\/div>\n                        \n                        <div class=\"gallery_item\">\n\t\t\t\t\t\t\t<div class=\"gallery_item_padding\">\n\t\t\t\t\t\t\t\t<div class=\"gallery_item_wrapper\"><a href=\"https:\/\/velosystem.com\/tecnico\/wp-content\/uploads\/sites\/2\/2017\/08\/A025_C098_0216Z0_001.R3D.13_39_23_06.Still001.jpg\" class=\"swipebox\" title=\"\"><\/a><img loading=\"lazy\" decoding=\"async\" class=\"gallery-stand-img\" src=\"https:\/\/velosystem.com\/tecnico\/wp-content\/uploads\/sites\/2\/2017\/08\/A025_C098_0216Z0_001.R3D.13_39_23_06.Still001-570x368.jpg\" alt=\"\" width=\"570\" height=\"368\">\n\t\t\t\t\t\t\t\t\t<div class=\"gallery_fadder\"><\/div>\n\t\t\t\t\t\t\t\t\t<span class=\"featured_items_ico\"><\/span>\n\t\t\t\t\t\t\t\t<\/div>\n\t\t\t\t\t\t\t<\/div>\n                        <\/div>\n                        \n                        <div class=\"gallery_item\">\n\t\t\t\t\t\t\t<div class=\"gallery_item_padding\">\n\t\t\t\t\t\t\t\t<div class=\"gallery_item_wrapper\"><a href=\"https:\/\/velosystem.com\/tecnico\/wp-content\/uploads\/sites\/2\/2017\/08\/A023_C083_021658_001.R3D.16_33_10_19.Still001.jpg\" class=\"swipebox\" title=\"\"><\/a><img loading=\"lazy\" decoding=\"async\" class=\"gallery-stand-img\" src=\"https:\/\/velosystem.com\/tecnico\/wp-content\/uploads\/sites\/2\/2017\/08\/A023_C083_021658_001.R3D.16_33_10_19.Still001-570x368.jpg\" alt=\"\" width=\"570\" height=\"368\">\n\t\t\t\t\t\t\t\t\t<div class=\"gallery_fadder\"><\/div>\n\t\t\t\t\t\t\t\t\t<span class=\"featured_items_ico\"><\/span>\n\t\t\t\t\t\t\t\t<\/div>\n\t\t\t\t\t\t\t<\/div>\n                        <\/div>\n                        \n                        <div class=\"gallery_item\">\n\t\t\t\t\t\t\t<div class=\"gallery_item_padding\">\n\t\t\t\t\t\t\t\t<div class=\"gallery_item_wrapper\"><a href=\"https:\/\/velosystem.com\/tecnico\/wp-content\/uploads\/sites\/2\/2017\/08\/A023_C082_0216LJ_001.R3D.16_29_34_09.Still001.jpg\" class=\"swipebox\" title=\"\"><\/a><img loading=\"lazy\" decoding=\"async\" class=\"gallery-stand-img\" src=\"https:\/\/velosystem.com\/tecnico\/wp-content\/uploads\/sites\/2\/2017\/08\/A023_C082_0216LJ_001.R3D.16_29_34_09.Still001-570x368.jpg\" alt=\"\" width=\"570\" height=\"368\">\n\t\t\t\t\t\t\t\t\t<div class=\"gallery_fadder\"><\/div>\n\t\t\t\t\t\t\t\t\t<span class=\"featured_items_ico\"><\/span>\n\t\t\t\t\t\t\t\t<\/div>\n\t\t\t\t\t\t\t<\/div>\n                        <\/div>\n                        \n                        <div class=\"gallery_item\">\n\t\t\t\t\t\t\t<div class=\"gallery_item_padding\">\n\t\t\t\t\t\t\t\t<div class=\"gallery_item_wrapper\"><a href=\"https:\/\/velosystem.com\/tecnico\/wp-content\/uploads\/sites\/2\/2017\/08\/Tablet_09_CINEC_ProRes422LT.mov.00_00_01_00.Still001.jpg\" class=\"swipebox\" title=\"\"><\/a><img loading=\"lazy\" decoding=\"async\" class=\"gallery-stand-img\" src=\"https:\/\/velosystem.com\/tecnico\/wp-content\/uploads\/sites\/2\/2017\/08\/Tablet_09_CINEC_ProRes422LT.mov.00_00_01_00.Still001-570x368.jpg\" alt=\"\" width=\"570\" height=\"368\">\n\t\t\t\t\t\t\t\t\t<div class=\"gallery_fadder\"><\/div>\n\t\t\t\t\t\t\t\t\t<span class=\"featured_items_ico\"><\/span>\n\t\t\t\t\t\t\t\t<\/div>\n\t\t\t\t\t\t\t<\/div>\n                        <\/div>\n                        \n            <div class='clear'><\/div>\n            <\/div>\n            <\/div><!-- .module_cont --><\/div>","protected":false},"excerpt":{"rendered":"<p>What is it The Cleatvel\u00f2 Tablet is a professional tool used to assess and measure feet and the alignment of the leg joints. What is it for? The Cleatvel\u00f2 Tablet is the device used to assess the placement of both feet in vertical relation the pedal axis. How does it work? Using the CleatVel\u00f2 Tablet and by referencing the charts on it, a neutral position of both feet can be achieved. This happens whilst sat on the bike without the cyclist&#8217;s shoes on, just in their socks. By means of the special laser that the refer to the pedal axle, the technician is able to modify or correct functional and or structural problems with postural alignment. The criterion for the required corrections can be transferred to the Cleats which are duly adjusted in accordance. The CleatVel\u00f2_Tablet also gives the opportunity to see the benefits that using the ergonomic insole (SoleVel\u00f2) brings. Who is it for The CleatVel\u00f2_Tablet is for mechanics, shop owners, biomechanical technicians and bike fitters. Technical Specifications:a The CleatVel\u00f2_Tablet is made of black plexiglass which has printed charts and mechanical references for the technician to follow for foot alignment; situated also on the board are laser points, battery [&hellip;]<\/p>\n","protected":false},"author":1,"featured_media":0,"parent":0,"menu_order":4,"comment_status":"closed","ping_status":"closed","template":"","meta":{"footnotes":""},"_links":{"self":[{"href":"https:\/\/velosystem.com\/tecnico\/wp-json\/wp\/v2\/pages\/1058"}],"collection":[{"href":"https:\/\/velosystem.com\/tecnico\/wp-json\/wp\/v2\/pages"}],"about":[{"href":"https:\/\/velosystem.com\/tecnico\/wp-json\/wp\/v2\/types\/page"}],"author":[{"embeddable":true,"href":"https:\/\/velosystem.com\/tecnico\/wp-json\/wp\/v2\/users\/1"}],"replies":[{"embeddable":true,"href":"https:\/\/velosystem.com\/tecnico\/wp-json\/wp\/v2\/comments?post=1058"}],"version-history":[{"count":4,"href":"https:\/\/velosystem.com\/tecnico\/wp-json\/wp\/v2\/pages\/1058\/revisions"}],"predecessor-version":[{"id":1381,"href":"https:\/\/velosystem.com\/tecnico\/wp-json\/wp\/v2\/pages\/1058\/revisions\/1381"}],"wp:attachment":[{"href":"https:\/\/velosystem.com\/tecnico\/wp-json\/wp\/v2\/media?parent=1058"}],"curies":[{"name":"wp","href":"https:\/\/api.w.org\/{rel}","templated":true}]}}