{"id":106,"date":"2017-05-23T12:22:03","date_gmt":"2017-05-23T10:22:03","guid":{"rendered":"https:\/\/velosystem.com\/tecnico\/?page_id=106"},"modified":"2022-10-13T14:56:43","modified_gmt":"2022-10-13T12:56:43","slug":"cleatspacer","status":"publish","type":"page","link":"https:\/\/velosystem.com\/tecnico\/cleatspacer\/","title":{"rendered":"CleatSpacer"},"content":{"rendered":"<h2 class=\"title-product\">Che cos&#8217;\u00e8<\/h2>\n<p>CleatSpacer \u00e8 lo <strong>spessore di compenso<\/strong> delle dismetrie da posizionare fra <strong>tacchetta<\/strong> e <strong>suola<\/strong> della scarpa.<\/p>\n<p>Il CleatSpacer fondamentale per il <strong>bilanciamento<\/strong> della pedalata in tutte quelle situazioni in cui a causa di una differenza scheletrica reale fra gli arti, il tecnico Velosystem, attraverso le specifiche procedure, abbia verificato e dimostrato l\u2019efficacia del compenso in termini di <strong>efficienza<\/strong> e <strong>prevenzione<\/strong>.<\/p>\n<hr \/>\n<h2 class=\"title-product\">Come funziona<\/h2>\n<p>Lo spessore CleatSpacer viene posizionato fra tacchetta e suola della scarpa in funzione della tipologia di tacchetta e in numero adeguato a ottenere il <strong>compenso di dismetria necessario.<\/strong><\/p>\n<hr \/>\n<h2 class=\"title-product\">Caratteristiche Tecniche<\/h2>\n<p>Lo spessore CleatSpacer costruito in <strong>pvc<\/strong>, \u00e8 disponibile per le seguenti tipologie di tacchette:<\/p>\n<ul>\n<li><strong>Look Keo<\/strong><\/li>\n<li><strong>SPDR Shimano<\/strong><\/li>\n<li><strong>Time I-Click<\/strong><\/li>\n<li><strong>Speed Play.<\/strong><\/li>\n<\/ul>\n<p>Ogni tipologia di CleatSpacer \u00e8 disponibile negli spessori di <strong>2mm<\/strong> e <strong>3mm<\/strong> nel peso variabile <strong>da 10 a 20 grammi<\/strong> a elemento.<\/p>\n<hr \/>\n<h2 class=\"title-product\">A cosa serve?<\/h2>\n<p>Lo spessore CleatSpacer permette di compensare le <strong>dismetrie reali<\/strong> esistenti per il bilanciamento della pedalata assetto.<\/p>\n<hr \/>\n<h2 class=\"title-product\">A chi \u00e8 rivolto<\/h2>\n<p>Lo spessore CleatSpacer \u00e8 rivolto ai tecnici biomeccanici o bike fitter e ai ciclisti che si sono gi\u00e0 sottoposti ad una valutazione biomeccanica con validazione dell\u2019utilizzo dello CleatSpacer specificamente per l\u2019attivit\u00e0 ciclistica.<\/p>\n<hr \/>\n<h2 class=\"title-product\">Vantaggi<\/h2>\n<ul>\n<li><strong>Bilanciamento della pedalata tramite compenso, preciso della dismetria ossea esistente.<\/strong><\/li>\n<\/ul>\n<p>&nbsp;<\/p>\n<div class=\"contenitore-button\"><a class=\"button\" href=\"https:\/\/velosystem.com\/tecnico\/contatti\/\">RICHIEDI INFORMAZIONI<\/a><\/div>\n<p>&nbsp;<\/p>\n","protected":false},"excerpt":{"rendered":"<p>Che cos&#8217;\u00e8 CleatSpacer \u00e8 lo spessore di compenso delle dismetrie da posizionare fra tacchetta e suola della scarpa. Il CleatSpacer fondamentale per il bilanciamento della pedalata in tutte quelle situazioni in cui a causa di una differenza scheletrica reale fra gli arti, il tecnico Velosystem, attraverso le specifiche procedure, abbia verificato e dimostrato l\u2019efficacia del compenso in termini di efficienza e prevenzione. Come funziona Lo spessore CleatSpacer viene posizionato fra tacchetta e suola della scarpa in funzione della tipologia di tacchetta e in numero adeguato a ottenere il compenso di dismetria necessario. Caratteristiche Tecniche Lo spessore CleatSpacer costruito in pvc, \u00e8 disponibile per le seguenti tipologie di tacchette: Look Keo SPDR Shimano Time I-Click Speed Play. Ogni tipologia di CleatSpacer \u00e8 disponibile negli spessori di 2mm e 3mm nel peso variabile da 10 a 20 grammi a elemento. A cosa serve? Lo spessore CleatSpacer permette di compensare le dismetrie reali esistenti per il bilanciamento della pedalata assetto. A chi \u00e8 rivolto Lo spessore CleatSpacer \u00e8 rivolto ai tecnici biomeccanici o bike fitter e ai ciclisti che si sono gi\u00e0 sottoposti ad una valutazione biomeccanica con validazione dell\u2019utilizzo dello CleatSpacer specificamente per l\u2019attivit\u00e0 ciclistica. Vantaggi Bilanciamento della pedalata tramite compenso, preciso [&hellip;]<\/p>\n","protected":false},"author":1,"featured_media":0,"parent":0,"menu_order":2,"comment_status":"closed","ping_status":"closed","template":"","meta":{"footnotes":""},"_links":{"self":[{"href":"https:\/\/velosystem.com\/tecnico\/wp-json\/wp\/v2\/pages\/106"}],"collection":[{"href":"https:\/\/velosystem.com\/tecnico\/wp-json\/wp\/v2\/pages"}],"about":[{"href":"https:\/\/velosystem.com\/tecnico\/wp-json\/wp\/v2\/types\/page"}],"author":[{"embeddable":true,"href":"https:\/\/velosystem.com\/tecnico\/wp-json\/wp\/v2\/users\/1"}],"replies":[{"embeddable":true,"href":"https:\/\/velosystem.com\/tecnico\/wp-json\/wp\/v2\/comments?post=106"}],"version-history":[{"count":6,"href":"https:\/\/velosystem.com\/tecnico\/wp-json\/wp\/v2\/pages\/106\/revisions"}],"predecessor-version":[{"id":2036,"href":"https:\/\/velosystem.com\/tecnico\/wp-json\/wp\/v2\/pages\/106\/revisions\/2036"}],"wp:attachment":[{"href":"https:\/\/velosystem.com\/tecnico\/wp-json\/wp\/v2\/media?parent=106"}],"curies":[{"name":"wp","href":"https:\/\/api.w.org\/{rel}","templated":true}]}}