{"id":1119,"date":"2017-05-23T12:17:07","date_gmt":"2017-05-23T10:17:07","guid":{"rendered":"https:\/\/velosystem.com\/tecnico\/warmvelo\/"},"modified":"2019-05-06T17:29:58","modified_gmt":"2019-05-06T15:29:58","slug":"warmvelo","status":"publish","type":"page","link":"https:\/\/velosystem.com\/tecnico\/warmvelo\/?lang=en","title":{"rendered":"WarmVel\u00f2"},"content":{"rendered":"\n\t\t\t<!-- START WarmVel\u00f2 REVOLUTION SLIDER 6.6.20 --><p class=\"rs-p-wp-fix\"><\/p>\n\t\t\t<rs-module-wrap id=\"rev_slider_12_1_wrapper\" data-source=\"gallery\" style=\"visibility:hidden;background:transparent;padding:0;margin:0px auto;margin-top:0;margin-bottom:0;\">\n\t\t\t\t<rs-module id=\"rev_slider_12_1\" class=\" rs-ov-hidden\" style=\"\" data-version=\"6.6.20\">\n\t\t\t\t\t<rs-slides style=\"overflow: hidden; position: absolute;\">\n\t\t\t\t\t\t<rs-slide style=\"position: absolute;\" data-key=\"rs-41\" data-title=\"Slide\" data-anim=\"adpr:false;\">\n\t\t\t\t\t\t\t<img decoding=\"async\" src=\"\/\/velosystem.com\/tecnico\/wp-content\/plugins\/revslider\/public\/assets\/assets\/dummy.png\" alt=\"\" title=\"WarmVel\u00f2\" class=\"rev-slidebg tp-rs-img rs-lazyload\" data-lazyload=\"\/\/velosystem.com\/tecnico\/wp-content\/uploads\/sites\/2\/2017\/09\/A029_C104_0227WX_001.R3D.12_38_43_21.Still001.jpg\" data-no-retina>\n<!---->\t\t\t\t\t\t<\/rs-slide>\n\t\t\t\t\t\t<rs-slide style=\"position: absolute;\" data-key=\"rs-40\" data-title=\"Slide\" data-anim=\"adpr:false;\">\n\t\t\t\t\t\t\t<img decoding=\"async\" src=\"\/\/velosystem.com\/tecnico\/wp-content\/plugins\/revslider\/public\/assets\/assets\/dummy.png\" alt=\"\" title=\"WarmVel\u00f2\" class=\"rev-slidebg tp-rs-img rs-lazyload\" data-lazyload=\"\/\/velosystem.com\/tecnico\/wp-content\/uploads\/sites\/2\/2017\/09\/A029_C117_0227VM_001.R3D.13_00_59_17.Still001.jpg\" data-no-retina>\n<!---->\t\t\t\t\t\t<\/rs-slide>\n\t\t\t\t\t\t<rs-slide style=\"position: absolute;\" data-key=\"rs-42\" data-title=\"Slide\" data-anim=\"adpr:false;\">\n\t\t\t\t\t\t\t<img decoding=\"async\" src=\"\/\/velosystem.com\/tecnico\/wp-content\/plugins\/revslider\/public\/assets\/assets\/dummy.png\" alt=\"\" title=\"WarmVel\u00f2\" class=\"rev-slidebg tp-rs-img rs-lazyload\" data-lazyload=\"\/\/velosystem.com\/tecnico\/wp-content\/uploads\/sites\/2\/2017\/09\/WARM_STAB_03.mov.00_00_00_12.Still001.jpg\" data-no-retina>\n<!---->\t\t\t\t\t\t<\/rs-slide>\n\t\t\t\t\t<\/rs-slides>\n\t\t\t\t<\/rs-module>\n\t\t\t\t<script>\n\t\t\t\t\tsetREVStartSize({c: 'rev_slider_12_1',rl:[1240,1024,778,480],el:[],gw:[1920],gh:[450],type:'standard',justify:'',layout:'fullwidth',mh:\"0\"});if (window.RS_MODULES!==undefined && window.RS_MODULES.modules!==undefined && window.RS_MODULES.modules[\"revslider121\"]!==undefined) {window.RS_MODULES.modules[\"revslider121\"].once = false;window.revapi12 = undefined;if (window.RS_MODULES.checkMinimal!==undefined) window.RS_MODULES.checkMinimal()}\n\t\t\t\t<\/script>\n\t\t\t<\/rs-module-wrap>\n\t\t\t<!-- END REVOLUTION SLIDER -->\n\n<img decoding=\"async\" style=\"height: 45px; margin: 20px auto;\" src=\"https:\/\/velosystem.com\/tecnico\/wp-content\/uploads\/sites\/2\/2017\/10\/WarmVelo.png\" \/><\/p>\n<h2 class=\"title-product\">What is it<\/h2>\n<p><strong>WarmVel\u00f2 is a specially created thermoforming device for the Solevel\u00f2 insoles.<\/strong><\/p>\n<hr \/>\n<h2 class=\"title-product\">What is it for?<\/h2>\n<p>WarmVel\u00f2 is a professional thermoforming device<strong> used to adapt the Solevel\u00f2 insole for the individual&#8217;s needs.<\/strong><\/p>\n<div class=\"video\"><iframe loading=\"lazy\" style=\"margin-top: 20px !important;\" src=\"https:\/\/player.vimeo.com\/video\/231864074\" width=\"100%\" height=\"450\" frameborder=\"0\" allowfullscreen=\"allowfullscreen\"><\/iframe><\/div>\n<h2 class=\"title-product\">How does it work<\/h2>\n<p><strong>WarmVel\u00f2 uses a specially designed system of compartments that allows the blasts of hot air from<\/strong> *the hot air gun to be carefully directed and guided.<\/p>\n<p>The upper part of WarmVel\u00f2 is made of interchangeable templates, <strong>this is to allow for all sizes of insoles and left and right.<\/strong><\/p>\n<p>The hot air blasts are directed into specifically created windows in the template,this design feature allows particular areas of the insole to be heat moulded.<\/p>\n<hr \/>\n<h2 class=\"title-product\">Who is it for<\/h2>\n<p><strong>WarmVel\u00f2 is for mechanics, shop owners, biomechanical technicians and bike fitters<\/strong> and for shop owners who have specialized in personalising the insole Solevel\u00f2.<br \/>\n<img loading=\"lazy\" decoding=\"async\" class=\"alignnone size-full wp-image-319\" style=\"margin: 20px 0px;\" src=\"https:\/\/velosystem.com\/tecnico\/wp-content\/uploads\/sites\/2\/2017\/05\/WARMVELO.00_00_35_10.Still005.jpg\" alt=\"\" width=\"1280\" height=\"540\" srcset=\"https:\/\/velosystem.com\/tecnico\/wp-content\/uploads\/sites\/2\/2017\/05\/WARMVELO.00_00_35_10.Still005.jpg 1280w, https:\/\/velosystem.com\/tecnico\/wp-content\/uploads\/sites\/2\/2017\/05\/WARMVELO.00_00_35_10.Still005-300x127.jpg 300w, https:\/\/velosystem.com\/tecnico\/wp-content\/uploads\/sites\/2\/2017\/05\/WARMVELO.00_00_35_10.Still005-768x324.jpg 768w, https:\/\/velosystem.com\/tecnico\/wp-content\/uploads\/sites\/2\/2017\/05\/WARMVELO.00_00_35_10.Still005-1024x432.jpg 1024w\" sizes=\"(max-width: 1280px) 100vw, 1280px\" \/><\/p>\n<h2 class=\"title-product\">Technical Specifications<\/h2>\n<p>WarmVel\u00f2 is made up of the following:<\/p>\n<ul>\n<li><strong>reinforced fireproof box with different compartments<\/strong><\/li>\n<li><strong>4 templates coated in aluminium and perforated. They are subdivided as follows :<\/strong>\n<ul>\n<li>1 template for size S-M (right)<\/li>\n<li>1 template for size S-M (left)<\/li>\n<li>1 template for size L-XL (right)<\/li>\n<li>1 template for size L-XL (left)<\/li>\n<\/ul>\n<\/li>\n<li><strong>2 templates to insert and mould Solevel\u00f2<\/strong>\n<ul>\n<li>1 template for size S-M right and left (according to the side used)<\/li>\n<li>1 template for size L-XL right and left (according to the side used)<\/li>\n<\/ul>\n<\/li>\n<li><strong>User manual<\/strong><\/li>\n<\/ul>\n<p><em><strong>*_hot air gun not included<\/strong><\/em><\/p>\n<hr \/>\n<h2 class=\"title-product\">Benefits<\/h2>\n<ul>\n<li><strong>Easy to use.<\/strong><\/li>\n<li><strong>Furthers the high<\/strong> standards of the service<\/li>\n<li><strong>Increases precision<\/strong> for thermoforming<\/li>\n<li><strong>Increases effeciency<\/strong> of technician&#8217;s time.<\/li>\n<li><strong>Improved results<\/strong> of the insole Solevel\u00f2.<\/li>\n<\/ul>\n<div class='row'><div style='padding-bottom:;' class='span12 first-module module_number_1 module_cont  module_gallery'><div class='list-of-images images_in_a_row_4'>\n                        <div class=\"gallery_item\">\n\t\t\t\t\t\t\t<div class=\"gallery_item_padding\">\n\t\t\t\t\t\t\t\t<div class=\"gallery_item_wrapper\"><a href=\"https:\/\/velosystem.com\/tecnico\/wp-content\/uploads\/sites\/2\/2017\/08\/A029_C056_0227VI_001.R3D.11_39_56_16.Still001.jpg\" class=\"swipebox\" title=\"\"><\/a><img loading=\"lazy\" decoding=\"async\" class=\"gallery-stand-img\" src=\"https:\/\/velosystem.com\/tecnico\/wp-content\/uploads\/sites\/2\/2017\/08\/A029_C056_0227VI_001.R3D.11_39_56_16.Still001-570x368.jpg\" alt=\"\" width=\"570\" height=\"368\">\n\t\t\t\t\t\t\t\t\t<div class=\"gallery_fadder\"><\/div>\n\t\t\t\t\t\t\t\t\t<span class=\"featured_items_ico\"><\/span>\n\t\t\t\t\t\t\t\t<\/div>\n\t\t\t\t\t\t\t<\/div>\n                        <\/div>\n                        \n                        <div class=\"gallery_item\">\n\t\t\t\t\t\t\t<div class=\"gallery_item_padding\">\n\t\t\t\t\t\t\t\t<div class=\"gallery_item_wrapper\"><a href=\"https:\/\/velosystem.com\/tecnico\/wp-content\/uploads\/sites\/2\/2017\/08\/A029_C058_0227I4.0000000.jpg\" class=\"swipebox\" title=\"\"><\/a><img loading=\"lazy\" decoding=\"async\" class=\"gallery-stand-img\" src=\"https:\/\/velosystem.com\/tecnico\/wp-content\/uploads\/sites\/2\/2017\/08\/A029_C058_0227I4.0000000-570x368.jpg\" alt=\"\" width=\"570\" height=\"368\">\n\t\t\t\t\t\t\t\t\t<div class=\"gallery_fadder\"><\/div>\n\t\t\t\t\t\t\t\t\t<span class=\"featured_items_ico\"><\/span>\n\t\t\t\t\t\t\t\t<\/div>\n\t\t\t\t\t\t\t<\/div>\n                        <\/div>\n                        \n                        <div class=\"gallery_item\">\n\t\t\t\t\t\t\t<div class=\"gallery_item_padding\">\n\t\t\t\t\t\t\t\t<div class=\"gallery_item_wrapper\"><a href=\"https:\/\/velosystem.com\/tecnico\/wp-content\/uploads\/sites\/2\/2017\/08\/A029_C078_0227QS_001.R3D.12_08_22_13.Still001.jpg\" class=\"swipebox\" title=\"\"><\/a><img loading=\"lazy\" decoding=\"async\" class=\"gallery-stand-img\" src=\"https:\/\/velosystem.com\/tecnico\/wp-content\/uploads\/sites\/2\/2017\/08\/A029_C078_0227QS_001.R3D.12_08_22_13.Still001-570x368.jpg\" alt=\"\" width=\"570\" height=\"368\">\n\t\t\t\t\t\t\t\t\t<div class=\"gallery_fadder\"><\/div>\n\t\t\t\t\t\t\t\t\t<span class=\"featured_items_ico\"><\/span>\n\t\t\t\t\t\t\t\t<\/div>\n\t\t\t\t\t\t\t<\/div>\n                        <\/div>\n                        \n                        <div class=\"gallery_item\">\n\t\t\t\t\t\t\t<div class=\"gallery_item_padding\">\n\t\t\t\t\t\t\t\t<div class=\"gallery_item_wrapper\"><a href=\"https:\/\/velosystem.com\/tecnico\/wp-content\/uploads\/sites\/2\/2017\/08\/A029_C104_0227WX_001.R3D.12_38_43_21.Still001.jpg\" class=\"swipebox\" title=\"\"><\/a><img loading=\"lazy\" decoding=\"async\" class=\"gallery-stand-img\" src=\"https:\/\/velosystem.com\/tecnico\/wp-content\/uploads\/sites\/2\/2017\/08\/A029_C104_0227WX_001.R3D.12_38_43_21.Still001-570x368.jpg\" alt=\"\" width=\"570\" height=\"368\">\n\t\t\t\t\t\t\t\t\t<div class=\"gallery_fadder\"><\/div>\n\t\t\t\t\t\t\t\t\t<span class=\"featured_items_ico\"><\/span>\n\t\t\t\t\t\t\t\t<\/div>\n\t\t\t\t\t\t\t<\/div>\n                        <\/div>\n                        \n                        <div class=\"gallery_item\">\n\t\t\t\t\t\t\t<div class=\"gallery_item_padding\">\n\t\t\t\t\t\t\t\t<div class=\"gallery_item_wrapper\"><a href=\"https:\/\/velosystem.com\/tecnico\/wp-content\/uploads\/sites\/2\/2017\/08\/A029_C107_0227IO_001.R3D.12_40_13_23.Still002.jpg\" class=\"swipebox\" title=\"\"><\/a><img loading=\"lazy\" decoding=\"async\" class=\"gallery-stand-img\" src=\"https:\/\/velosystem.com\/tecnico\/wp-content\/uploads\/sites\/2\/2017\/08\/A029_C107_0227IO_001.R3D.12_40_13_23.Still002-570x368.jpg\" alt=\"\" width=\"570\" height=\"368\">\n\t\t\t\t\t\t\t\t\t<div class=\"gallery_fadder\"><\/div>\n\t\t\t\t\t\t\t\t\t<span class=\"featured_items_ico\"><\/span>\n\t\t\t\t\t\t\t\t<\/div>\n\t\t\t\t\t\t\t<\/div>\n                        <\/div>\n                        \n                        <div class=\"gallery_item\">\n\t\t\t\t\t\t\t<div class=\"gallery_item_padding\">\n\t\t\t\t\t\t\t\t<div class=\"gallery_item_wrapper\"><a href=\"https:\/\/velosystem.com\/tecnico\/wp-content\/uploads\/sites\/2\/2017\/08\/A029_C107_0227IO_001.R3D.12_40_15_16.Still001.jpg\" class=\"swipebox\" title=\"\"><\/a><img loading=\"lazy\" decoding=\"async\" class=\"gallery-stand-img\" src=\"https:\/\/velosystem.com\/tecnico\/wp-content\/uploads\/sites\/2\/2017\/08\/A029_C107_0227IO_001.R3D.12_40_15_16.Still001-570x368.jpg\" alt=\"\" width=\"570\" height=\"368\">\n\t\t\t\t\t\t\t\t\t<div class=\"gallery_fadder\"><\/div>\n\t\t\t\t\t\t\t\t\t<span class=\"featured_items_ico\"><\/span>\n\t\t\t\t\t\t\t\t<\/div>\n\t\t\t\t\t\t\t<\/div>\n                        <\/div>\n                        \n                        <div class=\"gallery_item\">\n\t\t\t\t\t\t\t<div class=\"gallery_item_padding\">\n\t\t\t\t\t\t\t\t<div class=\"gallery_item_wrapper\"><a href=\"https:\/\/velosystem.com\/tecnico\/wp-content\/uploads\/sites\/2\/2017\/08\/A029_C117_0227VM_001.R3D.13_00_59_17.Still001.jpg\" class=\"swipebox\" title=\"\"><\/a><img loading=\"lazy\" decoding=\"async\" class=\"gallery-stand-img\" src=\"https:\/\/velosystem.com\/tecnico\/wp-content\/uploads\/sites\/2\/2017\/08\/A029_C117_0227VM_001.R3D.13_00_59_17.Still001-570x368.jpg\" alt=\"\" width=\"570\" height=\"368\">\n\t\t\t\t\t\t\t\t\t<div class=\"gallery_fadder\"><\/div>\n\t\t\t\t\t\t\t\t\t<span class=\"featured_items_ico\"><\/span>\n\t\t\t\t\t\t\t\t<\/div>\n\t\t\t\t\t\t\t<\/div>\n                        <\/div>\n                        \n                        <div class=\"gallery_item\">\n\t\t\t\t\t\t\t<div class=\"gallery_item_padding\">\n\t\t\t\t\t\t\t\t<div class=\"gallery_item_wrapper\"><a href=\"https:\/\/velosystem.com\/tecnico\/wp-content\/uploads\/sites\/2\/2017\/08\/WARM_STAB_03.mov.00_00_00_12.Still001.jpg\" class=\"swipebox\" title=\"\"><\/a><img loading=\"lazy\" decoding=\"async\" class=\"gallery-stand-img\" src=\"https:\/\/velosystem.com\/tecnico\/wp-content\/uploads\/sites\/2\/2017\/08\/WARM_STAB_03.mov.00_00_00_12.Still001-570x368.jpg\" alt=\"\" width=\"570\" height=\"368\">\n\t\t\t\t\t\t\t\t\t<div class=\"gallery_fadder\"><\/div>\n\t\t\t\t\t\t\t\t\t<span class=\"featured_items_ico\"><\/span>\n\t\t\t\t\t\t\t\t<\/div>\n\t\t\t\t\t\t\t<\/div>\n                        <\/div>\n                        \n                        <div class=\"gallery_item\">\n\t\t\t\t\t\t\t<div class=\"gallery_item_padding\">\n\t\t\t\t\t\t\t\t<div class=\"gallery_item_wrapper\"><a href=\"https:\/\/velosystem.com\/tecnico\/wp-content\/uploads\/sites\/2\/2017\/08\/WARMVELO.00_00_19_21.Still001.jpg\" class=\"swipebox\" title=\"\"><\/a><img loading=\"lazy\" decoding=\"async\" class=\"gallery-stand-img\" src=\"https:\/\/velosystem.com\/tecnico\/wp-content\/uploads\/sites\/2\/2017\/08\/WARMVELO.00_00_19_21.Still001-570x368.jpg\" alt=\"\" width=\"570\" height=\"368\">\n\t\t\t\t\t\t\t\t\t<div class=\"gallery_fadder\"><\/div>\n\t\t\t\t\t\t\t\t\t<span class=\"featured_items_ico\"><\/span>\n\t\t\t\t\t\t\t\t<\/div>\n\t\t\t\t\t\t\t<\/div>\n                        <\/div>\n                        \n                        <div class=\"gallery_item\">\n\t\t\t\t\t\t\t<div class=\"gallery_item_padding\">\n\t\t\t\t\t\t\t\t<div class=\"gallery_item_wrapper\"><a href=\"https:\/\/velosystem.com\/tecnico\/wp-content\/uploads\/sites\/2\/2017\/08\/WARMVELO.00_00_22_20.Still002.jpg\" class=\"swipebox\" title=\"\"><\/a><img loading=\"lazy\" decoding=\"async\" class=\"gallery-stand-img\" src=\"https:\/\/velosystem.com\/tecnico\/wp-content\/uploads\/sites\/2\/2017\/08\/WARMVELO.00_00_22_20.Still002-570x368.jpg\" alt=\"\" width=\"570\" height=\"368\">\n\t\t\t\t\t\t\t\t\t<div class=\"gallery_fadder\"><\/div>\n\t\t\t\t\t\t\t\t\t<span class=\"featured_items_ico\"><\/span>\n\t\t\t\t\t\t\t\t<\/div>\n\t\t\t\t\t\t\t<\/div>\n                        <\/div>\n                        \n                        <div class=\"gallery_item\">\n\t\t\t\t\t\t\t<div class=\"gallery_item_padding\">\n\t\t\t\t\t\t\t\t<div class=\"gallery_item_wrapper\"><a href=\"https:\/\/velosystem.com\/tecnico\/wp-content\/uploads\/sites\/2\/2017\/08\/WARMVELO.00_00_32_13.Still003.jpg\" class=\"swipebox\" title=\"\"><\/a><img loading=\"lazy\" decoding=\"async\" class=\"gallery-stand-img\" src=\"https:\/\/velosystem.com\/tecnico\/wp-content\/uploads\/sites\/2\/2017\/08\/WARMVELO.00_00_32_13.Still003-570x368.jpg\" alt=\"\" width=\"570\" height=\"368\">\n\t\t\t\t\t\t\t\t\t<div class=\"gallery_fadder\"><\/div>\n\t\t\t\t\t\t\t\t\t<span class=\"featured_items_ico\"><\/span>\n\t\t\t\t\t\t\t\t<\/div>\n\t\t\t\t\t\t\t<\/div>\n                        <\/div>\n                        \n                        <div class=\"gallery_item\">\n\t\t\t\t\t\t\t<div class=\"gallery_item_padding\">\n\t\t\t\t\t\t\t\t<div class=\"gallery_item_wrapper\"><a href=\"https:\/\/velosystem.com\/tecnico\/wp-content\/uploads\/sites\/2\/2017\/08\/WARMVELO.00_01_17_03.Still013.jpg\" class=\"swipebox\" title=\"\"><\/a><img loading=\"lazy\" decoding=\"async\" class=\"gallery-stand-img\" src=\"https:\/\/velosystem.com\/tecnico\/wp-content\/uploads\/sites\/2\/2017\/08\/WARMVELO.00_01_17_03.Still013-570x368.jpg\" alt=\"\" width=\"570\" height=\"368\">\n\t\t\t\t\t\t\t\t\t<div class=\"gallery_fadder\"><\/div>\n\t\t\t\t\t\t\t\t\t<span class=\"featured_items_ico\"><\/span>\n\t\t\t\t\t\t\t\t<\/div>\n\t\t\t\t\t\t\t<\/div>\n                        <\/div>\n                        \n            <div class='clear'><\/div>\n            <\/div>\n            <\/div><!-- .module_cont --><\/div>","protected":false},"excerpt":{"rendered":"<p>What is it WarmVel\u00f2 is a specially created thermoforming device for the Solevel\u00f2 insoles. What is it for? WarmVel\u00f2 is a professional thermoforming device used to adapt the Solevel\u00f2 insole for the individual&#8217;s needs. How does it work WarmVel\u00f2 uses a specially designed system of compartments that allows the blasts of hot air from *the hot air gun to be carefully directed and guided. The upper part of WarmVel\u00f2 is made of interchangeable templates, this is to allow for all sizes of insoles and left and right. The hot air blasts are directed into specifically created windows in the template,this design feature allows particular areas of the insole to be heat moulded. Who is it for WarmVel\u00f2 is for mechanics, shop owners, biomechanical technicians and bike fitters and for shop owners who have specialized in personalising the insole Solevel\u00f2. Technical Specifications WarmVel\u00f2 is made up of the following: reinforced fireproof box with different compartments 4 templates coated in aluminium and perforated. They are subdivided as follows : 1 template for size S-M (right) 1 template for size S-M (left) 1 template for size L-XL (right) 1 template for size L-XL (left) 2 templates to insert and mould Solevel\u00f2 1 template [&hellip;]<\/p>\n","protected":false},"author":1,"featured_media":0,"parent":0,"menu_order":5,"comment_status":"closed","ping_status":"closed","template":"","meta":{"footnotes":""},"_links":{"self":[{"href":"https:\/\/velosystem.com\/tecnico\/wp-json\/wp\/v2\/pages\/1119"}],"collection":[{"href":"https:\/\/velosystem.com\/tecnico\/wp-json\/wp\/v2\/pages"}],"about":[{"href":"https:\/\/velosystem.com\/tecnico\/wp-json\/wp\/v2\/types\/page"}],"author":[{"embeddable":true,"href":"https:\/\/velosystem.com\/tecnico\/wp-json\/wp\/v2\/users\/1"}],"replies":[{"embeddable":true,"href":"https:\/\/velosystem.com\/tecnico\/wp-json\/wp\/v2\/comments?post=1119"}],"version-history":[{"count":3,"href":"https:\/\/velosystem.com\/tecnico\/wp-json\/wp\/v2\/pages\/1119\/revisions"}],"predecessor-version":[{"id":1390,"href":"https:\/\/velosystem.com\/tecnico\/wp-json\/wp\/v2\/pages\/1119\/revisions\/1390"}],"wp:attachment":[{"href":"https:\/\/velosystem.com\/tecnico\/wp-json\/wp\/v2\/media?parent=1119"}],"curies":[{"name":"wp","href":"https:\/\/api.w.org\/{rel}","templated":true}]}}