{"id":70,"date":"2017-05-23T12:14:45","date_gmt":"2017-05-23T10:14:45","guid":{"rendered":"https:\/\/velosystem.com\/tecnico\/?page_id=70"},"modified":"2019-02-05T14:42:35","modified_gmt":"2019-02-05T13:42:35","slug":"softvelo","status":"publish","type":"page","link":"https:\/\/velosystem.com\/tecnico\/softvelo\/","title":{"rendered":"SoftVel\u00f2"},"content":{"rendered":"<p><img decoding=\"async\" style=\"height: 45px;margin: 20px auto\" src=\"https:\/\/velosystem.com\/tecnico\/wp-content\/uploads\/sites\/2\/2017\/10\/SoftVelo.png\" \/><\/p>\n<h2 class=\"title-product\">Che cos&#8217;\u00e8<\/h2>\n<p>E\u2019 il primo software per la<strong> gestione delle misure del ciclista e della bicicletta<\/strong> utilizzabile sia dal ciclista che dal tecnico.<\/p>\n<hr \/>\n<h2 class=\"title-product\">A cosa serve?<\/h2>\n<p><strong>Permette di Inserire, Elaborare ed Archiviare le misure del ciclista e della bicicletta<\/strong>. Le elaborazioni sono realizzate attraverso un sistema di calcolo originale e certificato, e diversificate per specialit\u00e0 road, crono, triathlon, mtb e ibride.<\/p>\n<p><strong>Il software in particolare consente:<\/strong><\/p>\n<ol>\n<li>Importare (SizeVel\u00f2) e\/o inserire le <strong>misure corporee del ciclista<\/strong><\/li>\n<li>Elaborare <strong>l\u2019appoggio piede<\/strong> (scarpa-soletta-tacchetta)<\/li>\n<li>Elaborare e gestire <strong>l\u2019appoggio sella<\/strong> ( definizione sella ideale per marca)<\/li>\n<li>Elaborare e gestire <strong>l\u2019appoggio manubrio<\/strong> (definizione manubrio ideale, ricerca manubrio ideale per marca)<\/li>\n<li>Elaborare e gestire le misure di <strong>assetto ideale<\/strong> con possibilit\u00e0 di conversione in coordinate XY (DynaVel\u00f2)<\/li>\n<li>Elaborare e gestire le misure di <strong>telaio ideale<\/strong> con possibilit\u00e0 di ricerca della taglia ideale per marca e modello (circa 150 marchi, \u00b1 15.000 modelli e oltre 65.000 taglie)<\/li>\n<\/ol>\n<p>Inoltre SoftVel\u00f2 attraverso un sistema di e-mail automatiche consente di <strong>richiamare periodicamente il cliente<\/strong> per il controllo delle misure di assetto.<\/p>\n<hr \/>\n<h2 class=\"title-product\">Come funziona<\/h2>\n<p><strong>SoftVel\u00f2 \u00e8 una piattaforma software<\/strong> disponibile in modalit\u00e0 cloud (web) tramite abbonamento, abbinata all\u2019acquisto di strumentazione Vel\u00f2system.<br \/>\nSoftVel\u00f2 accessibile online all\u2019indirizzo <a href=\"https:\/\/www.softvelonline.it\/user\/login.php\" target=\"_blank\" rel=\"noopener noreferrer\">https:\/\/www.softvelonline.it\/user\/login.php<\/a> con account personale \u00e8 disponibile al tecnico in tre versioni:<\/p>\n<ol>\n<li><strong>Support<\/strong> (Gestione degli appoggi facile e profesionale) consente l\u2019elaborazione, l\u2019archiviazione e la gestione dei parametri <strong>ergonomici<\/strong> e <strong>tecnici<\/strong> degli appoggi: Piede-Scarpa-Tacchette , Sella, Manubrio<\/li>\n<li><strong>Sizing<\/strong> (La gestione di appoggi, assetto e telaio ideale per il punto vendita) consente la gestione di <strong>appoggi, assetto e telaio<\/strong> del punto vendita, \u00e8 il Software per l\u2019elaborazione, l\u2019archiviazione e gestione dei parametri biomeccanici di appoggi, assetto e telaio<\/li>\n<li><strong>Pro <\/strong>(La gestione dei servizi di biomeccanica ciclismo ideale per bike fitting professionale) consente l\u2019elaborazione, l\u2019archiviazione e la gestione dei <strong>parametri biomeccanici<\/strong> nonch\u00e9 la ricerca della taglia ideale per marca di telaio e componenti (sella e manubrio) su un database costantemente aggiornato su tutti i prodotti in commercio.<\/li>\n<\/ol>\n<hr \/>\n<h2 class=\"title-product\">A chi \u00e8 rivolto<\/h2>\n<p>SoftVel\u00f2 offre <strong>funzioni di utilit\u00e0<\/strong> a pi\u00f9 livelli<\/p>\n<p><strong style=\"font-size: 18px;color: #e20c18\">TECNICI<\/strong><br \/>\nTecnici impegnati in vari ambiti e a vari livelli :<\/p>\n<ul>\n<li><strong>Ambito Vendita Personalizzata<\/strong> (SoftVel\u00f2 Support \/ Sizing)<br \/>\nTecnico Gestore o Venditore o Meccanico di punto vendita o assistenza.<\/li>\n<li><strong>Ambito Sportivo Agonistico<\/strong> (SoftVel\u00f2 Sizing)<br \/>\nTecnico sportivo o Meccanico di team agonista.<\/li>\n<li><strong>Ambito Sportivo Agonistico, Amatoriale, Rieducativo e Preventivo<\/strong> (SoftVel\u00f2 Pro)<br \/>\nTecnico biomeccanico con competenze di biomeccanica applicata al ciclismo attivo nei servizi di consulenza (laboratorio biomeccanico e\/o bike fitting lab).<\/li>\n<\/ul>\n<p><strong style=\"font-size: 18px;color: #e20c18\">CICLISTI<\/strong><br \/>\nCiclisti praticanti di ogni et\u00e0, sesso e livello. I dati <strong>biomeccanici<\/strong> personali sono sempre disponibili da ogni supporto harware (smartphone, pc, mac, tablet)<\/p>\n<p><strong style=\"font-size: 18px;color: #e20c18\">TEAM<\/strong><br \/>\nTeam Agonistici, Giovanili e Amatoriali che desiderano attuare una <strong>gestione precisa e puntuale<\/strong> delle regolazioni di assetto delle biciclette di ogni atleta comprensivo della gestione delle dimensioni di Telai e Componenti.<br \/>\n<strong>Versione<\/strong>: SoftVe\u00f2_Pro Team<\/p>\n<p><strong style=\"font-size: 18px;color: #e20c18\">AZIENDE<\/strong><br \/>\nAzienda Produttrice e\/o Distributrice di Telai e Componenti.<br \/>\nPossibilit\u00e0 di strutturare un servizio di <strong>misurazione semplice e professionale<\/strong> come affiancamento e promozione della vendita attraverso la gestione e il controllo tecnico e marketing del servizio.<br \/>\n<strong>Versione<\/strong>: SoftVel\u00f2_Company<\/p>\n<hr \/>\n<h2 class=\"title-product\">Caratteristiche Tecniche<\/h2>\n<p>Softvel\u00f2 una piattaforma affidabile e sempre disponibile <strong>accessibile da ogni supporto<\/strong> smatphone, tablet, pc e mac, utilizzabile da Tecnici e clienti Ciclisti tramite apposito login.<br \/>\nSoftVel\u00f2 garantisce all\u2019utilizzatore:<\/p>\n<ul>\n<li>Archiviazione affidabile e conservazione sicura dei dati tramite costanti <strong>backup<\/strong><\/li>\n<li>Aggiornamento costante delle funzioni di elaborazione e degli <strong>algoritmi di calcolo<\/strong><\/li>\n<li>Aggiornamento costante del <strong>database<\/strong> dei prodotti ( telai, selle, manubri)<\/li>\n<li>Servizio di <strong>messaggistica<\/strong> al cliente<\/li>\n<li><strong>Assistenza continua<br \/>\n<\/strong><\/li>\n<\/ul>\n<h3>Versioni disponibili<\/h3>\n<p><strong style=\"font-size: 18px;color: #e20c18\">Softvel\u00f2 _ Support<\/strong><br \/>\n<strong>Software per l\u2019elaborazione, l\u2019archiviazione e gestione<\/strong> dei parametri ergonomici e tecnici degli appoggi: Piede-Scarpa-Tacchette \/ Sella \/ Manubrio.<br \/>\nPiattaforma software ideale per un servizio professionale di regolazione degli appoggi e\/o di affiancamento della vendita e regolazione dei componenti: scarpe, solette, tacchette, sella e manubrio.<\/p>\n<p><strong style=\"font-size: 18px;color: #e20c18\">Softvel\u00f2 _ Basic \/ Sizing<\/strong><br \/>\n<strong> La gestione di appoggi, assetto e telaio <\/strong>del punto vendita.<br \/>\nPiattaforma ideale per il tecnico che desidera offrire un servizio professionale di regolazione degli appoggi, dell\u2019assetto in bici e di individuazione del telaio ideale.<\/p>\n<p><strong style=\"font-size: 18px;color: #e20c18\">Softvel\u00f2 _ Pro<\/strong><br \/>\n<strong>Gestione dei servizi di biomeccanica<\/strong> per ciclismo ideale per bike fitting professionale.<br \/>\nPiattaforma software dedicata al tecnico biomeccanico impegnato nella gestione di un centro o laboratorio biomeccanico ciclismo per servizi professionali di regolazione appoggi, assetto in bici e progettazione telaio ideale.<\/p>\n<p><strong style=\"font-size: 18px;color: #e20c18\">Softvel\u00f2 _ Team<\/strong><br \/>\n<strong>La regolazione dell\u2019Assetto in Bici<\/strong> di ogni atleta sempre disponibile.<br \/>\nPiattaforma software dedicata ai Team Agonistici per la gestione precisa e puntuale delle regolazioni di assetto delle biciclette.<\/p>\n<p><strong style=\"font-size: 18px;color: #e20c18\">Softvel\u00f2 _ Company<\/strong><br \/>\n<strong>Il servizio di misurazione personalizzato<\/strong> per l\u2019Azienda Produttrice o Distributrice di Telai e\/o componenti.<br \/>\nPiattaforma software dedicata alle aziende che desiderano supportare i punti vendita con un proprio sistema personalizzato per il servizio di misurazione e di gestione della vendita di bicicletta e\/o dei componenti.<\/p>\n<hr \/>\n<h2 class=\"title-product\">Vantaggi<\/h2>\n<ul>\n<li>SoftVel\u00f2 consente ad ogni livello di utilizzo (tecnico, ciclista, team, azienda) una elaborazione <strong>affidabile<\/strong> e <strong>precisa<\/strong> dei dati nonch\u00e9 la loro archiviazione ed accesso facile e sicuro.<\/li>\n<\/ul>\n<p>&nbsp;<\/p>\n<div class=\"contenitore-button\"><a class=\"button\" href=\"https:\/\/velosystem.com\/tecnico\/contatti\/\">RICHIEDI INFORMAZIONI<\/a><\/div>\n<p>&nbsp;<\/p>\n","protected":false},"excerpt":{"rendered":"<p>Che cos&#8217;\u00e8 E\u2019 il primo software per la gestione delle misure del ciclista e della bicicletta utilizzabile sia dal ciclista che dal tecnico. A cosa serve? Permette di Inserire, Elaborare ed Archiviare le misure del ciclista e della bicicletta. Le elaborazioni sono realizzate attraverso un sistema di calcolo originale e certificato, e diversificate per specialit\u00e0 road, crono, triathlon, mtb e ibride. Il software in particolare consente: Importare (SizeVel\u00f2) e\/o inserire le misure corporee del ciclista Elaborare l\u2019appoggio piede (scarpa-soletta-tacchetta) Elaborare e gestire l\u2019appoggio sella ( definizione sella ideale per marca) Elaborare e gestire l\u2019appoggio manubrio (definizione manubrio ideale, ricerca manubrio ideale per marca) Elaborare e gestire le misure di assetto ideale con possibilit\u00e0 di conversione in coordinate XY (DynaVel\u00f2) Elaborare e gestire le misure di telaio ideale con possibilit\u00e0 di ricerca della taglia ideale per marca e modello (circa 150 marchi, \u00b1 15.000 modelli e oltre 65.000 taglie) Inoltre SoftVel\u00f2 attraverso un sistema di e-mail automatiche consente di richiamare periodicamente il cliente per il controllo delle misure di assetto. Come funziona SoftVel\u00f2 \u00e8 una piattaforma software disponibile in modalit\u00e0 cloud (web) tramite abbonamento, abbinata all\u2019acquisto di strumentazione Vel\u00f2system. SoftVel\u00f2 accessibile online all\u2019indirizzo https:\/\/www.softvelonline.it\/user\/login.php con account personale \u00e8 disponibile al tecnico [&hellip;]<\/p>\n","protected":false},"author":1,"featured_media":0,"parent":0,"menu_order":1,"comment_status":"closed","ping_status":"closed","template":"","meta":{"footnotes":""},"_links":{"self":[{"href":"https:\/\/velosystem.com\/tecnico\/wp-json\/wp\/v2\/pages\/70"}],"collection":[{"href":"https:\/\/velosystem.com\/tecnico\/wp-json\/wp\/v2\/pages"}],"about":[{"href":"https:\/\/velosystem.com\/tecnico\/wp-json\/wp\/v2\/types\/page"}],"author":[{"embeddable":true,"href":"https:\/\/velosystem.com\/tecnico\/wp-json\/wp\/v2\/users\/1"}],"replies":[{"embeddable":true,"href":"https:\/\/velosystem.com\/tecnico\/wp-json\/wp\/v2\/comments?post=70"}],"version-history":[{"count":24,"href":"https:\/\/velosystem.com\/tecnico\/wp-json\/wp\/v2\/pages\/70\/revisions"}],"predecessor-version":[{"id":1222,"href":"https:\/\/velosystem.com\/tecnico\/wp-json\/wp\/v2\/pages\/70\/revisions\/1222"}],"wp:attachment":[{"href":"https:\/\/velosystem.com\/tecnico\/wp-json\/wp\/v2\/media?parent=70"}],"curies":[{"name":"wp","href":"https:\/\/api.w.org\/{rel}","templated":true}]}}