{"id":702,"date":"2017-10-23T10:56:04","date_gmt":"2017-10-23T08:56:04","guid":{"rendered":"https:\/\/velosystem.com\/tecnico\/?page_id=702"},"modified":"2018-09-28T15:05:02","modified_gmt":"2018-09-28T13:05:02","slug":"ischiovelo_tester","status":"publish","type":"page","link":"https:\/\/velosystem.com\/tecnico\/ischiovelo_tester\/","title":{"rendered":"IschioVel\u00f2_Tester"},"content":{"rendered":"\n\t\t\t<!-- START IschioVel\u00f2_Tester REVOLUTION SLIDER 6.6.20 --><p class=\"rs-p-wp-fix\"><\/p>\n\t\t\t<rs-module-wrap id=\"rev_slider_14_1_wrapper\" data-source=\"gallery\" style=\"visibility:hidden;background:transparent;padding:0;margin:0px auto;margin-top:0;margin-bottom:0;\">\n\t\t\t\t<rs-module id=\"rev_slider_14_1\" class=\" rs-ov-hidden\" style=\"\" data-version=\"6.6.20\">\n\t\t\t\t\t<rs-slides style=\"overflow: hidden; position: absolute;\">\n\t\t\t\t\t\t<rs-slide style=\"position: absolute;\" data-key=\"rs-47\" data-title=\"Slide\" data-anim=\"adpr:false;\">\n\t\t\t\t\t\t\t<img decoding=\"async\" src=\"\/\/velosystem.com\/tecnico\/wp-content\/plugins\/revslider\/public\/assets\/assets\/dummy.png\" alt=\"\" title=\"IschioVel\u00f2_Tester\" class=\"rev-slidebg tp-rs-img rs-lazyload\" data-lazyload=\"\/\/velosystem.com\/tecnico\/wp-content\/uploads\/sites\/2\/2017\/09\/A029_C029_0227BK_001.R3D.11_01_04_13.Still001.jpg\" data-no-retina>\n<!---->\t\t\t\t\t\t<\/rs-slide>\n\t\t\t\t\t<\/rs-slides>\n\t\t\t\t<\/rs-module>\n\t\t\t\t<script>\n\t\t\t\t\tsetREVStartSize({c: 'rev_slider_14_1',rl:[1240,1024,778,480],el:[],gw:[1920],gh:[450],type:'standard',justify:'',layout:'fullwidth',mh:\"0\"});if (window.RS_MODULES!==undefined && window.RS_MODULES.modules!==undefined && window.RS_MODULES.modules[\"revslider141\"]!==undefined) {window.RS_MODULES.modules[\"revslider141\"].once = false;window.revapi14 = undefined;if (window.RS_MODULES.checkMinimal!==undefined) window.RS_MODULES.checkMinimal()}\n\t\t\t\t<\/script>\n\t\t\t<\/rs-module-wrap>\n\t\t\t<!-- END REVOLUTION SLIDER -->\n\n<h2 class=\"title-product\">Che cos&#8217;\u00e8<\/h2>\n<p>IschioVel\u00f2_Tester \u00e8 un particolare <strong>foglio di cartone ondulato<\/strong> utilizzato come tester per la misurazione della <strong>larghezza ischiatica<\/strong> attraverso la rilevazione dell\u2019impronta ischiatica.<\/p>\n<hr \/>\n<h2 class=\"title-product\">Come funziona<\/h2>\n<p>IschioVel\u00f2_Tester viene posizionato nella parte <strong>superiore<\/strong> della postazione Ischiovel\u00f2. Il ciclista si accomoda in seduta sull\u2019ischiovel\u00f2 tester seguendo le istruzioni fornite dal tecnico <strong>Velosystem<\/strong>.<\/p>\n<p>Dopo questa operazione l\u2019ischiovel\u00f2 tester risulta modificato con impressa <strong>l\u2019impronta delle ossa<\/strong> <strong>ischiatiche<\/strong> del ciclista che il tecnico andr\u00e0 a misurare per ottenere <strong>la larghezza della seduta e quindi della sella.<\/strong><\/p>\n<p><img loading=\"lazy\" decoding=\"async\" class=\"alignnone size-full wp-image-434\" style=\"margin: 20px 0px\" src=\"https:\/\/velosystem.com\/tecnico\/wp-content\/uploads\/sites\/2\/2017\/08\/ISCHIOVELO.00_00_47_16.Still007.jpg\" alt=\"\" width=\"1280\" height=\"540\" srcset=\"https:\/\/velosystem.com\/tecnico\/wp-content\/uploads\/sites\/2\/2017\/08\/ISCHIOVELO.00_00_47_16.Still007.jpg 1280w, https:\/\/velosystem.com\/tecnico\/wp-content\/uploads\/sites\/2\/2017\/08\/ISCHIOVELO.00_00_47_16.Still007-300x127.jpg 300w, https:\/\/velosystem.com\/tecnico\/wp-content\/uploads\/sites\/2\/2017\/08\/ISCHIOVELO.00_00_47_16.Still007-768x324.jpg 768w, https:\/\/velosystem.com\/tecnico\/wp-content\/uploads\/sites\/2\/2017\/08\/ISCHIOVELO.00_00_47_16.Still007-1024x432.jpg 1024w\" sizes=\"(max-width: 1280px) 100vw, 1280px\" \/><\/p>\n<h2 class=\"title-product\">Caratteristiche Tecniche<\/h2>\n<p>IschioVel\u00f2_Tester costruito in cartone con specifica ondulatura e densit\u00e0, nonch\u00e8 <strong>serigrafato<\/strong>.<\/p>\n<hr \/>\n<h2 class=\"title-product\">A cosa serve?<\/h2>\n<p>IschioVel\u00f2_Tester \u00e8 utilizzato per la <strong>misurazione della larghezza ischiatica del bacino del ciclista.<\/strong><\/p>\n<p><img loading=\"lazy\" decoding=\"async\" class=\"alignnone size-full wp-image-436\" style=\"margin: 20px 0px\" src=\"https:\/\/velosystem.com\/tecnico\/wp-content\/uploads\/sites\/2\/2017\/08\/ISCHIOVELO.00_01_34_06.Still014.jpg\" alt=\"\" width=\"1280\" height=\"720\" srcset=\"https:\/\/velosystem.com\/tecnico\/wp-content\/uploads\/sites\/2\/2017\/08\/ISCHIOVELO.00_01_34_06.Still014.jpg 1280w, https:\/\/velosystem.com\/tecnico\/wp-content\/uploads\/sites\/2\/2017\/08\/ISCHIOVELO.00_01_34_06.Still014-300x169.jpg 300w, https:\/\/velosystem.com\/tecnico\/wp-content\/uploads\/sites\/2\/2017\/08\/ISCHIOVELO.00_01_34_06.Still014-768x432.jpg 768w, https:\/\/velosystem.com\/tecnico\/wp-content\/uploads\/sites\/2\/2017\/08\/ISCHIOVELO.00_01_34_06.Still014-1024x576.jpg 1024w\" sizes=\"(max-width: 1280px) 100vw, 1280px\" \/><\/p>\n<h2 class=\"title-product\">A chi \u00e8 rivolto<\/h2>\n<p>IschioVel\u00f2_Tester \u00e8 rivolto ai tecnici <strong>biomeccanici<\/strong> o <strong>bike fitter<\/strong> e ai negozianti dotati della postazione <strong>Ischiovel\u00f2<\/strong>.<\/p>\n<hr \/>\n<h2 class=\"title-product\">Vantaggi<\/h2>\n<p>IschioVel\u00f2_Tester consente una misurazione <strong>semplice<\/strong> e <strong>precisa<\/strong> della larghezza ischiatica del <strong>bacino<\/strong> del ciclista.<\/p>\n<div class='row'><div style='padding-bottom:;' class='span12 first-module module_number_1 module_cont  module_gallery'><div class='list-of-images images_in_a_row_4'>\n                        <div class=\"gallery_item\">\n\t\t\t\t\t\t\t<div class=\"gallery_item_padding\">\n\t\t\t\t\t\t\t\t<div class=\"gallery_item_wrapper\"><a href=\"https:\/\/velosystem.com\/tecnico\/wp-content\/uploads\/sites\/2\/2017\/08\/ISCHIOVELO.00_00_47_16.Still007.jpg\" class=\"swipebox\" title=\"\"><\/a><img loading=\"lazy\" decoding=\"async\" class=\"gallery-stand-img\" src=\"https:\/\/velosystem.com\/tecnico\/wp-content\/uploads\/sites\/2\/2017\/08\/ISCHIOVELO.00_00_47_16.Still007-570x368.jpg\" alt=\"\" width=\"570\" height=\"368\">\n\t\t\t\t\t\t\t\t\t<div class=\"gallery_fadder\"><\/div>\n\t\t\t\t\t\t\t\t\t<span class=\"featured_items_ico\"><\/span>\n\t\t\t\t\t\t\t\t<\/div>\n\t\t\t\t\t\t\t<\/div>\n                        <\/div>\n                        \n                        <div class=\"gallery_item\">\n\t\t\t\t\t\t\t<div class=\"gallery_item_padding\">\n\t\t\t\t\t\t\t\t<div class=\"gallery_item_wrapper\"><a href=\"https:\/\/velosystem.com\/tecnico\/wp-content\/uploads\/sites\/2\/2017\/08\/A029_C029_0227BK_001.R3D.11_01_04_13.Still001.jpg\" class=\"swipebox\" title=\"\"><\/a><img loading=\"lazy\" decoding=\"async\" class=\"gallery-stand-img\" src=\"https:\/\/velosystem.com\/tecnico\/wp-content\/uploads\/sites\/2\/2017\/08\/A029_C029_0227BK_001.R3D.11_01_04_13.Still001-570x368.jpg\" alt=\"\" width=\"570\" height=\"368\">\n\t\t\t\t\t\t\t\t\t<div class=\"gallery_fadder\"><\/div>\n\t\t\t\t\t\t\t\t\t<span class=\"featured_items_ico\"><\/span>\n\t\t\t\t\t\t\t\t<\/div>\n\t\t\t\t\t\t\t<\/div>\n                        <\/div>\n                        \n                        <div class=\"gallery_item\">\n\t\t\t\t\t\t\t<div class=\"gallery_item_padding\">\n\t\t\t\t\t\t\t\t<div class=\"gallery_item_wrapper\"><a href=\"https:\/\/velosystem.com\/tecnico\/wp-content\/uploads\/sites\/2\/2017\/08\/A029_C014_0227CG_001.R3D.10_37_57_24.Still001.jpg\" class=\"swipebox\" title=\"\"><\/a><img loading=\"lazy\" decoding=\"async\" class=\"gallery-stand-img\" src=\"https:\/\/velosystem.com\/tecnico\/wp-content\/uploads\/sites\/2\/2017\/08\/A029_C014_0227CG_001.R3D.10_37_57_24.Still001-570x368.jpg\" alt=\"\" width=\"570\" height=\"368\">\n\t\t\t\t\t\t\t\t\t<div class=\"gallery_fadder\"><\/div>\n\t\t\t\t\t\t\t\t\t<span class=\"featured_items_ico\"><\/span>\n\t\t\t\t\t\t\t\t<\/div>\n\t\t\t\t\t\t\t<\/div>\n                        <\/div>\n                        \n                        <div class=\"gallery_item\">\n\t\t\t\t\t\t\t<div class=\"gallery_item_padding\">\n\t\t\t\t\t\t\t\t<div class=\"gallery_item_wrapper\"><a href=\"https:\/\/velosystem.com\/tecnico\/wp-content\/uploads\/sites\/2\/2017\/08\/ISCHIOVELO.00_01_34_06.Still014.jpg\" class=\"swipebox\" title=\"\"><\/a><img loading=\"lazy\" decoding=\"async\" class=\"gallery-stand-img\" src=\"https:\/\/velosystem.com\/tecnico\/wp-content\/uploads\/sites\/2\/2017\/08\/ISCHIOVELO.00_01_34_06.Still014-570x368.jpg\" alt=\"\" width=\"570\" height=\"368\">\n\t\t\t\t\t\t\t\t\t<div class=\"gallery_fadder\"><\/div>\n\t\t\t\t\t\t\t\t\t<span class=\"featured_items_ico\"><\/span>\n\t\t\t\t\t\t\t\t<\/div>\n\t\t\t\t\t\t\t<\/div>\n                        <\/div>\n                        \n            <div class='clear'><\/div>\n            <\/div>\n            <\/div><!-- .module_cont --><\/div>","protected":false},"excerpt":{"rendered":"<p>Che cos&#8217;\u00e8 IschioVel\u00f2_Tester \u00e8 un particolare foglio di cartone ondulato utilizzato come tester per la misurazione della larghezza ischiatica attraverso la rilevazione dell\u2019impronta ischiatica. Come funziona IschioVel\u00f2_Tester viene posizionato nella parte superiore della postazione Ischiovel\u00f2. Il ciclista si accomoda in seduta sull\u2019ischiovel\u00f2 tester seguendo le istruzioni fornite dal tecnico Velosystem. Dopo questa operazione l\u2019ischiovel\u00f2 tester risulta modificato con impressa l\u2019impronta delle ossa ischiatiche del ciclista che il tecnico andr\u00e0 a misurare per ottenere la larghezza della seduta e quindi della sella. Caratteristiche Tecniche IschioVel\u00f2_Tester costruito in cartone con specifica ondulatura e densit\u00e0, nonch\u00e8 serigrafato. A cosa serve? IschioVel\u00f2_Tester \u00e8 utilizzato per la misurazione della larghezza ischiatica del bacino del ciclista. A chi \u00e8 rivolto IschioVel\u00f2_Tester \u00e8 rivolto ai tecnici biomeccanici o bike fitter e ai negozianti dotati della postazione Ischiovel\u00f2. Vantaggi IschioVel\u00f2_Tester consente una misurazione semplice e precisa della larghezza ischiatica del bacino del ciclista.<\/p>\n","protected":false},"author":1,"featured_media":0,"parent":0,"menu_order":0,"comment_status":"closed","ping_status":"closed","template":"","meta":{"footnotes":""},"_links":{"self":[{"href":"https:\/\/velosystem.com\/tecnico\/wp-json\/wp\/v2\/pages\/702"}],"collection":[{"href":"https:\/\/velosystem.com\/tecnico\/wp-json\/wp\/v2\/pages"}],"about":[{"href":"https:\/\/velosystem.com\/tecnico\/wp-json\/wp\/v2\/types\/page"}],"author":[{"embeddable":true,"href":"https:\/\/velosystem.com\/tecnico\/wp-json\/wp\/v2\/users\/1"}],"replies":[{"embeddable":true,"href":"https:\/\/velosystem.com\/tecnico\/wp-json\/wp\/v2\/comments?post=702"}],"version-history":[{"count":6,"href":"https:\/\/velosystem.com\/tecnico\/wp-json\/wp\/v2\/pages\/702\/revisions"}],"predecessor-version":[{"id":852,"href":"https:\/\/velosystem.com\/tecnico\/wp-json\/wp\/v2\/pages\/702\/revisions\/852"}],"wp:attachment":[{"href":"https:\/\/velosystem.com\/tecnico\/wp-json\/wp\/v2\/media?parent=702"}],"curies":[{"name":"wp","href":"https:\/\/api.w.org\/{rel}","templated":true}]}}