{"id":85,"date":"2017-05-23T12:18:08","date_gmt":"2017-05-23T10:18:08","guid":{"rendered":"https:\/\/velosystem.com\/tecnico\/?page_id=85"},"modified":"2019-05-06T17:31:50","modified_gmt":"2019-05-06T15:31:50","slug":"measurevelo","status":"publish","type":"page","link":"https:\/\/velosystem.com\/tecnico\/measurevelo\/","title":{"rendered":"MeasureVel\u00f2"},"content":{"rendered":"\n\t\t\t<!-- START MeasureVel\u00f2 REVOLUTION SLIDER 6.6.20 --><p class=\"rs-p-wp-fix\"><\/p>\n\t\t\t<rs-module-wrap id=\"rev_slider_10_1_wrapper\" data-source=\"gallery\" style=\"visibility:hidden;background:transparent;padding:0;margin:0px auto;margin-top:0;margin-bottom:0;\">\n\t\t\t\t<rs-module id=\"rev_slider_10_1\" class=\" rs-ov-hidden\" style=\"\" data-version=\"6.6.20\">\n\t\t\t\t\t<rs-slides style=\"overflow: hidden; position: absolute;\">\n\t\t\t\t\t\t<rs-slide style=\"position: absolute;\" data-key=\"rs-35\" data-title=\"Slide\" data-anim=\"adpr:false;\">\n\t\t\t\t\t\t\t<img decoding=\"async\" src=\"\/\/velosystem.com\/tecnico\/wp-content\/plugins\/revslider\/public\/assets\/assets\/dummy.png\" alt=\"\" title=\"MeasureVel\u00f2\" class=\"rev-slidebg tp-rs-img rs-lazyload\" data-lazyload=\"\/\/velosystem.com\/tecnico\/wp-content\/uploads\/sites\/2\/2017\/09\/0015.jpg\" data-no-retina>\n<!---->\t\t\t\t\t\t<\/rs-slide>\n\t\t\t\t\t\t<rs-slide style=\"position: absolute;\" data-key=\"rs-36\" data-title=\"Slide\" data-anim=\"adpr:false;\">\n\t\t\t\t\t\t\t<img decoding=\"async\" src=\"\/\/velosystem.com\/tecnico\/wp-content\/plugins\/revslider\/public\/assets\/assets\/dummy.png\" alt=\"\" title=\"MeasureVel\u00f2\" class=\"rev-slidebg tp-rs-img rs-lazyload\" data-lazyload=\"\/\/velosystem.com\/tecnico\/wp-content\/uploads\/sites\/2\/2017\/09\/0023.jpg\" data-no-retina>\n<!---->\t\t\t\t\t\t<\/rs-slide>\n\t\t\t\t\t<\/rs-slides>\n\t\t\t\t<\/rs-module>\n\t\t\t\t<script>\n\t\t\t\t\tsetREVStartSize({c: 'rev_slider_10_1',rl:[1240,1024,778,480],el:[],gw:[1920],gh:[450],type:'standard',justify:'',layout:'fullwidth',mh:\"0\"});if (window.RS_MODULES!==undefined && window.RS_MODULES.modules!==undefined && window.RS_MODULES.modules[\"revslider101\"]!==undefined) {window.RS_MODULES.modules[\"revslider101\"].once = false;window.revapi10 = undefined;if (window.RS_MODULES.checkMinimal!==undefined) window.RS_MODULES.checkMinimal()}\n\t\t\t\t<\/script>\n\t\t\t<\/rs-module-wrap>\n\t\t\t<!-- END REVOLUTION SLIDER -->\n\n<img decoding=\"async\" style=\"height: 45px;margin: 20px auto\" src=\"https:\/\/velosystem.com\/tecnico\/wp-content\/uploads\/sites\/2\/2017\/10\/MeasureVelo.png\" \/><\/p>\n<h2 class=\"title-product\">Che cos&#8217;\u00e8<\/h2>\n<p>MeasureVel\u00f2 \u00e8 un <strong>calibro di misurazione biomeccanica<\/strong> per il ciclismo.<\/p>\n<hr \/>\n<h2 class=\"title-product\">A cosa serve?<\/h2>\n<p>MeasureVel\u00f2 permette la misurazione rapida e precisa dei <strong>segmenti<\/strong> <strong>corporei<\/strong> del ciclista e dei <strong>parametri<\/strong> di <strong>assetto<\/strong> della bicicletta.<\/p>\n<div class=\"video\"><iframe loading=\"lazy\" style=\"margin-top: 20px !important;\" src=\"https:\/\/player.vimeo.com\/video\/231863716\" width=\"100%\" height=\"450\" frameborder=\"0\" allowfullscreen=\"allowfullscreen\"><\/iframe><\/div>\n<h2 class=\"title-product\">Come funziona<\/h2>\n<p>MeasureVel\u00f2 attraverso il suo sistema asta <strong>telescopica<\/strong> e di <strong>puntali<\/strong> intercambiabili permette di effettuare misure sia antropometriche che ciclo metriche.<\/p>\n<p>In funzione dei puntali utilizzati e del loro orientamento, la lettura della misura effettuata,<strong> avviene su uno dei due lati millimetrati A e B.<\/strong><\/p>\n<hr \/>\n<h2 class=\"title-product\">A chi \u00e8 rivolto<\/h2>\n<p>MeasureVel\u00f2 \u00e8 rivolto ai meccanici che operano all\u2019interno di negozi, al servizio di squadre ciclistiche, ai tecnici biomeccanici e bikefitter.<br \/>\n<img loading=\"lazy\" decoding=\"async\" class=\"alignnone size-full wp-image-312\" style=\"margin: 20px 0px\" src=\"https:\/\/velosystem.com\/tecnico\/wp-content\/uploads\/sites\/2\/2017\/05\/0027.jpg\" alt=\"\" width=\"1280\" height=\"540\" srcset=\"https:\/\/velosystem.com\/tecnico\/wp-content\/uploads\/sites\/2\/2017\/05\/0027.jpg 1280w, https:\/\/velosystem.com\/tecnico\/wp-content\/uploads\/sites\/2\/2017\/05\/0027-300x127.jpg 300w, https:\/\/velosystem.com\/tecnico\/wp-content\/uploads\/sites\/2\/2017\/05\/0027-768x324.jpg 768w, https:\/\/velosystem.com\/tecnico\/wp-content\/uploads\/sites\/2\/2017\/05\/0027-1024x432.jpg 1024w\" sizes=\"(max-width: 1280px) 100vw, 1280px\" \/><\/p>\n<h2 class=\"title-product\">Caratteristiche Tecniche<\/h2>\n<p>Il calibro di misurazione biomeccanica MeasureVel\u00f2 si compone di un<strong> asta telescopica<\/strong> il cui elemento fisso \u00e8 dotato di scale millimetrate su due lati A e B; il secondo elemento funge da cursore e contiene le <strong>finestre di lettura<\/strong> delle misure. Entrambi gli elementi sono dati di appositi <strong>innesti<\/strong> per i puntali specifici per la misura della bicicletta o del ciclista.<\/p>\n<p>MeasureVel\u00f2 si completa con una serie di accessori cos\u00ec composta:<\/p>\n<ul>\n<li>N. 5 <strong>Puntali<\/strong> di cui:\n<ul>\n<li>1 puntale 0 (zero)<\/li>\n<li>1 innesto movimento centrale<\/li>\n<li>1 puntale Fine<\/li>\n<li>1 Puntale Centro<\/li>\n<li>1 Puntale Centro Corto<\/li>\n<\/ul>\n<\/li>\n<li><strong>SZS<\/strong>: Strumento per la definizione del punto zero della sella<\/li>\n<li><strong>Livella<\/strong><\/li>\n<li>Filo <strong>Piombo<br \/>\n<\/strong><\/li>\n<\/ul>\n<hr \/>\n<h2 class=\"title-product\">Vantaggi<\/h2>\n<ul>\n<li>Misurazione facile rapida e precisa.<\/li>\n<\/ul>\n<p>&nbsp;<\/p>\n<div class=\"contenitore-button\"><a class=\"button\" href=\"https:\/\/velosystem.com\/tecnico\/contatti\/\">RICHIEDI INFORMAZIONI<\/a><\/div>\n<p>&nbsp;<\/p>\n<div class='row'><div style='padding-bottom:;' class='span12 first-module module_number_1 module_cont  module_gallery'><div class='list-of-images images_in_a_row_4'>\n                        <div class=\"gallery_item\">\n\t\t\t\t\t\t\t<div class=\"gallery_item_padding\">\n\t\t\t\t\t\t\t\t<div class=\"gallery_item_wrapper\"><a href=\"https:\/\/velosystem.com\/tecnico\/wp-content\/uploads\/sites\/2\/2017\/08\/0015.jpg\" class=\"swipebox\" title=\"\"><\/a><img loading=\"lazy\" decoding=\"async\" class=\"gallery-stand-img\" src=\"https:\/\/velosystem.com\/tecnico\/wp-content\/uploads\/sites\/2\/2017\/08\/0015-570x368.jpg\" alt=\"\" width=\"570\" height=\"368\">\n\t\t\t\t\t\t\t\t\t<div class=\"gallery_fadder\"><\/div>\n\t\t\t\t\t\t\t\t\t<span class=\"featured_items_ico\"><\/span>\n\t\t\t\t\t\t\t\t<\/div>\n\t\t\t\t\t\t\t<\/div>\n                        <\/div>\n                        \n                        <div class=\"gallery_item\">\n\t\t\t\t\t\t\t<div class=\"gallery_item_padding\">\n\t\t\t\t\t\t\t\t<div class=\"gallery_item_wrapper\"><a href=\"https:\/\/velosystem.com\/tecnico\/wp-content\/uploads\/sites\/2\/2017\/08\/0020-1.jpg\" class=\"swipebox\" title=\"\"><\/a><img loading=\"lazy\" decoding=\"async\" class=\"gallery-stand-img\" src=\"https:\/\/velosystem.com\/tecnico\/wp-content\/uploads\/sites\/2\/2017\/08\/0020-1-570x368.jpg\" alt=\"\" width=\"570\" height=\"368\">\n\t\t\t\t\t\t\t\t\t<div class=\"gallery_fadder\"><\/div>\n\t\t\t\t\t\t\t\t\t<span class=\"featured_items_ico\"><\/span>\n\t\t\t\t\t\t\t\t<\/div>\n\t\t\t\t\t\t\t<\/div>\n                        <\/div>\n                        \n                        <div class=\"gallery_item\">\n\t\t\t\t\t\t\t<div class=\"gallery_item_padding\">\n\t\t\t\t\t\t\t\t<div class=\"gallery_item_wrapper\"><a href=\"https:\/\/velosystem.com\/tecnico\/wp-content\/uploads\/sites\/2\/2017\/08\/0023.jpg\" class=\"swipebox\" title=\"\"><\/a><img loading=\"lazy\" decoding=\"async\" class=\"gallery-stand-img\" src=\"https:\/\/velosystem.com\/tecnico\/wp-content\/uploads\/sites\/2\/2017\/08\/0023-570x368.jpg\" alt=\"\" width=\"570\" height=\"368\">\n\t\t\t\t\t\t\t\t\t<div class=\"gallery_fadder\"><\/div>\n\t\t\t\t\t\t\t\t\t<span class=\"featured_items_ico\"><\/span>\n\t\t\t\t\t\t\t\t<\/div>\n\t\t\t\t\t\t\t<\/div>\n                        <\/div>\n                        \n                        <div class=\"gallery_item\">\n\t\t\t\t\t\t\t<div class=\"gallery_item_padding\">\n\t\t\t\t\t\t\t\t<div class=\"gallery_item_wrapper\"><a href=\"https:\/\/velosystem.com\/tecnico\/wp-content\/uploads\/sites\/2\/2017\/08\/0024.jpg\" class=\"swipebox\" title=\"\"><\/a><img loading=\"lazy\" decoding=\"async\" class=\"gallery-stand-img\" src=\"https:\/\/velosystem.com\/tecnico\/wp-content\/uploads\/sites\/2\/2017\/08\/0024-570x368.jpg\" alt=\"\" width=\"570\" height=\"368\">\n\t\t\t\t\t\t\t\t\t<div class=\"gallery_fadder\"><\/div>\n\t\t\t\t\t\t\t\t\t<span class=\"featured_items_ico\"><\/span>\n\t\t\t\t\t\t\t\t<\/div>\n\t\t\t\t\t\t\t<\/div>\n                        <\/div>\n                        \n                        <div class=\"gallery_item\">\n\t\t\t\t\t\t\t<div class=\"gallery_item_padding\">\n\t\t\t\t\t\t\t\t<div class=\"gallery_item_wrapper\"><a href=\"https:\/\/velosystem.com\/tecnico\/wp-content\/uploads\/sites\/2\/2017\/08\/0027-1.jpg\" class=\"swipebox\" title=\"\"><\/a><img loading=\"lazy\" decoding=\"async\" class=\"gallery-stand-img\" src=\"https:\/\/velosystem.com\/tecnico\/wp-content\/uploads\/sites\/2\/2017\/08\/0027-1-570x368.jpg\" alt=\"\" width=\"570\" height=\"368\">\n\t\t\t\t\t\t\t\t\t<div class=\"gallery_fadder\"><\/div>\n\t\t\t\t\t\t\t\t\t<span class=\"featured_items_ico\"><\/span>\n\t\t\t\t\t\t\t\t<\/div>\n\t\t\t\t\t\t\t<\/div>\n                        <\/div>\n                        \n                        <div class=\"gallery_item\">\n\t\t\t\t\t\t\t<div class=\"gallery_item_padding\">\n\t\t\t\t\t\t\t\t<div class=\"gallery_item_wrapper\"><a href=\"https:\/\/velosystem.com\/tecnico\/wp-content\/uploads\/sites\/2\/2017\/08\/0030.jpg\" class=\"swipebox\" title=\"\"><\/a><img loading=\"lazy\" decoding=\"async\" class=\"gallery-stand-img\" src=\"https:\/\/velosystem.com\/tecnico\/wp-content\/uploads\/sites\/2\/2017\/08\/0030-570x368.jpg\" alt=\"\" width=\"570\" height=\"368\">\n\t\t\t\t\t\t\t\t\t<div class=\"gallery_fadder\"><\/div>\n\t\t\t\t\t\t\t\t\t<span class=\"featured_items_ico\"><\/span>\n\t\t\t\t\t\t\t\t<\/div>\n\t\t\t\t\t\t\t<\/div>\n                        <\/div>\n                        \n                        <div class=\"gallery_item\">\n\t\t\t\t\t\t\t<div class=\"gallery_item_padding\">\n\t\t\t\t\t\t\t\t<div class=\"gallery_item_wrapper\"><a href=\"https:\/\/velosystem.com\/tecnico\/wp-content\/uploads\/sites\/2\/2017\/08\/0030jpg.jpg\" class=\"swipebox\" title=\"\"><\/a><img loading=\"lazy\" decoding=\"async\" class=\"gallery-stand-img\" src=\"https:\/\/velosystem.com\/tecnico\/wp-content\/uploads\/sites\/2\/2017\/08\/0030jpg-570x368.jpg\" alt=\"\" width=\"570\" height=\"368\">\n\t\t\t\t\t\t\t\t\t<div class=\"gallery_fadder\"><\/div>\n\t\t\t\t\t\t\t\t\t<span class=\"featured_items_ico\"><\/span>\n\t\t\t\t\t\t\t\t<\/div>\n\t\t\t\t\t\t\t<\/div>\n                        <\/div>\n                        \n                        <div class=\"gallery_item\">\n\t\t\t\t\t\t\t<div class=\"gallery_item_padding\">\n\t\t\t\t\t\t\t\t<div class=\"gallery_item_wrapper\"><a href=\"https:\/\/velosystem.com\/tecnico\/wp-content\/uploads\/sites\/2\/2017\/08\/0035.jpg\" class=\"swipebox\" title=\"\"><\/a><img loading=\"lazy\" decoding=\"async\" class=\"gallery-stand-img\" src=\"https:\/\/velosystem.com\/tecnico\/wp-content\/uploads\/sites\/2\/2017\/08\/0035-570x368.jpg\" alt=\"\" width=\"570\" height=\"368\">\n\t\t\t\t\t\t\t\t\t<div class=\"gallery_fadder\"><\/div>\n\t\t\t\t\t\t\t\t\t<span class=\"featured_items_ico\"><\/span>\n\t\t\t\t\t\t\t\t<\/div>\n\t\t\t\t\t\t\t<\/div>\n                        <\/div>\n                        \n                        <div class=\"gallery_item\">\n\t\t\t\t\t\t\t<div class=\"gallery_item_padding\">\n\t\t\t\t\t\t\t\t<div class=\"gallery_item_wrapper\"><a href=\"https:\/\/velosystem.com\/tecnico\/wp-content\/uploads\/sites\/2\/2017\/08\/0036.jpg\" class=\"swipebox\" title=\"\"><\/a><img loading=\"lazy\" decoding=\"async\" class=\"gallery-stand-img\" src=\"https:\/\/velosystem.com\/tecnico\/wp-content\/uploads\/sites\/2\/2017\/08\/0036-570x368.jpg\" alt=\"\" width=\"570\" height=\"368\">\n\t\t\t\t\t\t\t\t\t<div class=\"gallery_fadder\"><\/div>\n\t\t\t\t\t\t\t\t\t<span class=\"featured_items_ico\"><\/span>\n\t\t\t\t\t\t\t\t<\/div>\n\t\t\t\t\t\t\t<\/div>\n                        <\/div>\n                        \n                        <div class=\"gallery_item\">\n\t\t\t\t\t\t\t<div class=\"gallery_item_padding\">\n\t\t\t\t\t\t\t\t<div class=\"gallery_item_wrapper\"><a href=\"https:\/\/velosystem.com\/tecnico\/wp-content\/uploads\/sites\/2\/2017\/08\/0039.jpg\" class=\"swipebox\" title=\"\"><\/a><img loading=\"lazy\" decoding=\"async\" class=\"gallery-stand-img\" src=\"https:\/\/velosystem.com\/tecnico\/wp-content\/uploads\/sites\/2\/2017\/08\/0039-570x368.jpg\" alt=\"\" width=\"570\" height=\"368\">\n\t\t\t\t\t\t\t\t\t<div class=\"gallery_fadder\"><\/div>\n\t\t\t\t\t\t\t\t\t<span class=\"featured_items_ico\"><\/span>\n\t\t\t\t\t\t\t\t<\/div>\n\t\t\t\t\t\t\t<\/div>\n                        <\/div>\n                        \n                        <div class=\"gallery_item\">\n\t\t\t\t\t\t\t<div class=\"gallery_item_padding\">\n\t\t\t\t\t\t\t\t<div class=\"gallery_item_wrapper\"><a href=\"https:\/\/velosystem.com\/tecnico\/wp-content\/uploads\/sites\/2\/2017\/08\/0044-1.jpg\" class=\"swipebox\" title=\"\"><\/a><img loading=\"lazy\" decoding=\"async\" class=\"gallery-stand-img\" src=\"https:\/\/velosystem.com\/tecnico\/wp-content\/uploads\/sites\/2\/2017\/08\/0044-1-570x368.jpg\" alt=\"\" width=\"570\" height=\"368\">\n\t\t\t\t\t\t\t\t\t<div class=\"gallery_fadder\"><\/div>\n\t\t\t\t\t\t\t\t\t<span class=\"featured_items_ico\"><\/span>\n\t\t\t\t\t\t\t\t<\/div>\n\t\t\t\t\t\t\t<\/div>\n                        <\/div>\n                        \n                        <div class=\"gallery_item\">\n\t\t\t\t\t\t\t<div class=\"gallery_item_padding\">\n\t\t\t\t\t\t\t\t<div class=\"gallery_item_wrapper\"><a href=\"https:\/\/velosystem.com\/tecnico\/wp-content\/uploads\/sites\/2\/2017\/08\/0045.jpg\" class=\"swipebox\" title=\"\"><\/a><img loading=\"lazy\" decoding=\"async\" class=\"gallery-stand-img\" src=\"https:\/\/velosystem.com\/tecnico\/wp-content\/uploads\/sites\/2\/2017\/08\/0045-570x368.jpg\" alt=\"\" width=\"570\" height=\"368\">\n\t\t\t\t\t\t\t\t\t<div class=\"gallery_fadder\"><\/div>\n\t\t\t\t\t\t\t\t\t<span class=\"featured_items_ico\"><\/span>\n\t\t\t\t\t\t\t\t<\/div>\n\t\t\t\t\t\t\t<\/div>\n                        <\/div>\n                        \n            <div class='clear'><\/div>\n            <\/div>\n            <\/div><!-- .module_cont --><\/div>","protected":false},"excerpt":{"rendered":"<p>Che cos&#8217;\u00e8 MeasureVel\u00f2 \u00e8 un calibro di misurazione biomeccanica per il ciclismo. A cosa serve? MeasureVel\u00f2 permette la misurazione rapida e precisa dei segmenti corporei del ciclista e dei parametri di assetto della bicicletta. Come funziona MeasureVel\u00f2 attraverso il suo sistema asta telescopica e di puntali intercambiabili permette di effettuare misure sia antropometriche che ciclo metriche. In funzione dei puntali utilizzati e del loro orientamento, la lettura della misura effettuata, avviene su uno dei due lati millimetrati A e B. A chi \u00e8 rivolto MeasureVel\u00f2 \u00e8 rivolto ai meccanici che operano all\u2019interno di negozi, al servizio di squadre ciclistiche, ai tecnici biomeccanici e bikefitter. Caratteristiche Tecniche Il calibro di misurazione biomeccanica MeasureVel\u00f2 si compone di un asta telescopica il cui elemento fisso \u00e8 dotato di scale millimetrate su due lati A e B; il secondo elemento funge da cursore e contiene le finestre di lettura delle misure. Entrambi gli elementi sono dati di appositi innesti per i puntali specifici per la misura della bicicletta o del ciclista. MeasureVel\u00f2 si completa con una serie di accessori cos\u00ec composta: N. 5 Puntali di cui: 1 puntale 0 (zero) 1 innesto movimento centrale 1 puntale Fine 1 Puntale Centro 1 Puntale Centro Corto [&hellip;]<\/p>\n","protected":false},"author":1,"featured_media":0,"parent":0,"menu_order":8,"comment_status":"closed","ping_status":"closed","template":"","meta":{"footnotes":""},"_links":{"self":[{"href":"https:\/\/velosystem.com\/tecnico\/wp-json\/wp\/v2\/pages\/85"}],"collection":[{"href":"https:\/\/velosystem.com\/tecnico\/wp-json\/wp\/v2\/pages"}],"about":[{"href":"https:\/\/velosystem.com\/tecnico\/wp-json\/wp\/v2\/types\/page"}],"author":[{"embeddable":true,"href":"https:\/\/velosystem.com\/tecnico\/wp-json\/wp\/v2\/users\/1"}],"replies":[{"embeddable":true,"href":"https:\/\/velosystem.com\/tecnico\/wp-json\/wp\/v2\/comments?post=85"}],"version-history":[{"count":13,"href":"https:\/\/velosystem.com\/tecnico\/wp-json\/wp\/v2\/pages\/85\/revisions"}],"predecessor-version":[{"id":379,"href":"https:\/\/velosystem.com\/tecnico\/wp-json\/wp\/v2\/pages\/85\/revisions\/379"}],"wp:attachment":[{"href":"https:\/\/velosystem.com\/tecnico\/wp-json\/wp\/v2\/media?parent=85"}],"curies":[{"name":"wp","href":"https:\/\/api.w.org\/{rel}","templated":true}]}}